{"id":3098,"date":"2023-11-06T13:11:12","date_gmt":"2023-11-06T13:11:12","guid":{"rendered":"https:\/\/oceangrants.org.uk\/?page_id=3098"},"modified":"2026-02-16T10:55:16","modified_gmt":"2026-02-16T10:55:16","slug":"pagina-de-inicio","status":"publish","type":"page","link":"https:\/\/oceangrants.org.uk\/es\/","title":{"rendered":"P\u00e1gina de inicio"},"content":{"rendered":"\t\t<div data-elementor-type=\"wp-page\" data-elementor-id=\"3098\" class=\"elementor elementor-3098 elementor-6\" data-elementor-post-type=\"page\">\n\t\t\t\t<div data-particle_enable=\"false\" data-particle-mobile-disabled=\"false\" class=\"elementor-element elementor-element-693549be e-flex e-con-boxed e-con e-parent\" data-id=\"693549be\" data-element_type=\"container\" data-settings=\"{&quot;background_background&quot;:&quot;classic&quot;,&quot;shape_divider_bottom&quot;:&quot;curve&quot;}\">\n\t\t\t\t\t<div class=\"e-con-inner\">\n\t\t\t\t<div class=\"elementor-shape elementor-shape-bottom\" aria-hidden=\"true\" data-negative=\"false\">\n\t\t\t<svg xmlns=\"http:\/\/www.w3.org\/2000\/svg\" viewBox=\"0 0 1000 100\" preserveAspectRatio=\"none\">\n    <path class=\"elementor-shape-fill\" d=\"M1000,4.3V0H0v4.3C0.9,23.1,126.7,99.2,500,100S1000,22.7,1000,4.3z\"\/>\n<\/svg>\t\t<\/div>\n\t\t\t\t<div class=\"elementor-element elementor-element-6f0ab5a8 elementor-widget__width-initial elementor-widget elementor-widget-heading\" data-id=\"6f0ab5a8\" data-element_type=\"widget\" data-widget_type=\"heading.default\">\n\t\t\t\t<div class=\"elementor-widget-container\">\n\t\t\t\t\t<h1 class=\"elementor-heading-title elementor-size-default\">Empoderar a las comunidades y<span> transformar el oc\u00e9ano.<\/span><\/h1>\t\t\t\t<\/div>\n\t\t\t\t<\/div>\n\t\t\t\t<div class=\"elementor-element elementor-element-369af7ec elementor-widget elementor-widget-button\" data-id=\"369af7ec\" data-element_type=\"widget\" data-widget_type=\"button.default\">\n\t\t\t\t<div class=\"elementor-widget-container\">\n\t\t\t\t\t\t\t\t\t<div class=\"elementor-button-wrapper\">\n\t\t\t\t\t<a class=\"elementor-button elementor-button-link elementor-size-sm\" href=\"https:\/\/oceangrants.org.uk\/es\/sobre-nosotros\/\">\n\t\t\t\t\t\t<span class=\"elementor-button-content-wrapper\">\n\t\t\t\t\t\t\t\t\t<span class=\"elementor-button-text\">Conozca m\u00e1s<\/span>\n\t\t\t\t\t<\/span>\n\t\t\t\t\t<\/a>\n\t\t\t\t<\/div>\n\t\t\t\t\t\t\t\t<\/div>\n\t\t\t\t<\/div>\n\t\t\t\t\t<\/div>\n\t\t\t\t<\/div>\n\t\t<div data-particle_enable=\"false\" data-particle-mobile-disabled=\"false\" class=\"elementor-element elementor-element-51b32532 e-flex e-con-boxed e-con e-parent\" data-id=\"51b32532\" data-element_type=\"container\">\n\t\t\t\t\t<div class=\"e-con-inner\">\n\t\t\t\t<div class=\"elementor-element elementor-element-5399fa42 elementor-widget__width-initial custom-play-icon elementor-widget elementor-widget-video\" data-id=\"5399fa42\" data-element_type=\"widget\" data-widget_type=\"video.default\">\n\t\t\t\t<div class=\"elementor-widget-container\">\n\t\t\t\t\t\t\t<div class=\"elementor-wrapper elementor-open-inline\">\n\t\t\t<div class=\"elementor-video\"><div class=\"BorlabsCookie _brlbs-cb-youtube\"><div class=\"_brlbs-content-blocker\"> <div class=\"_brlbs-embed _brlbs-video-youtube\"> <img decoding=\"async\" class=\"_brlbs-thumbnail lazyload\" data-src=\"https:\/\/oceangrants.org.uk\/app\/uploads\/2023\/11\/Group-4456-e1701249834760.jpg\" alt=\"YouTube\" src=\"data:image\/svg+xml;base64,PHN2ZyB3aWR0aD0iMSIgaGVpZ2h0PSIxIiB4bWxucz0iaHR0cDovL3d3dy53My5vcmcvMjAwMC9zdmciPjwvc3ZnPg==\" style=\"--smush-placeholder-width: 1015px; --smush-placeholder-aspect-ratio: 1015\/584;\"> <div class=\"_brlbs-caption\"> <p>By loading the video, you agree to YouTube's privacy policy.<br><a href=\"https:\/\/policies.google.com\/privacy?hl=en&amp;gl=en\" target=\"_blank\" rel=\"nofollow noopener noreferrer\">Learn more<\/a><\/p> <p><a class=\"_brlbs-btn _brlbs-icon-play-white\" href=\"#\" data-borlabs-cookie-unblock role=\"button\">Load video<\/a><\/p> <p><label><input type=\"checkbox\" name=\"unblockAll\" value=\"1\" checked> <small>Always unblock YouTube<\/small><\/label><\/p> <\/div> <\/div> <\/div><div class=\"borlabs-hide\" data-borlabs-cookie-type=\"content-blocker\" data-borlabs-cookie-id=\"youtube\"><script type=\"text\/template\">PGlmcmFtZSB0aXRsZT0iT0NFQU4gTGF1bmNoIENsaXAgKEVzcGFuzINvbCkiIHdpZHRoPSI1MDAiIGhlaWdodD0iMjgxIiBzcmM9Imh0dHBzOi8vd3d3LnlvdXR1YmUtbm9jb29raWUuY29tL2VtYmVkL182QzJWQ0hPakZZP2ZlYXR1cmU9b2VtYmVkJnJlbD0wJmVuYWJsZWpzYXBpPTEmb3JpZ2luPWh0dHBzJTI1M0ElMjUyRiUyNTJGb2NlYW5ncmFudHMub3JnLnVrJTI1MkZ3cCZjb250cm9scz0xIiBmcmFtZWJvcmRlcj0iMCIgYWxsb3c9ImFjY2VsZXJvbWV0ZXI7IGF1dG9wbGF5OyBjbGlwYm9hcmQtd3JpdGU7IGVuY3J5cHRlZC1tZWRpYTsgZ3lyb3Njb3BlOyBwaWN0dXJlLWluLXBpY3R1cmU7IHdlYi1zaGFyZSIgcmVmZXJyZXJwb2xpY3k9InN0cmljdC1vcmlnaW4td2hlbi1jcm9zcy1vcmlnaW4iIGFsbG93ZnVsbHNjcmVlbj48L2lmcmFtZT4=<\/script><\/div><\/div><\/div>\t\t\t\t<div class=\"borlabs-hide lazyload\" style=\"background-image:inherit;\" data-bg-image=\"url(https:\/\/oceangrants.org.uk\/app\/uploads\/2023\/11\/Group-4456-e1701249834760.jpg)\">\n\t\t\t\t\t\t\t\t\t\t\t\t\t\t\t\t<div class=\"elementor-custom-embed-play\" role=\"button\" aria-label=\"Play Video\" tabindex=\"0\">\n\t\t\t\t\t\t\t<svg xmlns=\"http:\/\/www.w3.org\/2000\/svg\" width=\"49\" height=\"49\" viewBox=\"0 0 49 49\"><g id=\"Group_4434\" data-name=\"Group 4434\" transform=\"translate(-341 -923)\"><circle id=\"Ellipse_23\" data-name=\"Ellipse 23\" cx=\"24.5\" cy=\"24.5\" r=\"24.5\" transform=\"translate(341 923)\" fill=\"#17a3a6\"><\/circle><path id=\"Polygon_2\" data-name=\"Polygon 2\" d=\"M7,0l7,12H0Z\" transform=\"translate(372.5 940.5) rotate(90)\" fill=\"#fff\"><\/path><\/g><\/svg>\t\t\t\t\t\t<\/div>\n\t\t\t\t\t\t\t\t\t<\/div>\n\t\t\t\t\t<\/div>\n\t\t\t\t\t\t<\/div>\n\t\t\t\t<\/div>\n\t\t<div data-particle_enable=\"false\" data-particle-mobile-disabled=\"false\" class=\"elementor-element elementor-element-6d80484 e-con-full e-flex e-con e-child\" data-id=\"6d80484\" data-element_type=\"container\">\n\t\t\t\t<div class=\"elementor-element elementor-element-275c6850 elementor-widget__width-initial elementor-widget-widescreen__width-auto elementor-widget elementor-widget-text-editor\" data-id=\"275c6850\" data-element_type=\"widget\" data-widget_type=\"text-editor.default\">\n\t\t\t\t<div class=\"elementor-widget-container\">\n\t\t\t\t\t\t\t\t\t<p>El Programa de Subvenciones Ocean Community Empowerment and Nature (OCEAN) apoya proyectos impulsados a nivel local con el fin de lograr cambios duraderos en el medio marino y las comunidades costeras. <\/p>\t\t\t\t\t\t\t\t<\/div>\n\t\t\t\t<\/div>\n\t\t\t\t<\/div>\n\t\t\t\t\t<\/div>\n\t\t\t\t<\/div>\n\t\t<div data-particle_enable=\"false\" data-particle-mobile-disabled=\"false\" class=\"elementor-element elementor-element-7384db78 e-flex e-con-boxed e-con e-parent\" data-id=\"7384db78\" data-element_type=\"container\" data-settings=\"{&quot;background_background&quot;:&quot;gradient&quot;,&quot;shape_divider_top&quot;:&quot;curve&quot;,&quot;shape_divider_bottom&quot;:&quot;curve&quot;,&quot;shape_divider_bottom_negative&quot;:&quot;yes&quot;}\">\n\t\t\t\t\t<div class=\"e-con-inner\">\n\t\t\t\t<div class=\"elementor-shape elementor-shape-top\" aria-hidden=\"true\" data-negative=\"false\">\n\t\t\t<svg xmlns=\"http:\/\/www.w3.org\/2000\/svg\" viewBox=\"0 0 1000 100\" preserveAspectRatio=\"none\">\n    <path class=\"elementor-shape-fill\" d=\"M1000,4.3V0H0v4.3C0.9,23.1,126.7,99.2,500,100S1000,22.7,1000,4.3z\"\/>\n<\/svg>\t\t<\/div>\n\t\t\t\t<div class=\"elementor-shape elementor-shape-bottom\" aria-hidden=\"true\" data-negative=\"true\">\n\t\t\t<svg xmlns=\"http:\/\/www.w3.org\/2000\/svg\" viewBox=\"0 0 1000 100\" preserveAspectRatio=\"none\">\n\t<path class=\"elementor-shape-fill\" d=\"M500,97C126.7,96.3,0.8,19.8,0,0v100l1000,0V1C1000,19.4,873.3,97.8,500,97z\"\/>\n<\/svg>\t\t<\/div>\n\t\t<div data-particle_enable=\"false\" data-particle-mobile-disabled=\"false\" class=\"elementor-element elementor-element-c3b9e5a e-con-full e-flex e-con e-child\" data-id=\"c3b9e5a\" data-element_type=\"container\">\n\t\t<div data-particle_enable=\"false\" data-particle-mobile-disabled=\"false\" class=\"elementor-element elementor-element-2030b17 e-con-full e-flex e-con e-child\" data-id=\"2030b17\" data-element_type=\"container\" data-settings=\"{&quot;background_background&quot;:&quot;classic&quot;}\">\n\t\t\t\t<div class=\"elementor-element elementor-element-86c86ed elementor-widget elementor-widget-heading\" data-id=\"86c86ed\" data-element_type=\"widget\" data-widget_type=\"heading.default\">\n\t\t\t\t<div class=\"elementor-widget-container\">\n\t\t\t\t\t<h6 class=\"elementor-heading-title elementor-size-default\">Lo que ofrecemos<\/h6>\t\t\t\t<\/div>\n\t\t\t\t<\/div>\n\t\t\t\t<div class=\"elementor-element elementor-element-e278f28 elementor-widget elementor-widget-heading\" data-id=\"e278f28\" data-element_type=\"widget\" data-widget_type=\"heading.default\">\n\t\t\t\t<div class=\"elementor-widget-container\">\n\t\t\t\t\t<h2 class=\"elementor-heading-title elementor-size-default\">Subvenciones<\/h2>\t\t\t\t<\/div>\n\t\t\t\t<\/div>\n\t\t\t\t<div class=\"elementor-element elementor-element-eb22371 elementor-widget__width-initial elementor-widget-widescreen__width-auto elementor-widget-tablet__width-inherit elementor-widget elementor-widget-text-editor\" data-id=\"eb22371\" data-element_type=\"widget\" data-widget_type=\"text-editor.default\">\n\t\t\t\t<div class=\"elementor-widget-container\">\n\t\t\t\t\t\t\t\t\t<div class=\"ewa-rteLine\"><div class=\"ewa-rteLine\">Sabemos que las iniciativas que son dirigidas por comunidades tienen posibilidades inmensas de lograr impactos positivos. Sin embargo, hasta ahora, no ha habido suficiente financiaci\u00f3n competitiva para programas que aborden cuestiones marinas y se enfoquen espec\u00edficamente en llegar a comunidades locales y organizaciones locales.<br \/>\u00a0<br \/>Aunque el 10% de la poblaci\u00f3n mundial depende sustancialmente de los beneficios en t\u00e9rminos econ\u00f3micos, de nutrici\u00f3n y de protecci\u00f3n costera asociados con los oc\u00e9anos y que estos contribuyen USD\u00a01,5\u00a0billones a la econom\u00eda global, menos del 1% (USD\u00a013.000 millones) de este valor total se invirti\u00f3 en la econom\u00eda oce\u00e1nica a trav\u00e9s de proyectos sostenibles durante el \u00faltimo decenio.<br \/>\u00a0<br \/>El Programa de Subvenciones OCEAN pretende corregir estos desequilibrios apoyando a las personas y las comunidades m\u00e1s afectadas por el cambio clim\u00e1tico.<\/div><\/div>\t\t\t\t\t\t\t\t<\/div>\n\t\t\t\t<\/div>\n\t\t<div data-particle_enable=\"false\" data-particle-mobile-disabled=\"false\" class=\"elementor-element elementor-element-657be0d e-con-full e-flex e-con e-child\" data-id=\"657be0d\" data-element_type=\"container\">\n\t\t<div data-particle_enable=\"false\" data-particle-mobile-disabled=\"false\" class=\"elementor-element elementor-element-d9a5a8a e-con-full e-flex e-con e-child\" data-id=\"d9a5a8a\" data-element_type=\"container\">\n\t\t\t\t<div class=\"elementor-element elementor-element-3827710 elementor-widget elementor-widget-image\" data-id=\"3827710\" data-element_type=\"widget\" data-widget_type=\"image.default\">\n\t\t\t\t<div class=\"elementor-widget-container\">\n\t\t\t\t\t\t\t\t\t\t\t\t\t\t\t<img fetchpriority=\"high\" decoding=\"async\" width=\"1024\" height=\"530\" src=\"https:\/\/oceangrants.org.uk\/app\/uploads\/2023\/12\/pexels-serafina-jacobsonwalsh-4630730-scaled-e1705505860409-1024x530.jpg\" class=\"attachment-large size-large wp-image-2426\" alt=\"\" srcset=\"https:\/\/oceangrants.org.uk\/app\/uploads\/2023\/12\/pexels-serafina-jacobsonwalsh-4630730-scaled-e1705505860409-1024x530.jpg 1024w, https:\/\/oceangrants.org.uk\/app\/uploads\/2023\/12\/pexels-serafina-jacobsonwalsh-4630730-scaled-e1705505860409-300x155.jpg 300w, https:\/\/oceangrants.org.uk\/app\/uploads\/2023\/12\/pexels-serafina-jacobsonwalsh-4630730-scaled-e1705505860409-768x398.jpg 768w, https:\/\/oceangrants.org.uk\/app\/uploads\/2023\/12\/pexels-serafina-jacobsonwalsh-4630730-scaled-e1705505860409-1536x796.jpg 1536w, https:\/\/oceangrants.org.uk\/app\/uploads\/2023\/12\/pexels-serafina-jacobsonwalsh-4630730-scaled-e1705505860409-2048x1061.jpg 2048w\" sizes=\"(max-width: 1024px) 100vw, 1024px\" \/>\t\t\t\t\t\t\t\t\t\t\t\t\t\t\t<\/div>\n\t\t\t\t<\/div>\n\t\t\t\t<div class=\"elementor-element elementor-element-d25d026 elementor-widget elementor-widget-heading\" data-id=\"d25d026\" data-element_type=\"widget\" data-widget_type=\"heading.default\">\n\t\t\t\t<div class=\"elementor-widget-container\">\n\t\t\t\t\t<h2 class=\"elementor-heading-title elementor-size-default\">Subvenciones Comunitarias\n<\/h2>\t\t\t\t<\/div>\n\t\t\t\t<\/div>\n\t\t\t\t<div class=\"elementor-element elementor-element-103173f elementor-widget-widescreen__width-auto elementor-widget elementor-widget-text-editor\" data-id=\"103173f\" data-element_type=\"widget\" data-widget_type=\"text-editor.default\">\n\t\t\t\t<div class=\"elementor-widget-container\">\n\t\t\t\t\t\t\t\t\t<p>Se brindar\u00e1n Subvenciones Comunitarias de hasta GBP\u00a0250.000 a organizaciones locales peque\u00f1as de los pa\u00edses.<\/p>\t\t\t\t\t\t\t\t<\/div>\n\t\t\t\t<\/div>\n\t\t\t\t<div class=\"elementor-element elementor-element-c6d6480 elementor-widget elementor-widget-button\" data-id=\"c6d6480\" data-element_type=\"widget\" data-widget_type=\"button.default\">\n\t\t\t\t<div class=\"elementor-widget-container\">\n\t\t\t\t\t\t\t\t\t<div class=\"elementor-button-wrapper\">\n\t\t\t\t\t<a class=\"elementor-button elementor-button-link elementor-size-sm\" href=\"https:\/\/oceangrants.org.uk\/es\/postularse\/subvenciones-comunitarias\/\">\n\t\t\t\t\t\t<span class=\"elementor-button-content-wrapper\">\n\t\t\t\t\t\t\t\t\t<span class=\"elementor-button-text\">Conozca m\u00e1s<\/span>\n\t\t\t\t\t<\/span>\n\t\t\t\t\t<\/a>\n\t\t\t\t<\/div>\n\t\t\t\t\t\t\t\t<\/div>\n\t\t\t\t<\/div>\n\t\t\t\t<\/div>\n\t\t<div data-particle_enable=\"false\" data-particle-mobile-disabled=\"false\" class=\"elementor-element elementor-element-6bf61b7 e-con-full e-flex e-con e-child\" data-id=\"6bf61b7\" data-element_type=\"container\">\n\t\t\t\t<div class=\"elementor-element elementor-element-65bf2b9 elementor-widget elementor-widget-image\" data-id=\"65bf2b9\" data-element_type=\"widget\" data-widget_type=\"image.default\">\n\t\t\t\t<div class=\"elementor-widget-container\">\n\t\t\t\t\t\t\t\t\t\t\t\t\t\t\t<img decoding=\"async\" width=\"1024\" height=\"576\" data-src=\"https:\/\/oceangrants.org.uk\/app\/uploads\/2025\/09\/Haiti_Local_Man-in-boat-1024x576.jpg\" class=\"attachment-large size-large wp-image-9872 lazyload\" alt=\"\" data-srcset=\"https:\/\/oceangrants.org.uk\/app\/uploads\/2025\/09\/Haiti_Local_Man-in-boat-1024x576.jpg 1024w, https:\/\/oceangrants.org.uk\/app\/uploads\/2025\/09\/Haiti_Local_Man-in-boat-300x169.jpg 300w, https:\/\/oceangrants.org.uk\/app\/uploads\/2025\/09\/Haiti_Local_Man-in-boat-768x432.jpg 768w, https:\/\/oceangrants.org.uk\/app\/uploads\/2025\/09\/Haiti_Local_Man-in-boat-1536x864.jpg 1536w, https:\/\/oceangrants.org.uk\/app\/uploads\/2025\/09\/Haiti_Local_Man-in-boat-2048x1152.jpg 2048w\" data-sizes=\"(max-width: 1024px) 100vw, 1024px\" src=\"data:image\/svg+xml;base64,PHN2ZyB3aWR0aD0iMSIgaGVpZ2h0PSIxIiB4bWxucz0iaHR0cDovL3d3dy53My5vcmcvMjAwMC9zdmciPjwvc3ZnPg==\" style=\"--smush-placeholder-width: 1024px; --smush-placeholder-aspect-ratio: 1024\/576;\" \/>\t\t\t\t\t\t\t\t\t\t\t\t\t\t\t<\/div>\n\t\t\t\t<\/div>\n\t\t\t\t<div class=\"elementor-element elementor-element-5796c2b elementor-widget elementor-widget-heading\" data-id=\"5796c2b\" data-element_type=\"widget\" data-widget_type=\"heading.default\">\n\t\t\t\t<div class=\"elementor-widget-container\">\n\t\t\t\t\t<h2 class=\"elementor-heading-title elementor-size-default\">Subvenciones para Asociaciones<\/h2>\t\t\t\t<\/div>\n\t\t\t\t<\/div>\n\t\t\t\t<div class=\"elementor-element elementor-element-fdbefb9 elementor-widget-widescreen__width-auto elementor-widget elementor-widget-text-editor\" data-id=\"fdbefb9\" data-element_type=\"widget\" data-widget_type=\"text-editor.default\">\n\t\t\t\t<div class=\"elementor-widget-container\">\n\t\t\t\t\t\t\t\t\t<p>Se otorgar\u00e1n Subvenciones para Asociaciones, de entre GBP 500,000 y GBP 3 millones, a organizaciones que se asocien con organizaciones lideradas localmente para ofrecer soluciones a escala.<\/p>\t\t\t\t\t\t\t\t<\/div>\n\t\t\t\t<\/div>\n\t\t\t\t<div class=\"elementor-element elementor-element-85c40c5 elementor-widget elementor-widget-button\" data-id=\"85c40c5\" data-element_type=\"widget\" data-widget_type=\"button.default\">\n\t\t\t\t<div class=\"elementor-widget-container\">\n\t\t\t\t\t\t\t\t\t<div class=\"elementor-button-wrapper\">\n\t\t\t\t\t<a class=\"elementor-button elementor-button-link elementor-size-sm\" href=\"https:\/\/oceangrants.org.uk\/es\/postularse\/subvenciones-para-asociaciones\/\">\n\t\t\t\t\t\t<span class=\"elementor-button-content-wrapper\">\n\t\t\t\t\t\t\t\t\t<span class=\"elementor-button-text\">Conozca m\u00e1s<\/span>\n\t\t\t\t\t<\/span>\n\t\t\t\t\t<\/a>\n\t\t\t\t<\/div>\n\t\t\t\t\t\t\t\t<\/div>\n\t\t\t\t<\/div>\n\t\t\t\t<\/div>\n\t\t\t\t<\/div>\n\t\t\t\t<\/div>\n\t\t\t\t<\/div>\n\t\t\t\t\t<\/div>\n\t\t\t\t<\/div>\n\t\t\t\t<\/div>\n\t\t","protected":false},"excerpt":{"rendered":"<p>Empoderar a las comunidades y transformar el oc\u00e9ano. Conozca m\u00e1s https:\/\/youtu.be\/_6C2VCHOjFY?feature=shared El Programa de Subvenciones Ocean Community Empowerment and Nature (OCEAN) apoya proyectos impulsados a nivel local con el fin de lograr cambios duraderos en el medio marino y las comunidades costeras. Lo que ofrecemos Subvenciones Sabemos que las iniciativas que son dirigidas por comunidades [&hellip;]<\/p>\n","protected":false},"author":1,"featured_media":0,"parent":0,"menu_order":0,"comment_status":"closed","ping_status":"closed","template":"elementor_header_footer","meta":{"_acf_changed":false,"footnotes":""},"class_list":["post-3098","page","type-page","status-publish","hentry"],"acf":[],"yoast_head":"<!-- This site is optimized with the Yoast SEO plugin v25.7 - https:\/\/yoast.com\/wordpress\/plugins\/seo\/ -->\n<title>P\u00e1gina de inicio - Ocean Grant Programme<\/title>\n<meta name=\"description\" content=\"El Programa de Subvenciones para el Empoderamiento de las Comunidades Oce\u00e1nicas y la Naturaleza (OCEAN) apoya un cambio duradero en el medio ambiente marino y las comunidades costeras.\" \/>\n<meta name=\"robots\" content=\"index, follow, max-snippet:-1, max-image-preview:large, max-video-preview:-1\" \/>\n<link rel=\"canonical\" href=\"https:\/\/oceangrants.org.uk\/es\/\" \/>\n<meta property=\"og:locale\" content=\"es_ES\" \/>\n<meta property=\"og:type\" content=\"article\" \/>\n<meta property=\"og:title\" content=\"P\u00e1gina de inicio - Ocean Grant Programme\" \/>\n<meta property=\"og:description\" content=\"El Programa de Subvenciones para el Empoderamiento de las Comunidades Oce\u00e1nicas y la Naturaleza (OCEAN) apoya un cambio duradero en el medio ambiente marino y las comunidades costeras.\" \/>\n<meta property=\"og:url\" content=\"https:\/\/oceangrants.org.uk\/es\/\" \/>\n<meta property=\"og:site_name\" content=\"Ocean Grant Programme\" \/>\n<meta property=\"article:modified_time\" content=\"2026-02-16T10:55:16+00:00\" \/>\n<meta property=\"og:image\" content=\"https:\/\/oceangrants.org.uk\/app\/uploads\/2023\/12\/pexels-serafina-jacobsonwalsh-4630730-scaled-e1705505860409-1024x530.jpg\" \/>\n<meta name=\"twitter:card\" content=\"summary_large_image\" \/>\n<meta name=\"twitter:label1\" content=\"Est. reading time\" \/>\n\t<meta name=\"twitter:data1\" content=\"2 minutes\" \/>\n<script type=\"application\/ld+json\" class=\"yoast-schema-graph\">{\"@context\":\"https:\/\/schema.org\",\"@graph\":[{\"@type\":\"WebPage\",\"@id\":\"https:\/\/oceangrants.org.uk\/es\/\",\"url\":\"https:\/\/oceangrants.org.uk\/es\/\",\"name\":\"P\u00e1gina de inicio - Ocean Grant Programme\",\"isPartOf\":{\"@id\":\"https:\/\/oceangrants.org.uk\/es\/#website\"},\"primaryImageOfPage\":{\"@id\":\"https:\/\/oceangrants.org.uk\/es\/#primaryimage\"},\"image\":{\"@id\":\"https:\/\/oceangrants.org.uk\/es\/#primaryimage\"},\"thumbnailUrl\":\"https:\/\/oceangrants.org.uk\/app\/uploads\/2023\/12\/pexels-serafina-jacobsonwalsh-4630730-scaled-e1705505860409-1024x530.jpg\",\"datePublished\":\"2023-11-06T13:11:12+00:00\",\"dateModified\":\"2026-02-16T10:55:16+00:00\",\"description\":\"El Programa de Subvenciones para el Empoderamiento de las Comunidades Oce\u00e1nicas y la Naturaleza (OCEAN) apoya un cambio duradero en el medio ambiente marino y las comunidades costeras.\",\"breadcrumb\":{\"@id\":\"https:\/\/oceangrants.org.uk\/es\/#breadcrumb\"},\"inLanguage\":\"es-ES\",\"potentialAction\":[{\"@type\":\"ReadAction\",\"target\":[\"https:\/\/oceangrants.org.uk\/es\/\"]}]},{\"@type\":\"ImageObject\",\"inLanguage\":\"es-ES\",\"@id\":\"https:\/\/oceangrants.org.uk\/es\/#primaryimage\",\"url\":\"https:\/\/oceangrants.org.uk\/app\/uploads\/2023\/12\/pexels-serafina-jacobsonwalsh-4630730-scaled-e1705505860409-1024x530.jpg\",\"contentUrl\":\"https:\/\/oceangrants.org.uk\/app\/uploads\/2023\/12\/pexels-serafina-jacobsonwalsh-4630730-scaled-e1705505860409-1024x530.jpg\"},{\"@type\":\"BreadcrumbList\",\"@id\":\"https:\/\/oceangrants.org.uk\/es\/#breadcrumb\",\"itemListElement\":[{\"@type\":\"ListItem\",\"position\":1,\"name\":\"Home\",\"item\":\"https:\/\/oceangrants.org.uk\/es\/\"},{\"@type\":\"ListItem\",\"position\":2,\"name\":\"P\u00e1gina de inicio\"}]},{\"@type\":\"WebSite\",\"@id\":\"https:\/\/oceangrants.org.uk\/es\/#website\",\"url\":\"https:\/\/oceangrants.org.uk\/es\/\",\"name\":\"Ocean Grant Programme\",\"description\":\"\",\"potentialAction\":[{\"@type\":\"SearchAction\",\"target\":{\"@type\":\"EntryPoint\",\"urlTemplate\":\"https:\/\/oceangrants.org.uk\/es\/?s={search_term_string}\"},\"query-input\":{\"@type\":\"PropertyValueSpecification\",\"valueRequired\":true,\"valueName\":\"search_term_string\"}}],\"inLanguage\":\"es-ES\"}]}<\/script>\n<!-- \/ Yoast SEO plugin. -->","yoast_head_json":{"title":"P\u00e1gina de inicio - Ocean Grant Programme","description":"El Programa de Subvenciones para el Empoderamiento de las Comunidades Oce\u00e1nicas y la Naturaleza (OCEAN) apoya un cambio duradero en el medio ambiente marino y las comunidades costeras.","robots":{"index":"index","follow":"follow","max-snippet":"max-snippet:-1","max-image-preview":"max-image-preview:large","max-video-preview":"max-video-preview:-1"},"canonical":"https:\/\/oceangrants.org.uk\/es\/","og_locale":"es_ES","og_type":"article","og_title":"P\u00e1gina de inicio - Ocean Grant Programme","og_description":"El Programa de Subvenciones para el Empoderamiento de las Comunidades Oce\u00e1nicas y la Naturaleza (OCEAN) apoya un cambio duradero en el medio ambiente marino y las comunidades costeras.","og_url":"https:\/\/oceangrants.org.uk\/es\/","og_site_name":"Ocean Grant Programme","article_modified_time":"2026-02-16T10:55:16+00:00","og_image":[{"url":"https:\/\/oceangrants.org.uk\/app\/uploads\/2023\/12\/pexels-serafina-jacobsonwalsh-4630730-scaled-e1705505860409-1024x530.jpg","type":"","width":"","height":""}],"twitter_card":"summary_large_image","twitter_misc":{"Est. reading time":"2 minutes"},"schema":{"@context":"https:\/\/schema.org","@graph":[{"@type":"WebPage","@id":"https:\/\/oceangrants.org.uk\/es\/","url":"https:\/\/oceangrants.org.uk\/es\/","name":"P\u00e1gina de inicio - Ocean Grant Programme","isPartOf":{"@id":"https:\/\/oceangrants.org.uk\/es\/#website"},"primaryImageOfPage":{"@id":"https:\/\/oceangrants.org.uk\/es\/#primaryimage"},"image":{"@id":"https:\/\/oceangrants.org.uk\/es\/#primaryimage"},"thumbnailUrl":"https:\/\/oceangrants.org.uk\/app\/uploads\/2023\/12\/pexels-serafina-jacobsonwalsh-4630730-scaled-e1705505860409-1024x530.jpg","datePublished":"2023-11-06T13:11:12+00:00","dateModified":"2026-02-16T10:55:16+00:00","description":"El Programa de Subvenciones para el Empoderamiento de las Comunidades Oce\u00e1nicas y la Naturaleza (OCEAN) apoya un cambio duradero en el medio ambiente marino y las comunidades costeras.","breadcrumb":{"@id":"https:\/\/oceangrants.org.uk\/es\/#breadcrumb"},"inLanguage":"es-ES","potentialAction":[{"@type":"ReadAction","target":["https:\/\/oceangrants.org.uk\/es\/"]}]},{"@type":"ImageObject","inLanguage":"es-ES","@id":"https:\/\/oceangrants.org.uk\/es\/#primaryimage","url":"https:\/\/oceangrants.org.uk\/app\/uploads\/2023\/12\/pexels-serafina-jacobsonwalsh-4630730-scaled-e1705505860409-1024x530.jpg","contentUrl":"https:\/\/oceangrants.org.uk\/app\/uploads\/2023\/12\/pexels-serafina-jacobsonwalsh-4630730-scaled-e1705505860409-1024x530.jpg"},{"@type":"BreadcrumbList","@id":"https:\/\/oceangrants.org.uk\/es\/#breadcrumb","itemListElement":[{"@type":"ListItem","position":1,"name":"Home","item":"https:\/\/oceangrants.org.uk\/es\/"},{"@type":"ListItem","position":2,"name":"P\u00e1gina de inicio"}]},{"@type":"WebSite","@id":"https:\/\/oceangrants.org.uk\/es\/#website","url":"https:\/\/oceangrants.org.uk\/es\/","name":"Ocean Grant Programme","description":"","potentialAction":[{"@type":"SearchAction","target":{"@type":"EntryPoint","urlTemplate":"https:\/\/oceangrants.org.uk\/es\/?s={search_term_string}"},"query-input":{"@type":"PropertyValueSpecification","valueRequired":true,"valueName":"search_term_string"}}],"inLanguage":"es-ES"}]}},"_links":{"self":[{"href":"https:\/\/oceangrants.org.uk\/es\/wp-json\/wp\/v2\/pages\/3098","targetHints":{"allow":["GET"]}}],"collection":[{"href":"https:\/\/oceangrants.org.uk\/es\/wp-json\/wp\/v2\/pages"}],"about":[{"href":"https:\/\/oceangrants.org.uk\/es\/wp-json\/wp\/v2\/types\/page"}],"author":[{"embeddable":true,"href":"https:\/\/oceangrants.org.uk\/es\/wp-json\/wp\/v2\/users\/1"}],"replies":[{"embeddable":true,"href":"https:\/\/oceangrants.org.uk\/es\/wp-json\/wp\/v2\/comments?post=3098"}],"version-history":[{"count":38,"href":"https:\/\/oceangrants.org.uk\/es\/wp-json\/wp\/v2\/pages\/3098\/revisions"}],"predecessor-version":[{"id":10046,"href":"https:\/\/oceangrants.org.uk\/es\/wp-json\/wp\/v2\/pages\/3098\/revisions\/10046"}],"wp:attachment":[{"href":"https:\/\/oceangrants.org.uk\/es\/wp-json\/wp\/v2\/media?parent=3098"}],"curies":[{"name":"wp","href":"https:\/\/api.w.org\/{rel}","templated":true}]}}