{"id":3173,"date":"2024-01-29T12:39:03","date_gmt":"2024-01-29T12:39:03","guid":{"rendered":"https:\/\/oceangrants.org.uk\/?page_id=3173"},"modified":"2026-02-16T11:15:14","modified_gmt":"2026-02-16T11:15:14","slug":"recursos-para-solicitantes","status":"publish","type":"page","link":"https:\/\/oceangrants.org.uk\/es\/recursos\/recursos-para-solicitantes\/","title":{"rendered":"Recursos para solicitantes"},"content":{"rendered":"\t\t<div data-elementor-type=\"wp-page\" data-elementor-id=\"3173\" class=\"elementor elementor-3173 elementor-1761\" data-elementor-post-type=\"page\">\n\t\t\t\t<div data-particle_enable=\"false\" data-particle-mobile-disabled=\"false\" class=\"elementor-element elementor-element-76c9c5db e-flex e-con-boxed e-con e-parent\" data-id=\"76c9c5db\" data-element_type=\"container\" data-settings=\"{&quot;background_background&quot;:&quot;classic&quot;,&quot;shape_divider_bottom&quot;:&quot;curve&quot;}\">\n\t\t\t\t\t<div class=\"e-con-inner\">\n\t\t\t\t<div class=\"elementor-shape elementor-shape-bottom\" aria-hidden=\"true\" data-negative=\"false\">\n\t\t\t<svg xmlns=\"http:\/\/www.w3.org\/2000\/svg\" viewBox=\"0 0 1000 100\" preserveAspectRatio=\"none\">\n    <path class=\"elementor-shape-fill\" d=\"M1000,4.3V0H0v4.3C0.9,23.1,126.7,99.2,500,100S1000,22.7,1000,4.3z\"\/>\n<\/svg>\t\t<\/div>\n\t\t\t\t<div class=\"elementor-element elementor-element-701dfad2 elementor-widget__width-initial elementor-widget elementor-widget-heading\" data-id=\"701dfad2\" data-element_type=\"widget\" data-widget_type=\"heading.default\">\n\t\t\t\t<div class=\"elementor-widget-container\">\n\t\t\t\t\t<h1 class=\"elementor-heading-title elementor-size-default\">Recursos para solicitantes<\/h1>\t\t\t\t<\/div>\n\t\t\t\t<\/div>\n\t\t\t\t<div class=\"elementor-element elementor-element-66c43ec6 elementor-widget__width-initial elementor-widget-widescreen__width-auto elementor-widget elementor-widget-text-editor\" data-id=\"66c43ec6\" data-element_type=\"widget\" data-widget_type=\"text-editor.default\">\n\t\t\t\t<div class=\"elementor-widget-container\">\n\t\t\t\t\t\t\t\t\t<p>Orientaciones y otra informaci\u00f3n \u00fatil para beneficiarios y solicitantes de subvenciones.<\/p>\t\t\t\t\t\t\t\t<\/div>\n\t\t\t\t<\/div>\n\t\t<div data-particle_enable=\"false\" data-particle-mobile-disabled=\"false\" class=\"elementor-element elementor-element-440c479 e-con-full e-flex e-con e-child\" data-id=\"440c479\" data-element_type=\"container\">\n\t\t\t\t<div class=\"elementor-element elementor-element-7d6ed61 elementor-widget elementor-widget-text-editor\" data-id=\"7d6ed61\" data-element_type=\"widget\" data-widget_type=\"text-editor.default\">\n\t\t\t\t<div class=\"elementor-widget-container\">\n\t\t\t\t\t\t\t\t\t<p class=\"p1\"><em>Cr\u00e9dito de la imagen: Tom Fisk<\/em><\/p>\t\t\t\t\t\t\t\t<\/div>\n\t\t\t\t<\/div>\n\t\t\t\t<\/div>\n\t\t\t\t\t<\/div>\n\t\t\t\t<\/div>\n\t\t<div data-particle_enable=\"false\" data-particle-mobile-disabled=\"false\" class=\"elementor-element elementor-element-9b19751 e-flex e-con-boxed e-con e-parent\" data-id=\"9b19751\" data-element_type=\"container\">\n\t\t\t\t\t<div class=\"e-con-inner\">\n\t\t\t\t<div class=\"elementor-element elementor-element-054cd2f elementor-hidden-mobile elementor-nav-menu__align-start elementor-nav-menu--dropdown-none elementor-widget elementor-widget-nav-menu\" data-id=\"054cd2f\" data-element_type=\"widget\" data-settings=\"{&quot;layout&quot;:&quot;horizontal&quot;,&quot;submenu_icon&quot;:{&quot;value&quot;:&quot;&lt;svg class=\\&quot;e-font-icon-svg e-fas-caret-down\\&quot; viewBox=\\&quot;0 0 320 512\\&quot; xmlns=\\&quot;http:\\\/\\\/www.w3.org\\\/2000\\\/svg\\&quot;&gt;&lt;path d=\\&quot;M31.3 192h257.3c17.8 0 26.7 21.5 14.1 34.1L174.1 354.8c-7.8 7.8-20.5 7.8-28.3 0L17.2 226.1C4.6 213.5 13.5 192 31.3 192z\\&quot;&gt;&lt;\\\/path&gt;&lt;\\\/svg&gt;&quot;,&quot;library&quot;:&quot;fa-solid&quot;}}\" data-widget_type=\"nav-menu.default\">\n\t\t\t\t<div class=\"elementor-widget-container\">\n\t\t\t\t\t\t\t\t<nav aria-label=\"Menu\" class=\"elementor-nav-menu--main elementor-nav-menu__container elementor-nav-menu--layout-horizontal e--pointer-text e--animation-float\">\n\t\t\t\t<ul id=\"menu-1-054cd2f\" class=\"elementor-nav-menu\"><li class=\"menu-item menu-item-type-post_type menu-item-object-page menu-item-3518\"><a href=\"https:\/\/oceangrants.org.uk\/es\/recursos\/recursos-para-solicitantes\/\" class=\"elementor-item\">Recursos para solicitantes<\/a><\/li>\n<li class=\"menu-item menu-item-type-post_type menu-item-object-page menu-item-6463\"><a href=\"https:\/\/oceangrants.org.uk\/es\/recursos\/recursos-para-beneficiarios\/\" class=\"elementor-item\">Recursos para beneficiarios<\/a><\/li>\n<\/ul>\t\t\t<\/nav>\n\t\t\t\t\t\t<nav class=\"elementor-nav-menu--dropdown elementor-nav-menu__container\" aria-hidden=\"true\">\n\t\t\t\t<ul id=\"menu-2-054cd2f\" class=\"elementor-nav-menu\"><li class=\"menu-item menu-item-type-post_type menu-item-object-page menu-item-3518\"><a href=\"https:\/\/oceangrants.org.uk\/es\/recursos\/recursos-para-solicitantes\/\" class=\"elementor-item\" tabindex=\"-1\">Recursos para solicitantes<\/a><\/li>\n<li class=\"menu-item menu-item-type-post_type menu-item-object-page menu-item-6463\"><a href=\"https:\/\/oceangrants.org.uk\/es\/recursos\/recursos-para-beneficiarios\/\" class=\"elementor-item\" tabindex=\"-1\">Recursos para beneficiarios<\/a><\/li>\n<\/ul>\t\t\t<\/nav>\n\t\t\t\t\t\t<\/div>\n\t\t\t\t<\/div>\n\t\t\t\t<div class=\"elementor-element elementor-element-1cbfac8 elementor-nav-menu__align-start elementor-nav-menu--dropdown-none elementor-hidden-widescreen elementor-hidden-desktop elementor-hidden-tablet elementor-widget elementor-widget-nav-menu\" data-id=\"1cbfac8\" data-element_type=\"widget\" data-settings=\"{&quot;layout&quot;:&quot;vertical&quot;,&quot;submenu_icon&quot;:{&quot;value&quot;:&quot;&lt;i class=\\&quot;\\&quot;&gt;&lt;\\\/i&gt;&quot;,&quot;library&quot;:&quot;&quot;}}\" data-widget_type=\"nav-menu.default\">\n\t\t\t\t<div class=\"elementor-widget-container\">\n\t\t\t\t\t\t\t\t<nav aria-label=\"Menu\" class=\"elementor-nav-menu--main elementor-nav-menu__container elementor-nav-menu--layout-vertical e--pointer-text e--animation-float\">\n\t\t\t\t<ul id=\"menu-1-1cbfac8\" class=\"elementor-nav-menu sm-vertical\"><li class=\"menu-item menu-item-type-post_type menu-item-object-page menu-item-3518\"><a href=\"https:\/\/oceangrants.org.uk\/es\/recursos\/recursos-para-solicitantes\/\" class=\"elementor-item\">Recursos para solicitantes<\/a><\/li>\n<li class=\"menu-item menu-item-type-post_type menu-item-object-page menu-item-6463\"><a href=\"https:\/\/oceangrants.org.uk\/es\/recursos\/recursos-para-beneficiarios\/\" class=\"elementor-item\">Recursos para beneficiarios<\/a><\/li>\n<\/ul>\t\t\t<\/nav>\n\t\t\t\t\t\t<nav class=\"elementor-nav-menu--dropdown elementor-nav-menu__container\" aria-hidden=\"true\">\n\t\t\t\t<ul id=\"menu-2-1cbfac8\" class=\"elementor-nav-menu sm-vertical\"><li class=\"menu-item menu-item-type-post_type menu-item-object-page menu-item-3518\"><a href=\"https:\/\/oceangrants.org.uk\/es\/recursos\/recursos-para-solicitantes\/\" class=\"elementor-item\" tabindex=\"-1\">Recursos para solicitantes<\/a><\/li>\n<li class=\"menu-item menu-item-type-post_type menu-item-object-page menu-item-6463\"><a href=\"https:\/\/oceangrants.org.uk\/es\/recursos\/recursos-para-beneficiarios\/\" class=\"elementor-item\" tabindex=\"-1\">Recursos para beneficiarios<\/a><\/li>\n<\/ul>\t\t\t<\/nav>\n\t\t\t\t\t\t<\/div>\n\t\t\t\t<\/div>\n\t\t\t\t<div class=\"elementor-element elementor-element-8cc7341 elementor-hidden-mobile elementor-nav-menu__align-start elementor-nav-menu--dropdown-none elementor-widget elementor-widget-nav-menu\" data-id=\"8cc7341\" data-element_type=\"widget\" data-settings=\"{&quot;layout&quot;:&quot;horizontal&quot;,&quot;submenu_icon&quot;:{&quot;value&quot;:&quot;&lt;svg class=\\&quot;e-font-icon-svg e-fas-caret-down\\&quot; viewBox=\\&quot;0 0 320 512\\&quot; xmlns=\\&quot;http:\\\/\\\/www.w3.org\\\/2000\\\/svg\\&quot;&gt;&lt;path d=\\&quot;M31.3 192h257.3c17.8 0 26.7 21.5 14.1 34.1L174.1 354.8c-7.8 7.8-20.5 7.8-28.3 0L17.2 226.1C4.6 213.5 13.5 192 31.3 192z\\&quot;&gt;&lt;\\\/path&gt;&lt;\\\/svg&gt;&quot;,&quot;library&quot;:&quot;fa-solid&quot;}}\" data-widget_type=\"nav-menu.default\">\n\t\t\t\t<div class=\"elementor-widget-container\">\n\t\t\t\t\t\t\t\t<nav aria-label=\"Menu\" class=\"elementor-nav-menu--main elementor-nav-menu__container elementor-nav-menu--layout-horizontal e--pointer-text e--animation-float\">\n\t\t\t\t<ul id=\"menu-1-8cc7341\" class=\"elementor-nav-menu\"><li class=\"menu-item menu-item-type-custom menu-item-object-custom menu-item-3534\"><a href=\"https:\/\/oceangrants.org.uk\/resources\/applicant-resources\/?current_page=1\" class=\"elementor-item\">English<\/a><\/li>\n<li class=\"menu-item menu-item-type-custom menu-item-object-custom menu-item-3535\"><a href=\"https:\/\/oceangrants.org.uk\/fr\/ressources\/ressources-a-lintention-des-candidats\/?current_page=1\" class=\"elementor-item\">Fran\u00e7ais<\/a><\/li>\n<li class=\"menu-item menu-item-type-custom menu-item-object-custom menu-item-3536\"><a href=\"https:\/\/oceangrants.org.uk\/es\/recursos\/recursos-para-solicitantes\/?current_page=1\" class=\"elementor-item\">Espa\u00f1ol<\/a><\/li>\n<li class=\"menu-item menu-item-type-custom menu-item-object-custom menu-item-3537\"><a href=\"https:\/\/oceangrants.org.uk\/pt-pt\/recursos\/recursos-para-candidatos\/?current_page=1\" class=\"elementor-item\">Portgu\u00eas<\/a><\/li>\n<li class=\"menu-item menu-item-type-custom menu-item-object-custom menu-item-3538\"><a href=\"https:\/\/oceangrants.org.uk\/id\/sumber-daya\/sumber-daya-pemohon\/?current_page=1\" class=\"elementor-item\">Bahasa Indonesia<\/a><\/li>\n<\/ul>\t\t\t<\/nav>\n\t\t\t\t\t\t<nav class=\"elementor-nav-menu--dropdown elementor-nav-menu__container\" aria-hidden=\"true\">\n\t\t\t\t<ul id=\"menu-2-8cc7341\" class=\"elementor-nav-menu\"><li class=\"menu-item menu-item-type-custom menu-item-object-custom menu-item-3534\"><a href=\"https:\/\/oceangrants.org.uk\/resources\/applicant-resources\/?current_page=1\" class=\"elementor-item\" tabindex=\"-1\">English<\/a><\/li>\n<li class=\"menu-item menu-item-type-custom menu-item-object-custom menu-item-3535\"><a href=\"https:\/\/oceangrants.org.uk\/fr\/ressources\/ressources-a-lintention-des-candidats\/?current_page=1\" class=\"elementor-item\" tabindex=\"-1\">Fran\u00e7ais<\/a><\/li>\n<li class=\"menu-item menu-item-type-custom menu-item-object-custom menu-item-3536\"><a href=\"https:\/\/oceangrants.org.uk\/es\/recursos\/recursos-para-solicitantes\/?current_page=1\" class=\"elementor-item\" tabindex=\"-1\">Espa\u00f1ol<\/a><\/li>\n<li class=\"menu-item menu-item-type-custom menu-item-object-custom menu-item-3537\"><a href=\"https:\/\/oceangrants.org.uk\/pt-pt\/recursos\/recursos-para-candidatos\/?current_page=1\" class=\"elementor-item\" tabindex=\"-1\">Portgu\u00eas<\/a><\/li>\n<li class=\"menu-item menu-item-type-custom menu-item-object-custom menu-item-3538\"><a href=\"https:\/\/oceangrants.org.uk\/id\/sumber-daya\/sumber-daya-pemohon\/?current_page=1\" class=\"elementor-item\" tabindex=\"-1\">Bahasa Indonesia<\/a><\/li>\n<\/ul>\t\t\t<\/nav>\n\t\t\t\t\t\t<\/div>\n\t\t\t\t<\/div>\n\t\t\t\t<div class=\"elementor-element elementor-element-715ce36 elementor-widget elementor-widget-insights_feed\" data-id=\"715ce36\" data-element_type=\"widget\" data-widget_type=\"insights_feed.default\">\n\t\t\t\t<div class=\"elementor-widget-container\">\n\t\t\t\t\t    <section id=\"feed\" class=\"feed\">\n      <feed-component\n        :feed-layout='{\"layout\":\"single_post_type\",\"postType\":\"applicant-resource\",\"enableFilters\":false}'\n        :translations='{\"Load Previous Insights\":\"Load Previous Insights\",\"Load More Insights\":\"Load More Insights\",\"No results to show\":\"No hay resultados que mostrar\",\"Find out more\":\"M\\u00e1s informaci\\u00f3n\",\"Filter\":\"Filter\",\"Clear all filters\":\"Clear all filters\",\"All\":\"All\",\"Location\":\"Location\",\"Register\":\"Register\",\"Share\":\"Share\",\"Event\":\"Event\"}'\n        language-code='es'\n        title='' \/>\n    <\/section>\n\t\t\t\t<\/div>\n\t\t\t\t<\/div>\n\t\t\t\t\t<\/div>\n\t\t\t\t<\/div>\n\t\t\t\t<\/div>\n\t\t","protected":false},"excerpt":{"rendered":"<p>Recursos para solicitantes Orientaciones y otra informaci\u00f3n \u00fatil para beneficiarios y solicitantes de subvenciones. Cr\u00e9dito de la imagen: Tom Fisk<\/p>\n","protected":false},"author":1,"featured_media":0,"parent":3228,"menu_order":0,"comment_status":"closed","ping_status":"closed","template":"","meta":{"_acf_changed":false,"footnotes":""},"class_list":["post-3173","page","type-page","status-publish","hentry"],"acf":[],"yoast_head":"<!-- This site is optimized with the Yoast SEO plugin v25.7 - https:\/\/yoast.com\/wordpress\/plugins\/seo\/ -->\n<title>Recursos para solicitantes - Ocean Grant Programme<\/title>\n<meta name=\"description\" content=\"Lea nuestra gu\u00eda y las preguntas frecuentes para los solicitantes del Programa de Subvenciones OCEAN.\" \/>\n<meta name=\"robots\" content=\"index, follow, max-snippet:-1, max-image-preview:large, max-video-preview:-1\" \/>\n<link rel=\"canonical\" href=\"https:\/\/oceangrants.org.uk\/es\/recursos\/recursos-para-solicitantes\/\" \/>\n<meta property=\"og:locale\" content=\"es_ES\" \/>\n<meta property=\"og:type\" content=\"article\" \/>\n<meta property=\"og:title\" content=\"Recursos para solicitantes - Ocean Grant Programme\" \/>\n<meta property=\"og:description\" content=\"Lea nuestra gu\u00eda y las preguntas frecuentes para los solicitantes del Programa de Subvenciones OCEAN.\" \/>\n<meta property=\"og:url\" content=\"https:\/\/oceangrants.org.uk\/es\/recursos\/recursos-para-solicitantes\/\" \/>\n<meta property=\"og:site_name\" content=\"Ocean Grant Programme\" \/>\n<meta property=\"article:modified_time\" content=\"2026-02-16T11:15:14+00:00\" \/>\n<meta name=\"twitter:card\" content=\"summary_large_image\" \/>\n<meta name=\"twitter:label1\" content=\"Est. reading time\" \/>\n\t<meta name=\"twitter:data1\" content=\"1 minute\" \/>\n<script type=\"application\/ld+json\" class=\"yoast-schema-graph\">{\"@context\":\"https:\/\/schema.org\",\"@graph\":[{\"@type\":\"WebPage\",\"@id\":\"https:\/\/oceangrants.org.uk\/es\/recursos\/recursos-para-solicitantes\/\",\"url\":\"https:\/\/oceangrants.org.uk\/es\/recursos\/recursos-para-solicitantes\/\",\"name\":\"Recursos para solicitantes - Ocean Grant Programme\",\"isPartOf\":{\"@id\":\"https:\/\/oceangrants.org.uk\/es\/#website\"},\"datePublished\":\"2024-01-29T12:39:03+00:00\",\"dateModified\":\"2026-02-16T11:15:14+00:00\",\"description\":\"Lea nuestra gu\u00eda y las preguntas frecuentes para los solicitantes del Programa de Subvenciones OCEAN.\",\"breadcrumb\":{\"@id\":\"https:\/\/oceangrants.org.uk\/es\/recursos\/recursos-para-solicitantes\/#breadcrumb\"},\"inLanguage\":\"es-ES\",\"potentialAction\":[{\"@type\":\"ReadAction\",\"target\":[\"https:\/\/oceangrants.org.uk\/es\/recursos\/recursos-para-solicitantes\/\"]}]},{\"@type\":\"BreadcrumbList\",\"@id\":\"https:\/\/oceangrants.org.uk\/es\/recursos\/recursos-para-solicitantes\/#breadcrumb\",\"itemListElement\":[{\"@type\":\"ListItem\",\"position\":1,\"name\":\"Home\",\"item\":\"https:\/\/oceangrants.org.uk\/es\/\"},{\"@type\":\"ListItem\",\"position\":2,\"name\":\"Recursos\",\"item\":\"https:\/\/oceangrants.org.uk\/es\/recursos\/\"},{\"@type\":\"ListItem\",\"position\":3,\"name\":\"Recursos para solicitantes\"}]},{\"@type\":\"WebSite\",\"@id\":\"https:\/\/oceangrants.org.uk\/es\/#website\",\"url\":\"https:\/\/oceangrants.org.uk\/es\/\",\"name\":\"Ocean Grant Programme\",\"description\":\"\",\"potentialAction\":[{\"@type\":\"SearchAction\",\"target\":{\"@type\":\"EntryPoint\",\"urlTemplate\":\"https:\/\/oceangrants.org.uk\/es\/?s={search_term_string}\"},\"query-input\":{\"@type\":\"PropertyValueSpecification\",\"valueRequired\":true,\"valueName\":\"search_term_string\"}}],\"inLanguage\":\"es-ES\"}]}<\/script>\n<!-- \/ Yoast SEO plugin. -->","yoast_head_json":{"title":"Recursos para solicitantes - Ocean Grant Programme","description":"Lea nuestra gu\u00eda y las preguntas frecuentes para los solicitantes del Programa de Subvenciones OCEAN.","robots":{"index":"index","follow":"follow","max-snippet":"max-snippet:-1","max-image-preview":"max-image-preview:large","max-video-preview":"max-video-preview:-1"},"canonical":"https:\/\/oceangrants.org.uk\/es\/recursos\/recursos-para-solicitantes\/","og_locale":"es_ES","og_type":"article","og_title":"Recursos para solicitantes - Ocean Grant Programme","og_description":"Lea nuestra gu\u00eda y las preguntas frecuentes para los solicitantes del Programa de Subvenciones OCEAN.","og_url":"https:\/\/oceangrants.org.uk\/es\/recursos\/recursos-para-solicitantes\/","og_site_name":"Ocean Grant Programme","article_modified_time":"2026-02-16T11:15:14+00:00","twitter_card":"summary_large_image","twitter_misc":{"Est. reading time":"1 minute"},"schema":{"@context":"https:\/\/schema.org","@graph":[{"@type":"WebPage","@id":"https:\/\/oceangrants.org.uk\/es\/recursos\/recursos-para-solicitantes\/","url":"https:\/\/oceangrants.org.uk\/es\/recursos\/recursos-para-solicitantes\/","name":"Recursos para solicitantes - Ocean Grant Programme","isPartOf":{"@id":"https:\/\/oceangrants.org.uk\/es\/#website"},"datePublished":"2024-01-29T12:39:03+00:00","dateModified":"2026-02-16T11:15:14+00:00","description":"Lea nuestra gu\u00eda y las preguntas frecuentes para los solicitantes del Programa de Subvenciones OCEAN.","breadcrumb":{"@id":"https:\/\/oceangrants.org.uk\/es\/recursos\/recursos-para-solicitantes\/#breadcrumb"},"inLanguage":"es-ES","potentialAction":[{"@type":"ReadAction","target":["https:\/\/oceangrants.org.uk\/es\/recursos\/recursos-para-solicitantes\/"]}]},{"@type":"BreadcrumbList","@id":"https:\/\/oceangrants.org.uk\/es\/recursos\/recursos-para-solicitantes\/#breadcrumb","itemListElement":[{"@type":"ListItem","position":1,"name":"Home","item":"https:\/\/oceangrants.org.uk\/es\/"},{"@type":"ListItem","position":2,"name":"Recursos","item":"https:\/\/oceangrants.org.uk\/es\/recursos\/"},{"@type":"ListItem","position":3,"name":"Recursos para solicitantes"}]},{"@type":"WebSite","@id":"https:\/\/oceangrants.org.uk\/es\/#website","url":"https:\/\/oceangrants.org.uk\/es\/","name":"Ocean Grant Programme","description":"","potentialAction":[{"@type":"SearchAction","target":{"@type":"EntryPoint","urlTemplate":"https:\/\/oceangrants.org.uk\/es\/?s={search_term_string}"},"query-input":{"@type":"PropertyValueSpecification","valueRequired":true,"valueName":"search_term_string"}}],"inLanguage":"es-ES"}]}},"_links":{"self":[{"href":"https:\/\/oceangrants.org.uk\/es\/wp-json\/wp\/v2\/pages\/3173","targetHints":{"allow":["GET"]}}],"collection":[{"href":"https:\/\/oceangrants.org.uk\/es\/wp-json\/wp\/v2\/pages"}],"about":[{"href":"https:\/\/oceangrants.org.uk\/es\/wp-json\/wp\/v2\/types\/page"}],"author":[{"embeddable":true,"href":"https:\/\/oceangrants.org.uk\/es\/wp-json\/wp\/v2\/users\/1"}],"replies":[{"embeddable":true,"href":"https:\/\/oceangrants.org.uk\/es\/wp-json\/wp\/v2\/comments?post=3173"}],"version-history":[{"count":25,"href":"https:\/\/oceangrants.org.uk\/es\/wp-json\/wp\/v2\/pages\/3173\/revisions"}],"predecessor-version":[{"id":10073,"href":"https:\/\/oceangrants.org.uk\/es\/wp-json\/wp\/v2\/pages\/3173\/revisions\/10073"}],"up":[{"embeddable":true,"href":"https:\/\/oceangrants.org.uk\/es\/wp-json\/wp\/v2\/pages\/3228"}],"wp:attachment":[{"href":"https:\/\/oceangrants.org.uk\/es\/wp-json\/wp\/v2\/media?parent=3173"}],"curies":[{"name":"wp","href":"https:\/\/api.w.org\/{rel}","templated":true}]}}