{"id":4312,"date":"2023-11-06T13:06:07","date_gmt":"2023-11-06T13:06:07","guid":{"rendered":"https:\/\/oceangrants.org.uk\/?page_id=4312"},"modified":"2024-09-15T19:39:31","modified_gmt":"2024-09-15T18:39:31","slug":"aviso-de-privacidad","status":"publish","type":"page","link":"https:\/\/oceangrants.org.uk\/es\/aviso-de-privacidad\/","title":{"rendered":"Aviso de privacidad"},"content":{"rendered":"\n<p>El objeto de este Aviso de Privacidad es informarle sobre el uso que se har\u00e1 de sus datos personales en relaci\u00f3n con el Programa de Subvenciones Ocean Community Empowerment and Nature.<\/p>\n\n\n\n<h2 class=\"wp-block-heading\">1. \u00bfQui\u00e9nes recopilan mis datos personales?<\/h2>\n\n\n\n<p>El responsable del tratamiento de datos es el Departamento de Medioambiente, Alimentos y Asuntos Rurales (Defra). Podr\u00e1 ponerse en contacto con el Responsable de Protecci\u00f3n de Datos de Defra por los siguientes medios:<\/p>\n\n\n\n<p><em>Direcci\u00f3n:<\/em>\u00a0Defra Group Data Protection Officer, Department for Environment, Food and Rural Affairs, SW Quarter, 2nd floor, Seacole Block, 2 Marsham Street, London SW1P 4DF.<br><em>Correo electr\u00f3nico:<\/em>\u00a0<a href=\"mailto:DefraGroupDataProtectionOfficer@defra.gov.uk\"><strong>DefraGroupDataProtectionOfficer@defra.gov.uk<\/strong><\/a><\/p>\n\n\n\n<p>Las preguntas sobre c\u00f3mo estamos utilizando sus datos personales y los derechos que usted tiene en relaci\u00f3n con esto deben enviarse al contacto anterior.&nbsp;<\/p>\n\n\n\n<h2 class=\"wp-block-heading\">2. \u00bfQu\u00e9 tipos de datos personales m\u00edos se est\u00e1n recopilando y c\u00f3mo se utilizan? \u00bfCu\u00e1l es el fundamento para el tratamiento?<\/h2>\n\n\n\n<p>Datos personales significa toda informaci\u00f3n sobre una persona a partir de la cual se la pueda identificar.<\/p>\n\n\n\n<p>Defra podr\u00e1 recopilar su nombre, direcci\u00f3n, correo electr\u00f3nico, n\u00famero de tel\u00e9fono, datos de Skype, funci\u00f3n laboral y detalles de su experiencia profesional y su organizaci\u00f3n. Defra utilizar\u00e1 estos datos personales para procesar la solicitud de su organizaci\u00f3n al Programa de Subvenciones OCEAN y para la administraci\u00f3n, evaluaci\u00f3n, monitoreo y publicidad de los fondos. El procesamiento de estos datos es necesario para desempe\u00f1ar una tarea realizada en pos del inter\u00e9s p\u00fablico o en el ejercicio de la facultad oficial conferida a Defra en virtud del<em>&nbsp;<\/em>art\u00edculo 153 de la Ley de Protecci\u00f3n Ambiental (<em>Environmental Protection Act<\/em>) de 1990 y la Ley de Desarrollo Internacional (International Development Act) de 2002.<\/p>\n\n\n\n<p>Si usted es l\u00edder del proyecto en una solicitud que resulta seleccionada, quisi\u00e9ramos incluir su nombre en nuestro sitio web que se indica a continuaci\u00f3n. Nos proponemos tratar esta informaci\u00f3n seg\u00fan un criterio de finalidad p\u00fablica (art\u00edculo 6(1)(e)).<\/p>\n\n\n\n<p><a href=\"http:\/\/www.ocean-grants.org.uk\/\"><strong>www.ocean-grants.org.uk<\/strong><\/a>&nbsp;<\/p>\n\n\n\n<p>Tambi\u00e9n quisi\u00e9ramos incluir su direcci\u00f3n de correo electr\u00f3nico en la lista correspondiente de direcciones de correo electr\u00f3nico para que el Programa de Subvenciones OCEAN pueda enviarle ciertas comunicaciones en relaci\u00f3n con detalles relativos al fondo, boletines, eventos y comunicaciones generales sobre el fondo. Nos proponemos tratar esta informaci\u00f3n seg\u00fan un criterio de finalidad p\u00fablica (art\u00edculo 6(1)(e)).<\/p>\n\n\n\n<p>Es posible que se nos pida que divulguemos datos en algunas circunstancias para cumplir con las obligaciones legales que se nos imponen, incluidas las Reglamentaciones sobre Informaci\u00f3n Ambiental de 2004 y la Ley sobre Libertad de Informaci\u00f3n de 2000.<\/p>\n\n\n\n<h2 class=\"wp-block-heading\">3. \u00bfCon qui\u00e9nes se compartir\u00e1n mis datos personales?<\/h2>\n\n\n\n<p>Con el fin de administrar, monitorear y evaluar su solicitud y (en caso de que la solicitud resulte seleccionada) la subvenci\u00f3n, podr\u00edamos compartir sus datos personales con:<\/p>\n\n\n\n<ul class=\"wp-block-list\">\n<li>nuestro Administrador de Subvenciones (actualmente NIRAS Group UK u otro similar si se consigue un nuevo Administrador de Fondos);<\/li>\n\n\n\n<li>Programa de Subvenciones OCEAN \u2013 Grupos de Expertos (Comit\u00e9 de Expertos de OCEAN), seg\u00fan corresponda;<\/li>\n\n\n\n<li>otros \u00f3rganos gubernamentales (como la Oficina de Asuntos Exteriores, Commonwealth y Desarrollo, el Gabinete de Gobierno, la Fuerza Fronteriza, el Ministerio del Interior y el Ministerio de Defensa);<\/li>\n\n\n\n<li>cuando corresponda, los Gobiernos de Territorios de Ultramar del Reino Unido;<\/li>\n\n\n\n<li>expertos externos con el fin de evaluar la viabilidad de la solicitud de financiaci\u00f3n, revisar el progreso de su proyecto o el progreso del programa; y<\/li>\n\n\n\n<li>contratistas de TI con el prop\u00f3sito de gestionar nuestro sitio web si usted presta su consentimiento para que incluyamos sus datos personales en nuestro sitio web.<\/li>\n<\/ul>\n\n\n\n<h2 class=\"wp-block-heading\">4. \u00bfPor cu\u00e1nto tiempo se conservar\u00e1n mis datos personales?<\/h2>\n\n\n\n<p>Conservaremos sus datos financieros personales por un per\u00edodo de hasta 7 a\u00f1os despu\u00e9s de la finalizaci\u00f3n del proyecto, en consonancia con el per\u00edodo de retenci\u00f3n de informaci\u00f3n financiera, ya que esto podr\u00eda ser necesario para fines de auditor\u00eda.<\/p>\n\n\n\n<p>Los datos personales proporcionados en los formularios de solicitud y los formularios de presentaci\u00f3n de informes pueden conservarse durante un per\u00edodo de 15 a\u00f1os o m\u00e1s para fines de evaluaci\u00f3n independiente y examen del programa.<\/p>\n\n\n\n<h2 class=\"wp-block-heading\">5. \u00bfQu\u00e9 ocurrir\u00e1 si no proporciono los datos personales?<\/h2>\n\n\n\n<p>El hecho de no proporcionar los datos personales solicitados en el formulario de solicitud de fondos de subvenci\u00f3n impedir\u00eda realizar una evaluaci\u00f3n adecuada de la solicitud y administraci\u00f3n de la subvenci\u00f3n por parte de su organizaci\u00f3n y, por lo tanto, la invalidar\u00eda.<\/p>\n\n\n\n<h2 class=\"wp-block-heading\">6. \u00bfMis datos personales se utilizar\u00e1n con fines de toma de decisiones automatizada o de elaboraci\u00f3n de perfiles?<\/h2>\n\n\n\n<p>La informaci\u00f3n que usted proporciona no est\u00e1 relacionada con la toma de decisiones automatizada (tomar una decisi\u00f3n \u00fanicamente por medios automatizados sin ninguna participaci\u00f3n humana) ni la elaboraci\u00f3n de perfiles (procesamiento automatizado de datos personales para evaluar ciertos aspectos con respecto a una persona).<\/p>\n\n\n\n<h2 class=\"wp-block-heading\">7. \u00bfMis datos personales se transferir\u00e1n fuera del EEE? En ese caso, \u00bfc\u00f3mo se proteger\u00e1n?<\/h2>\n\n\n\n<p>Es posible que enviemos los datos personales incluidos en las propuestas de proyecto a las partes enumeradas en la secci\u00f3n 3 anterior, incluidas aquellas que est\u00e9n fuera del Espacio Econ\u00f3mico Europeo a un pa\u00eds respecto del cual no se haya tomado una decisi\u00f3n sobre adecuaci\u00f3n. Esto ser\u00e1 para favorecer la administraci\u00f3n, el monitoreo y la evaluaci\u00f3n de su solicitud y (si su solicitud resulta exitosa) de la subvenci\u00f3n.<\/p>\n\n\n\n<p>Antes de transferir sus datos personales a un pa\u00eds en el que no exista una decisi\u00f3n sobre adecuaci\u00f3n, nos cercioraremos de que existan salvaguardias adecuadas.<\/p>\n\n\n\n<p>Para consultar m\u00e1s informaci\u00f3n sobre estas medidas de protecci\u00f3n, p\u00f3ngase en contacto con el Responsable de Protecci\u00f3n de Datos de Defra.<\/p>\n\n\n\n<h2 class=\"wp-block-heading\">8. \u00bfCu\u00e1les son mis derechos?<\/h2>\n\n\n\n<p>Se puede consultar una lista de sus derechos en virtud del Reglamento General de Protecci\u00f3n de Datos, la Ley de Protecci\u00f3n de Datos de 2018 (<em>Data Protection Act<\/em>, DPA 2018) a trav\u00e9s de:&nbsp;<a href=\"https:\/\/ico.org.uk\/for-organisations\/guide-to-the-general-data-protection-regulation-gdpr\/individual-rights\/\"><strong>https:\/\/ico.org.uk\/for-organisations\/guide-to-the-general-data-protection-regulation-gdpr\/individual-rights\/<\/strong><\/a><\/p>\n\n\n\n<h2 class=\"wp-block-heading\">9. \u00bfC\u00f3mo puedo plantear una queja?<\/h2>\n\n\n\n<p>En primer lugar, debe plantear cualquier inquietud al Responsable de Protecci\u00f3n de Datos de Defra.&nbsp;<\/p>\n\n\n\n<p>Tambi\u00e9n tiene derecho a presentar una queja ante la ICO (Information Commissioners Office [Oficina de Comisionados de Informaci\u00f3n]) (autoridad supervisora) en cualquier momento. Si desea ejercer ese derecho, los detalles completos est\u00e1n disponibles en&nbsp;<a href=\"https:\/\/ico.org.uk\/for-organisations\/guide-to-the-general-data-protection-regulation-gdpr\/individual-rights\/\"><strong>https:\/\/ico.org.uk\/for-organisations\/guide-to-the-general-data-protection-regulation-gdpr\/individual-rights\/<\/strong><\/a>&nbsp;<\/p>\n\n\n\n<h2 class=\"wp-block-heading\">10. Carta sobre informaci\u00f3n personal<\/h2>\n\n\n\n<p>Para obtener m\u00e1s informaci\u00f3n sobre c\u00f3mo Defra procesa sus datos personales, consulte la Carta sobre Informaci\u00f3n de Defra aqu\u00ed:&nbsp;<a href=\"https:\/\/www.gov.uk\/government\/organisations\/department-for-environment-food-rural-affairs\/about\/personal-information-charter\"><strong>www.gov.uk\/government\/organisations\/department-for-environment-food-rural-affairs\/about\/personal-information-charter<\/strong><\/a><\/p>\n\n\n\n<p>Si no tiene acceso a Internet, llame por tel\u00e9fono a la l\u00ednea de ayuda de Defra al +44 (0)8459 33 55 77 y pida&nbsp; hablar con el Responsable de Protecci\u00f3n de Datos para obtener una copia de la Carta de Informaci\u00f3n.<\/p>\n","protected":false},"excerpt":{"rendered":"<p>El objeto de este Aviso de Privacidad es informarle sobre el uso que se har\u00e1 de sus datos personales en relaci\u00f3n con el Programa de Subvenciones Ocean Community Empowerment and Nature. 1. \u00bfQui\u00e9nes recopilan mis datos personales? El responsable del tratamiento de datos es el Departamento de Medioambiente, Alimentos y Asuntos Rurales (Defra). Podr\u00e1 ponerse [&hellip;]<\/p>\n","protected":false},"author":1,"featured_media":0,"parent":0,"menu_order":0,"comment_status":"closed","ping_status":"open","template":"","meta":{"_acf_changed":false,"footnotes":""},"class_list":["post-4312","page","type-page","status-publish","hentry"],"acf":[],"yoast_head":"<!-- This site is optimized with the Yoast SEO plugin v25.7 - https:\/\/yoast.com\/wordpress\/plugins\/seo\/ -->\n<title>Aviso de privacidad - Ocean Grant Programme<\/title>\n<meta name=\"robots\" content=\"index, follow, max-snippet:-1, max-image-preview:large, max-video-preview:-1\" \/>\n<link rel=\"canonical\" href=\"https:\/\/oceangrants.org.uk\/es\/aviso-de-privacidad\/\" \/>\n<meta property=\"og:locale\" content=\"es_ES\" \/>\n<meta property=\"og:type\" content=\"article\" \/>\n<meta property=\"og:title\" content=\"Aviso de privacidad - Ocean Grant Programme\" \/>\n<meta property=\"og:description\" content=\"El objeto de este Aviso de Privacidad es informarle sobre el uso que se har\u00e1 de sus datos personales en relaci\u00f3n con el Programa de Subvenciones Ocean Community Empowerment and Nature. 1. \u00bfQui\u00e9nes recopilan mis datos personales? El responsable del tratamiento de datos es el Departamento de Medioambiente, Alimentos y Asuntos Rurales (Defra). Podr\u00e1 ponerse [&hellip;]\" \/>\n<meta property=\"og:url\" content=\"https:\/\/oceangrants.org.uk\/es\/aviso-de-privacidad\/\" \/>\n<meta property=\"og:site_name\" content=\"Ocean Grant Programme\" \/>\n<meta property=\"article:modified_time\" content=\"2024-09-15T18:39:31+00:00\" \/>\n<meta name=\"twitter:card\" content=\"summary_large_image\" \/>\n<meta name=\"twitter:label1\" content=\"Est. reading time\" \/>\n\t<meta name=\"twitter:data1\" content=\"5 minutes\" \/>\n<script type=\"application\/ld+json\" class=\"yoast-schema-graph\">{\"@context\":\"https:\/\/schema.org\",\"@graph\":[{\"@type\":\"WebPage\",\"@id\":\"https:\/\/oceangrants.org.uk\/es\/aviso-de-privacidad\/\",\"url\":\"https:\/\/oceangrants.org.uk\/es\/aviso-de-privacidad\/\",\"name\":\"Aviso de privacidad - Ocean Grant Programme\",\"isPartOf\":{\"@id\":\"https:\/\/oceangrants.org.uk\/es\/#website\"},\"datePublished\":\"2023-11-06T13:06:07+00:00\",\"dateModified\":\"2024-09-15T18:39:31+00:00\",\"breadcrumb\":{\"@id\":\"https:\/\/oceangrants.org.uk\/es\/aviso-de-privacidad\/#breadcrumb\"},\"inLanguage\":\"es-ES\",\"potentialAction\":[{\"@type\":\"ReadAction\",\"target\":[\"https:\/\/oceangrants.org.uk\/es\/aviso-de-privacidad\/\"]}]},{\"@type\":\"BreadcrumbList\",\"@id\":\"https:\/\/oceangrants.org.uk\/es\/aviso-de-privacidad\/#breadcrumb\",\"itemListElement\":[{\"@type\":\"ListItem\",\"position\":1,\"name\":\"Home\",\"item\":\"https:\/\/oceangrants.org.uk\/es\/\"},{\"@type\":\"ListItem\",\"position\":2,\"name\":\"Aviso de privacidad\"}]},{\"@type\":\"WebSite\",\"@id\":\"https:\/\/oceangrants.org.uk\/es\/#website\",\"url\":\"https:\/\/oceangrants.org.uk\/es\/\",\"name\":\"Ocean Grant Programme\",\"description\":\"\",\"potentialAction\":[{\"@type\":\"SearchAction\",\"target\":{\"@type\":\"EntryPoint\",\"urlTemplate\":\"https:\/\/oceangrants.org.uk\/es\/?s={search_term_string}\"},\"query-input\":{\"@type\":\"PropertyValueSpecification\",\"valueRequired\":true,\"valueName\":\"search_term_string\"}}],\"inLanguage\":\"es-ES\"}]}<\/script>\n<!-- \/ Yoast SEO plugin. -->","yoast_head_json":{"title":"Aviso de privacidad - Ocean Grant Programme","robots":{"index":"index","follow":"follow","max-snippet":"max-snippet:-1","max-image-preview":"max-image-preview:large","max-video-preview":"max-video-preview:-1"},"canonical":"https:\/\/oceangrants.org.uk\/es\/aviso-de-privacidad\/","og_locale":"es_ES","og_type":"article","og_title":"Aviso de privacidad - Ocean Grant Programme","og_description":"El objeto de este Aviso de Privacidad es informarle sobre el uso que se har\u00e1 de sus datos personales en relaci\u00f3n con el Programa de Subvenciones Ocean Community Empowerment and Nature. 1. \u00bfQui\u00e9nes recopilan mis datos personales? El responsable del tratamiento de datos es el Departamento de Medioambiente, Alimentos y Asuntos Rurales (Defra). Podr\u00e1 ponerse [&hellip;]","og_url":"https:\/\/oceangrants.org.uk\/es\/aviso-de-privacidad\/","og_site_name":"Ocean Grant Programme","article_modified_time":"2024-09-15T18:39:31+00:00","twitter_card":"summary_large_image","twitter_misc":{"Est. reading time":"5 minutes"},"schema":{"@context":"https:\/\/schema.org","@graph":[{"@type":"WebPage","@id":"https:\/\/oceangrants.org.uk\/es\/aviso-de-privacidad\/","url":"https:\/\/oceangrants.org.uk\/es\/aviso-de-privacidad\/","name":"Aviso de privacidad - Ocean Grant Programme","isPartOf":{"@id":"https:\/\/oceangrants.org.uk\/es\/#website"},"datePublished":"2023-11-06T13:06:07+00:00","dateModified":"2024-09-15T18:39:31+00:00","breadcrumb":{"@id":"https:\/\/oceangrants.org.uk\/es\/aviso-de-privacidad\/#breadcrumb"},"inLanguage":"es-ES","potentialAction":[{"@type":"ReadAction","target":["https:\/\/oceangrants.org.uk\/es\/aviso-de-privacidad\/"]}]},{"@type":"BreadcrumbList","@id":"https:\/\/oceangrants.org.uk\/es\/aviso-de-privacidad\/#breadcrumb","itemListElement":[{"@type":"ListItem","position":1,"name":"Home","item":"https:\/\/oceangrants.org.uk\/es\/"},{"@type":"ListItem","position":2,"name":"Aviso de privacidad"}]},{"@type":"WebSite","@id":"https:\/\/oceangrants.org.uk\/es\/#website","url":"https:\/\/oceangrants.org.uk\/es\/","name":"Ocean Grant Programme","description":"","potentialAction":[{"@type":"SearchAction","target":{"@type":"EntryPoint","urlTemplate":"https:\/\/oceangrants.org.uk\/es\/?s={search_term_string}"},"query-input":{"@type":"PropertyValueSpecification","valueRequired":true,"valueName":"search_term_string"}}],"inLanguage":"es-ES"}]}},"_links":{"self":[{"href":"https:\/\/oceangrants.org.uk\/es\/wp-json\/wp\/v2\/pages\/4312","targetHints":{"allow":["GET"]}}],"collection":[{"href":"https:\/\/oceangrants.org.uk\/es\/wp-json\/wp\/v2\/pages"}],"about":[{"href":"https:\/\/oceangrants.org.uk\/es\/wp-json\/wp\/v2\/types\/page"}],"author":[{"embeddable":true,"href":"https:\/\/oceangrants.org.uk\/es\/wp-json\/wp\/v2\/users\/1"}],"replies":[{"embeddable":true,"href":"https:\/\/oceangrants.org.uk\/es\/wp-json\/wp\/v2\/comments?post=4312"}],"version-history":[{"count":1,"href":"https:\/\/oceangrants.org.uk\/es\/wp-json\/wp\/v2\/pages\/4312\/revisions"}],"predecessor-version":[{"id":4313,"href":"https:\/\/oceangrants.org.uk\/es\/wp-json\/wp\/v2\/pages\/4312\/revisions\/4313"}],"wp:attachment":[{"href":"https:\/\/oceangrants.org.uk\/es\/wp-json\/wp\/v2\/media?parent=4312"}],"curies":[{"name":"wp","href":"https:\/\/api.w.org\/{rel}","templated":true}]}}