{"id":4314,"date":"2024-03-13T14:46:55","date_gmt":"2024-03-13T14:46:55","guid":{"rendered":"https:\/\/oceangrants.org.uk\/?page_id=4314"},"modified":"2026-02-16T11:12:35","modified_gmt":"2026-02-16T11:12:35","slug":"politica-de-denuncia-de-irregularidades","status":"publish","type":"page","link":"https:\/\/oceangrants.org.uk\/es\/politica-de-denuncia-de-irregularidades\/","title":{"rendered":"Pol\u00edtica de denuncia de irregularidades"},"content":{"rendered":"\n<h2 class=\"wp-block-heading\">1. Introducci\u00f3n<\/h2>\n\n\n\n<p>El Programa de Subvenciones OCEAN se compromete a cumplir con los est\u00e1ndares de conducta \u00e9tica m\u00e1s exigentes, as\u00ed como a asegurar transparencia, rendici\u00f3n de cuentas y probidad en la provisi\u00f3n de sus servicios y el cumplimiento de todas las pol\u00edticas, leyes, normas y reglamentaciones nacionales e internacionales aplicables.&nbsp;<\/p>\n\n\n\n<p>Como parte de este compromiso, el Programa de Subvenciones OCEAN insta a todos los solicitantes, Socios de Ejecuci\u00f3n y otras partes interesadas a informar sobre todo tipo de inquietudes, quejas o presuntas irregularidades vinculadas con el Fondo a trav\u00e9s de los canales de comunicaci\u00f3n identificados. Esta Pol\u00edtica de Denuncia de Irregularidades se dise\u00f1\u00f3 con la intenci\u00f3n de establecer un mecanismo a trav\u00e9s del cual las personas puedan denunciar estos asuntos de manera confidencial, sin temor a represalias.<\/p>\n\n\n\n<h2 class=\"wp-block-heading\">2. Alcance<\/h2>\n\n\n\n<p>Esta pol\u00edtica se aplica a todos los solicitantes, Socios de Ejecuci\u00f3n, consultores, contratistas, proveedores, partes interesadas y dem\u00e1s personas relacionadas con el Programa de Subvenciones OCEAN.<\/p>\n\n\n\n<p>En particular, el mecanismo de Denuncia de Irregularidades deber\u00eda utilizarse para informar sobre instancias de corrupci\u00f3n, fraude, lavado de dinero, desv\u00edo de asistencia, trata de personas, esclavitud, explotaci\u00f3n, abuso y acoso sexuales (EAAS), inquietudes sobre ni\u00f1os y ni\u00f1as y adultos vulnerables, financiaci\u00f3n de grupos u organizaciones proscritos y dem\u00e1s violaciones que conciten consternaci\u00f3n relacionadas con el Programa de Subvenciones OCEAN, las personas asociadas con este y sus proyectos.<\/p>\n\n\n\n<h2 class=\"wp-block-heading\">3. Canal de Denuncia Confidencial<\/h2>\n\n\n\n<p>A fin de que el Programa de Subvenciones OCEAN est\u00e9 en condiciones de rendir cuentas, se han establecido canales confidenciales para la denuncia de irregularidades. El Programa de Subvenciones OCEAN alienta a todos los solicitantes, Socios de Ejecuci\u00f3n y otras partes interesadas a denunciar todo tipo de inquietudes, quejas o presuntas irregularidades relacionadas con el Fondo a trav\u00e9s de los canales que se detallan a continuaci\u00f3n.<\/p>\n\n\n\n<p>Los Administradores de Subvenciones de OCEAN (NIRAS) son el primer punto de contacto respecto de cualquier inquietud de baja gravedad que usted pueda tener. Si se siente c\u00f3modo planteando su inquietud directamente a NIRAS y considera que no se trata de una irregularidad grave que deba informarse a Defra, entonces tenga a bien enviar lo que desea informar por correo electr\u00f3nico a:<\/p>\n\n\n\n<ul class=\"wp-block-list\">\n<li>Inquietudes y denuncias generales: <a href=\"mailto:helpdesk@oceangrants.org.uk\">helpdesk@oceangrants.org.uk<\/a>\u00a0\u00a0\u00a0<\/li>\n<\/ul>\n\n\n\n<p>Si lo que usted comunica se refiere a una inquietud, incidente o queja graves, o si no se siente c\u00f3modo inform\u00e1ndolo a NIRAS, entonces deber\u00e1 enviar su informe por correo electr\u00f3nico directamente a Defra utilizando las direcciones de correo electr\u00f3nico que se indican a continuaci\u00f3n. Tenga presente que si lo que informa se refiere a una consideraci\u00f3n de Fraude o Salvaguardia, en todos los casos deber\u00e1 transmitirse directamente a Defra.<\/p>\n\n\n\n<ul class=\"wp-block-list\">\n<li>Consideraciones de fraude y error: <a href=\"mailto:fraudanderror@defra.gov.uk\">fraudanderror@defra.gov.uk<\/a>\u00a0\u00a0<\/li>\n\n\n\n<li>Consideraciones sobre salvaguardia (incluidos temas de EAAS): <a href=\"mailto:ODA.Safeguarding@defra.gov.uk\">ODA.Safeguarding@defra.gov.uk<\/a>\u00a0\u00a0<\/li>\n\n\n\n<li>Otras consideraciones: Secretar\u00eda de OCEAN: <a href=\"mailto:OCEAN@defra.gov.uk\">OCEAN@defra.gov.uk<\/a>\u00a0<\/li>\n<\/ul>\n\n\n\n<p>Los socios, consultores, contratistas, proveedores, voluntarios, partes interesadas y personas asociadas que est\u00e9n involucrados en actividades financiadas por Defra deben, en todos los casos, informar de inmediato toda sospecha, se\u00f1alamiento o incidente concreto a trav\u00e9s del canal de denuncia correspondiente. Las denuncias y consideraciones recibir\u00e1n seguimiento de conformidad con lo establecido en las pol\u00edticas y los procedimientos, as\u00ed como las obligaciones legales y regulatorias; y se asegurar\u00e1 de que la persona sobreviviente, cuando corresponda, est\u00e9 totalmente protegida y su identidad quede anonimizada (si as\u00ed lo solicita).&nbsp;<\/p>\n\n\n\n<h2 class=\"wp-block-heading\">4. Protecci\u00f3n frente a vulneraciones de la confidencialidad o represalias<\/h2>\n\n\n\n<p>El Programa de Subvenciones OCEAN proh\u00edbe en forma categ\u00f3rica las vulneraciones de la confidencialidad y\/o las represalias contra personas que informen de buena fe inquietudes o presuntas irregularidades. Toda forma de vulneraci\u00f3n de la confidencialidad o represalia constituye una violaci\u00f3n de la presente pol\u00edtica y dar\u00e1 lugar a medidas disciplinarias, incluida la cancelaci\u00f3n de la financiaci\u00f3n del proyecto.&nbsp;<\/p>\n\n\n\n<h2 class=\"wp-block-heading\">5. Proceso de investigaci\u00f3n<\/h2>\n\n\n\n<p>Al recibir una denuncia sobre irregularidades, Defra solicitar\u00e1 a los socios de ejecuci\u00f3n implicados que brinden una respuesta a la denuncia. A partir de una evaluaci\u00f3n inicial del valor del fraude y el nivel de riesgo para la reputaci\u00f3n, el socio involucrado (con la supervisi\u00f3n y el apoyo de NIRAS), deber\u00e1 entonces llevar a cabo investigaciones preliminares en el pa\u00eds (o DEFRA podr\u00eda iniciar su propia investigaci\u00f3n, sobre la base del an\u00e1lisis de cada caso en particular). NIRAS trabajar\u00e1 en colaboraci\u00f3n estrecha con el socio involucrado para cerciorarse de que este designe a una persona o equipo para que se ocupe de investigar la denuncia de inquietud o presunta irregularidad.&nbsp;<\/p>\n\n\n\n<p>El Programa de Subvenciones OCEAN tiene el compromiso de realizar investigaciones exhaustivas y oportunas. Se informar\u00e1 peri\u00f3dicamente a la persona denunciante sobre el progreso de la investigaci\u00f3n, en la medida de lo posible sin comprometer el curso de dicha investigaci\u00f3n, respetando toda solicitud de anonimato y de forma acorde con las leyes aplicables. Una vez concluida la investigaci\u00f3n, Defra determinar\u00e1 si la inquietud informada se encuentra justificada o no.&nbsp;<\/p>\n\n\n\n<p>Si se ha demostrado la irregularidad, Defra trabajar\u00e1 con las personas involucradas para tomar las medidas correctivas pertinentes. Las denuncias y consideraciones recibir\u00e1n seguimiento de conformidad con lo establecido en la pol\u00edtica y los procedimientos, as\u00ed como las obligaciones legales y regulatorias; y se asegurar\u00e1 de que la persona sobreviviente, cuando corresponda, est\u00e9 totalmente protegida y anonimizada (si as\u00ed lo solicitan). DEFRA comunicar\u00e1 el resultado de la investigaci\u00f3n a la persona denunciante en la medida de lo posible, respetando toda solicitud de anonimato y conforme a lo establecido en las leyes aplicables.<\/p>\n\n\n\n<h2 class=\"wp-block-heading\">6. Revisi\u00f3n y enmienda<\/h2>\n\n\n\n<p>Esta Pol\u00edtica de Denuncia de Irregularidades se revisar\u00e1 y actualizar\u00e1 peri\u00f3dicamente seg\u00fan resulte necesario para asegurar su eficacia y el cumplimiento de las leyes y regulaciones aplicables.<\/p>\n\n\n\n<p>El Programa de Subvenciones OCEAN tiene el compromiso de fomentar un entorno en el que las personas se sientan seguras para denunciar inquietudes sin temor a represalias.<\/p>\n","protected":false},"excerpt":{"rendered":"<p>1. Introducci\u00f3n El Programa de Subvenciones OCEAN se compromete a cumplir con los est\u00e1ndares de conducta \u00e9tica m\u00e1s exigentes, as\u00ed como a asegurar transparencia, rendici\u00f3n de cuentas y probidad en la provisi\u00f3n de sus servicios y el cumplimiento de todas las pol\u00edticas, leyes, normas y reglamentaciones nacionales e internacionales aplicables.&nbsp; Como parte de este compromiso, [&hellip;]<\/p>\n","protected":false},"author":1,"featured_media":0,"parent":0,"menu_order":0,"comment_status":"closed","ping_status":"closed","template":"","meta":{"_acf_changed":false,"footnotes":""},"class_list":["post-4314","page","type-page","status-publish","hentry"],"acf":[],"yoast_head":"<!-- This site is optimized with the Yoast SEO plugin v25.7 - https:\/\/yoast.com\/wordpress\/plugins\/seo\/ -->\n<title>Pol\u00edtica de denuncia de irregularidades - Ocean Grant Programme<\/title>\n<meta name=\"description\" content=\"Proceso formal de OCEAN para la gesti\u00f3n justa y transparente de las reclamaciones.\" \/>\n<meta name=\"robots\" content=\"index, follow, max-snippet:-1, max-image-preview:large, max-video-preview:-1\" \/>\n<link rel=\"canonical\" href=\"https:\/\/oceangrants.org.uk\/es\/politica-de-denuncia-de-irregularidades\/\" \/>\n<meta property=\"og:locale\" content=\"es_ES\" \/>\n<meta property=\"og:type\" content=\"article\" \/>\n<meta property=\"og:title\" content=\"Pol\u00edtica de denuncia de irregularidades - Ocean Grant Programme\" \/>\n<meta property=\"og:description\" content=\"Proceso formal de OCEAN para la gesti\u00f3n justa y transparente de las reclamaciones.\" \/>\n<meta property=\"og:url\" content=\"https:\/\/oceangrants.org.uk\/es\/politica-de-denuncia-de-irregularidades\/\" \/>\n<meta property=\"og:site_name\" content=\"Ocean Grant Programme\" \/>\n<meta property=\"article:modified_time\" content=\"2026-02-16T11:12:35+00:00\" \/>\n<meta name=\"twitter:card\" content=\"summary_large_image\" \/>\n<meta name=\"twitter:label1\" content=\"Est. reading time\" \/>\n\t<meta name=\"twitter:data1\" content=\"5 minutes\" \/>\n<script type=\"application\/ld+json\" class=\"yoast-schema-graph\">{\"@context\":\"https:\/\/schema.org\",\"@graph\":[{\"@type\":\"WebPage\",\"@id\":\"https:\/\/oceangrants.org.uk\/es\/politica-de-denuncia-de-irregularidades\/\",\"url\":\"https:\/\/oceangrants.org.uk\/es\/politica-de-denuncia-de-irregularidades\/\",\"name\":\"Pol\u00edtica de denuncia de irregularidades - Ocean Grant Programme\",\"isPartOf\":{\"@id\":\"https:\/\/oceangrants.org.uk\/es\/#website\"},\"datePublished\":\"2024-03-13T14:46:55+00:00\",\"dateModified\":\"2026-02-16T11:12:35+00:00\",\"description\":\"Proceso formal de OCEAN para la gesti\u00f3n justa y transparente de las reclamaciones.\",\"breadcrumb\":{\"@id\":\"https:\/\/oceangrants.org.uk\/es\/politica-de-denuncia-de-irregularidades\/#breadcrumb\"},\"inLanguage\":\"es-ES\",\"potentialAction\":[{\"@type\":\"ReadAction\",\"target\":[\"https:\/\/oceangrants.org.uk\/es\/politica-de-denuncia-de-irregularidades\/\"]}]},{\"@type\":\"BreadcrumbList\",\"@id\":\"https:\/\/oceangrants.org.uk\/es\/politica-de-denuncia-de-irregularidades\/#breadcrumb\",\"itemListElement\":[{\"@type\":\"ListItem\",\"position\":1,\"name\":\"Home\",\"item\":\"https:\/\/oceangrants.org.uk\/es\/\"},{\"@type\":\"ListItem\",\"position\":2,\"name\":\"Pol\u00edtica de denuncia de irregularidades\"}]},{\"@type\":\"WebSite\",\"@id\":\"https:\/\/oceangrants.org.uk\/es\/#website\",\"url\":\"https:\/\/oceangrants.org.uk\/es\/\",\"name\":\"Ocean Grant Programme\",\"description\":\"\",\"potentialAction\":[{\"@type\":\"SearchAction\",\"target\":{\"@type\":\"EntryPoint\",\"urlTemplate\":\"https:\/\/oceangrants.org.uk\/es\/?s={search_term_string}\"},\"query-input\":{\"@type\":\"PropertyValueSpecification\",\"valueRequired\":true,\"valueName\":\"search_term_string\"}}],\"inLanguage\":\"es-ES\"}]}<\/script>\n<!-- \/ Yoast SEO plugin. -->","yoast_head_json":{"title":"Pol\u00edtica de denuncia de irregularidades - Ocean Grant Programme","description":"Proceso formal de OCEAN para la gesti\u00f3n justa y transparente de las reclamaciones.","robots":{"index":"index","follow":"follow","max-snippet":"max-snippet:-1","max-image-preview":"max-image-preview:large","max-video-preview":"max-video-preview:-1"},"canonical":"https:\/\/oceangrants.org.uk\/es\/politica-de-denuncia-de-irregularidades\/","og_locale":"es_ES","og_type":"article","og_title":"Pol\u00edtica de denuncia de irregularidades - Ocean Grant Programme","og_description":"Proceso formal de OCEAN para la gesti\u00f3n justa y transparente de las reclamaciones.","og_url":"https:\/\/oceangrants.org.uk\/es\/politica-de-denuncia-de-irregularidades\/","og_site_name":"Ocean Grant Programme","article_modified_time":"2026-02-16T11:12:35+00:00","twitter_card":"summary_large_image","twitter_misc":{"Est. reading time":"5 minutes"},"schema":{"@context":"https:\/\/schema.org","@graph":[{"@type":"WebPage","@id":"https:\/\/oceangrants.org.uk\/es\/politica-de-denuncia-de-irregularidades\/","url":"https:\/\/oceangrants.org.uk\/es\/politica-de-denuncia-de-irregularidades\/","name":"Pol\u00edtica de denuncia de irregularidades - Ocean Grant Programme","isPartOf":{"@id":"https:\/\/oceangrants.org.uk\/es\/#website"},"datePublished":"2024-03-13T14:46:55+00:00","dateModified":"2026-02-16T11:12:35+00:00","description":"Proceso formal de OCEAN para la gesti\u00f3n justa y transparente de las reclamaciones.","breadcrumb":{"@id":"https:\/\/oceangrants.org.uk\/es\/politica-de-denuncia-de-irregularidades\/#breadcrumb"},"inLanguage":"es-ES","potentialAction":[{"@type":"ReadAction","target":["https:\/\/oceangrants.org.uk\/es\/politica-de-denuncia-de-irregularidades\/"]}]},{"@type":"BreadcrumbList","@id":"https:\/\/oceangrants.org.uk\/es\/politica-de-denuncia-de-irregularidades\/#breadcrumb","itemListElement":[{"@type":"ListItem","position":1,"name":"Home","item":"https:\/\/oceangrants.org.uk\/es\/"},{"@type":"ListItem","position":2,"name":"Pol\u00edtica de denuncia de irregularidades"}]},{"@type":"WebSite","@id":"https:\/\/oceangrants.org.uk\/es\/#website","url":"https:\/\/oceangrants.org.uk\/es\/","name":"Ocean Grant Programme","description":"","potentialAction":[{"@type":"SearchAction","target":{"@type":"EntryPoint","urlTemplate":"https:\/\/oceangrants.org.uk\/es\/?s={search_term_string}"},"query-input":{"@type":"PropertyValueSpecification","valueRequired":true,"valueName":"search_term_string"}}],"inLanguage":"es-ES"}]}},"_links":{"self":[{"href":"https:\/\/oceangrants.org.uk\/es\/wp-json\/wp\/v2\/pages\/4314","targetHints":{"allow":["GET"]}}],"collection":[{"href":"https:\/\/oceangrants.org.uk\/es\/wp-json\/wp\/v2\/pages"}],"about":[{"href":"https:\/\/oceangrants.org.uk\/es\/wp-json\/wp\/v2\/types\/page"}],"author":[{"embeddable":true,"href":"https:\/\/oceangrants.org.uk\/es\/wp-json\/wp\/v2\/users\/1"}],"replies":[{"embeddable":true,"href":"https:\/\/oceangrants.org.uk\/es\/wp-json\/wp\/v2\/comments?post=4314"}],"version-history":[{"count":1,"href":"https:\/\/oceangrants.org.uk\/es\/wp-json\/wp\/v2\/pages\/4314\/revisions"}],"predecessor-version":[{"id":4315,"href":"https:\/\/oceangrants.org.uk\/es\/wp-json\/wp\/v2\/pages\/4314\/revisions\/4315"}],"wp:attachment":[{"href":"https:\/\/oceangrants.org.uk\/es\/wp-json\/wp\/v2\/media?parent=4314"}],"curies":[{"name":"wp","href":"https:\/\/api.w.org\/{rel}","templated":true}]}}