{"id":3041,"date":"2024-04-24T15:19:08","date_gmt":"2024-04-24T14:19:08","guid":{"rendered":"https:\/\/oceangrants.org.uk\/?page_id=3041"},"modified":"2024-07-08T15:23:49","modified_gmt":"2024-07-08T14:23:49","slug":"ressources","status":"publish","type":"page","link":"https:\/\/oceangrants.org.uk\/fr\/ressources\/","title":{"rendered":"Ressources"},"content":{"rendered":"\t\t<div data-elementor-type=\"wp-page\" data-elementor-id=\"3041\" class=\"elementor elementor-3041 elementor-2579\" data-elementor-post-type=\"page\">\n\t\t\t\t<div data-particle_enable=\"false\" data-particle-mobile-disabled=\"false\" class=\"elementor-element elementor-element-76c9c5db e-flex e-con-boxed e-con e-parent\" data-id=\"76c9c5db\" data-element_type=\"container\" data-settings=\"{&quot;background_background&quot;:&quot;classic&quot;,&quot;shape_divider_bottom&quot;:&quot;curve&quot;}\">\n\t\t\t\t\t<div class=\"e-con-inner\">\n\t\t\t\t<div class=\"elementor-shape elementor-shape-bottom\" aria-hidden=\"true\" data-negative=\"false\">\n\t\t\t<svg xmlns=\"http:\/\/www.w3.org\/2000\/svg\" viewBox=\"0 0 1000 100\" preserveAspectRatio=\"none\">\n    <path class=\"elementor-shape-fill\" d=\"M1000,4.3V0H0v4.3C0.9,23.1,126.7,99.2,500,100S1000,22.7,1000,4.3z\"\/>\n<\/svg>\t\t<\/div>\n\t\t\t\t<div class=\"elementor-element elementor-element-701dfad2 elementor-widget__width-initial elementor-widget elementor-widget-heading\" data-id=\"701dfad2\" data-element_type=\"widget\" data-widget_type=\"heading.default\">\n\t\t\t\t<div class=\"elementor-widget-container\">\n\t\t\t\t\t<h1 class=\"elementor-heading-title elementor-size-default\">Ressources\n<\/h1>\t\t\t\t<\/div>\n\t\t\t\t<\/div>\n\t\t\t\t<div class=\"elementor-element elementor-element-66c43ec6 elementor-widget__width-initial elementor-widget-widescreen__width-auto elementor-widget elementor-widget-text-editor\" data-id=\"66c43ec6\" data-element_type=\"widget\" data-widget_type=\"text-editor.default\">\n\t\t\t\t<div class=\"elementor-widget-container\">\n\t\t\t\t\t\t\t\t\t<p>Orientations et autres informations utiles pour les b\u00e9n\u00e9ficiaires et les candidats.<\/p>\t\t\t\t\t\t\t\t<\/div>\n\t\t\t\t<\/div>\n\t\t\t\t\t<\/div>\n\t\t\t\t<\/div>\n\t\t<div data-particle_enable=\"false\" data-particle-mobile-disabled=\"false\" class=\"elementor-element elementor-element-9b19751 e-flex e-con-boxed e-con e-parent\" data-id=\"9b19751\" data-element_type=\"container\">\n\t\t\t\t\t<div class=\"e-con-inner\">\n\t\t\t\t<div class=\"elementor-element elementor-element-054cd2f elementor-hidden-mobile elementor-nav-menu__align-start elementor-nav-menu--dropdown-none elementor-widget elementor-widget-nav-menu\" data-id=\"054cd2f\" data-element_type=\"widget\" data-settings=\"{&quot;layout&quot;:&quot;horizontal&quot;,&quot;submenu_icon&quot;:{&quot;value&quot;:&quot;&lt;svg class=\\&quot;e-font-icon-svg e-fas-caret-down\\&quot; viewBox=\\&quot;0 0 320 512\\&quot; xmlns=\\&quot;http:\\\/\\\/www.w3.org\\\/2000\\\/svg\\&quot;&gt;&lt;path d=\\&quot;M31.3 192h257.3c17.8 0 26.7 21.5 14.1 34.1L174.1 354.8c-7.8 7.8-20.5 7.8-28.3 0L17.2 226.1C4.6 213.5 13.5 192 31.3 192z\\&quot;&gt;&lt;\\\/path&gt;&lt;\\\/svg&gt;&quot;,&quot;library&quot;:&quot;fa-solid&quot;}}\" data-widget_type=\"nav-menu.default\">\n\t\t\t\t<div class=\"elementor-widget-container\">\n\t\t\t\t\t\t\t\t<nav aria-label=\"Menu\" class=\"elementor-nav-menu--main elementor-nav-menu__container elementor-nav-menu--layout-horizontal e--pointer-text e--animation-float\">\n\t\t\t\t<ul id=\"menu-1-054cd2f\" class=\"elementor-nav-menu\"><li class=\"menu-item menu-item-type-post_type menu-item-object-page menu-item-3512\"><a href=\"https:\/\/oceangrants.org.uk\/fr\/ressources\/ressources-a-lintention-des-candidats\/\" class=\"elementor-item\">Ressources \u00e0 l\u2019intention des candidats<\/a><\/li>\n<li class=\"menu-item menu-item-type-post_type menu-item-object-page menu-item-6460\"><a href=\"https:\/\/oceangrants.org.uk\/fr\/ressources\/ressources-a-lintention-des-beneficiaires\/\" class=\"elementor-item\">Ressources \u00e0 l\u2019intention des b\u00e9n\u00e9ficiaires<\/a><\/li>\n<\/ul>\t\t\t<\/nav>\n\t\t\t\t\t\t<nav class=\"elementor-nav-menu--dropdown elementor-nav-menu__container\" aria-hidden=\"true\">\n\t\t\t\t<ul id=\"menu-2-054cd2f\" class=\"elementor-nav-menu\"><li class=\"menu-item menu-item-type-post_type menu-item-object-page menu-item-3512\"><a href=\"https:\/\/oceangrants.org.uk\/fr\/ressources\/ressources-a-lintention-des-candidats\/\" class=\"elementor-item\" tabindex=\"-1\">Ressources \u00e0 l\u2019intention des candidats<\/a><\/li>\n<li class=\"menu-item menu-item-type-post_type menu-item-object-page menu-item-6460\"><a href=\"https:\/\/oceangrants.org.uk\/fr\/ressources\/ressources-a-lintention-des-beneficiaires\/\" class=\"elementor-item\" tabindex=\"-1\">Ressources \u00e0 l\u2019intention des b\u00e9n\u00e9ficiaires<\/a><\/li>\n<\/ul>\t\t\t<\/nav>\n\t\t\t\t\t\t<\/div>\n\t\t\t\t<\/div>\n\t\t\t\t<div class=\"elementor-element elementor-element-715ce36 elementor-widget elementor-widget-insights_feed\" data-id=\"715ce36\" data-element_type=\"widget\" data-widget_type=\"insights_feed.default\">\n\t\t\t\t<div class=\"elementor-widget-container\">\n\t\t\t\t\t    <section id=\"feed\" class=\"feed\">\n      <feed-component\n        :feed-layout='{\"layout\":\"single_post_type\",\"postType\":\"grantee-resource\",\"enableFilters\":true,\"taxonomiesList\":[{\"taxonomy\":{\"name\":\"Grantee Resource Categories\",\"slug\":\"grantee-resource-category\"},\"terms\":[{\"name\":\"Formulaires\",\"slug\":\"formulaires\",\"taxonomy\":\"grantee-resource-category\"},{\"name\":\"Guide\",\"slug\":\"communication\",\"taxonomy\":\"grantee-resource-category\"},{\"name\":\"Mod\\u00e8le\",\"slug\":\"modele-de-rapport-annuel\",\"taxonomy\":\"grantee-resource-category\"},{\"name\":\"Mod\\u00e8le\",\"slug\":\"modele-dindicateur-standard\",\"taxonomy\":\"grantee-resource-category\"},{\"name\":\"Mod\\u00e8le\",\"slug\":\"cadre-logique\",\"taxonomy\":\"grantee-resource-category\"},{\"name\":\"Mod\\u00e8le\",\"slug\":\"annual-report-template-fr\",\"taxonomy\":\"grantee-resource-category\"}]}]}'\n        :translations='{\"Load Previous Insights\":\"Load Previous Insights\",\"Load More Insights\":\"Load More Insights\",\"No results to show\":\"Pas de r\\u00e9sultats \\u00e0 montrer\",\"Find out more\":\"Savoir plus\",\"Filter\":\"Filter\",\"Clear all filters\":\"Clear all filters\",\"All\":\"All\",\"Location\":\"Location\",\"Register\":\"Register\",\"Share\":\"Share\",\"Event\":\"Event\"}'\n        language-code='fr'\n        title='' \/>\n    <\/section>\n\t\t\t\t<\/div>\n\t\t\t\t<\/div>\n\t\t\t\t\t<\/div>\n\t\t\t\t<\/div>\n\t\t<div data-particle_enable=\"false\" data-particle-mobile-disabled=\"false\" class=\"elementor-element elementor-element-3b48164 e-flex e-con-boxed e-con e-parent\" data-id=\"3b48164\" data-element_type=\"container\" data-settings=\"{&quot;shape_divider_bottom&quot;:&quot;curve&quot;,&quot;shape_divider_bottom_negative&quot;:&quot;yes&quot;}\">\n\t\t\t\t\t<div class=\"e-con-inner\">\n\t\t\t\t<div class=\"elementor-shape elementor-shape-bottom\" aria-hidden=\"true\" data-negative=\"true\">\n\t\t\t<svg xmlns=\"http:\/\/www.w3.org\/2000\/svg\" viewBox=\"0 0 1000 100\" preserveAspectRatio=\"none\">\n\t<path class=\"elementor-shape-fill\" d=\"M500,97C126.7,96.3,0.8,19.8,0,0v100l1000,0V1C1000,19.4,873.3,97.8,500,97z\"\/>\n<\/svg>\t\t<\/div>\n\t\t<div data-particle_enable=\"false\" data-particle-mobile-disabled=\"false\" class=\"elementor-element elementor-element-a87c529 e-con-full e-flex e-con e-child\" data-id=\"a87c529\" data-element_type=\"container\">\n\t\t\t\t<div class=\"elementor-element elementor-element-4fd65db elementor-widget elementor-widget-image\" data-id=\"4fd65db\" data-element_type=\"widget\" data-widget_type=\"image.default\">\n\t\t\t\t<div class=\"elementor-widget-container\">\n\t\t\t\t\t\t\t\t\t\t\t\t\t\t\t<img fetchpriority=\"high\" decoding=\"async\" width=\"1024\" height=\"1024\" src=\"https:\/\/oceangrants.org.uk\/app\/uploads\/2023\/11\/ocg-saving-the-ocean-bwaarz5m4ag-unsplash_optimized-scaled-e1701262303343-1024x1024.jpg\" class=\"attachment-large size-large wp-image-2358\" alt=\"\" srcset=\"https:\/\/oceangrants.org.uk\/app\/uploads\/2023\/11\/ocg-saving-the-ocean-bwaarz5m4ag-unsplash_optimized-scaled-e1701262303343-1024x1024.jpg 1024w, https:\/\/oceangrants.org.uk\/app\/uploads\/2023\/11\/ocg-saving-the-ocean-bwaarz5m4ag-unsplash_optimized-scaled-e1701262303343-300x300.jpg 300w, https:\/\/oceangrants.org.uk\/app\/uploads\/2023\/11\/ocg-saving-the-ocean-bwaarz5m4ag-unsplash_optimized-scaled-e1701262303343-150x150.jpg 150w, https:\/\/oceangrants.org.uk\/app\/uploads\/2023\/11\/ocg-saving-the-ocean-bwaarz5m4ag-unsplash_optimized-scaled-e1701262303343-768x768.jpg 768w, https:\/\/oceangrants.org.uk\/app\/uploads\/2023\/11\/ocg-saving-the-ocean-bwaarz5m4ag-unsplash_optimized-scaled-e1701262303343-1536x1536.jpg 1536w, https:\/\/oceangrants.org.uk\/app\/uploads\/2023\/11\/ocg-saving-the-ocean-bwaarz5m4ag-unsplash_optimized-scaled-e1701262303343.jpg 1706w\" sizes=\"(max-width: 1024px) 100vw, 1024px\" \/>\t\t\t\t\t\t\t\t\t\t\t\t\t\t\t<\/div>\n\t\t\t\t<\/div>\n\t\t\t\t<\/div>\n\t\t<div data-particle_enable=\"false\" data-particle-mobile-disabled=\"false\" class=\"elementor-element elementor-element-c83f505 e-con-full e-flex e-con e-child\" data-id=\"c83f505\" data-element_type=\"container\">\n\t\t\t\t<div class=\"elementor-element elementor-element-5c52f76 elementor-widget elementor-widget-heading\" data-id=\"5c52f76\" data-element_type=\"widget\" data-widget_type=\"heading.default\">\n\t\t\t\t<div class=\"elementor-widget-container\">\n\t\t\t\t\t<h2 class=\"elementor-heading-title elementor-size-default\">Rejoindre notre communaut\u00e9<\/h2>\t\t\t\t<\/div>\n\t\t\t\t<\/div>\n\t\t\t\t<div class=\"elementor-element elementor-element-90759ab elementor-widget__width-initial elementor-widget-widescreen__width-auto elementor-widget elementor-widget-text-editor\" data-id=\"90759ab\" data-element_type=\"widget\" data-widget_type=\"text-editor.default\">\n\t\t\t\t<div class=\"elementor-widget-container\">\n\t\t\t\t\t\t\t\t\t<p>Nous voulons que tous ceux qui soumettent leur candidature \u00e0 OCEAN se sentent soutenus tout au long de leur parcours!<\/p><p>L\u2019un des moyens d\u2019y parvenir est de cr\u00e9er une communaut\u00e9 o\u00f9 chacun peut s\u2019entraider. Gr\u00e2ce \u00e0 notre communaut\u00e9 OCEAN \u2013 notre site d\u2019apprentissage et de mise en r\u00e9seau en ligne \u2013 les candidats et les b\u00e9n\u00e9ficiaires de subventions pourront se connecter, partager leur apprentissage, se soutenir les uns les autres et \u00e9changer des ressources et des id\u00e9es.<\/p>\t\t\t\t\t\t\t\t<\/div>\n\t\t\t\t<\/div>\n\t\t\t\t<div class=\"elementor-element elementor-element-c0b1be1 elementor-widget elementor-widget-button\" data-id=\"c0b1be1\" data-element_type=\"widget\" data-widget_type=\"button.default\">\n\t\t\t\t<div class=\"elementor-widget-container\">\n\t\t\t\t\t\t\t\t\t<div class=\"elementor-button-wrapper\">\n\t\t\t\t\t<a class=\"elementor-button elementor-button-link elementor-size-sm\" href=\"https:\/\/forum.oceandecade.org\/topics\/40606\" target=\"_blank\">\n\t\t\t\t\t\t<span class=\"elementor-button-content-wrapper\">\n\t\t\t\t\t\t\t\t\t<span class=\"elementor-button-text\">Rejoindre la communaut\u00e9 OCEAN<\/span>\n\t\t\t\t\t<\/span>\n\t\t\t\t\t<\/a>\n\t\t\t\t<\/div>\n\t\t\t\t\t\t\t\t<\/div>\n\t\t\t\t<\/div>\n\t\t\t\t<\/div>\n\t\t\t\t\t<\/div>\n\t\t\t\t<\/div>\n\t\t\t\t<\/div>\n\t\t","protected":false},"excerpt":{"rendered":"<p>Ressources Orientations et autres informations utiles pour les b\u00e9n\u00e9ficiaires et les candidats. Rejoindre notre communaut\u00e9 Nous voulons que tous ceux qui soumettent leur candidature \u00e0 OCEAN se sentent soutenus tout au long de leur parcours! L\u2019un des moyens d\u2019y parvenir est de cr\u00e9er une communaut\u00e9 o\u00f9 chacun peut s\u2019entraider. Gr\u00e2ce \u00e0 notre communaut\u00e9 OCEAN \u2013 [&hellip;]<\/p>\n","protected":false},"author":1,"featured_media":2433,"parent":0,"menu_order":0,"comment_status":"closed","ping_status":"closed","template":"","meta":{"_acf_changed":false,"footnotes":""},"class_list":["post-3041","page","type-page","status-publish","has-post-thumbnail","hentry"],"acf":[],"yoast_head":"<!-- This site is optimized with the Yoast SEO plugin v25.7 - https:\/\/yoast.com\/wordpress\/plugins\/seo\/ -->\n<title>Ressources - Ocean Grant Programme<\/title>\n<meta name=\"robots\" content=\"index, follow, max-snippet:-1, max-image-preview:large, max-video-preview:-1\" \/>\n<link rel=\"canonical\" href=\"https:\/\/oceangrants.org.uk\/fr\/ressources\/\" \/>\n<meta property=\"og:locale\" content=\"fr_FR\" \/>\n<meta property=\"og:type\" content=\"article\" \/>\n<meta property=\"og:title\" content=\"Ressources - Ocean Grant Programme\" \/>\n<meta property=\"og:description\" content=\"Ressources Orientations et autres informations utiles pour les b\u00e9n\u00e9ficiaires et les candidats. Rejoindre notre communaut\u00e9 Nous voulons que tous ceux qui soumettent leur candidature \u00e0 OCEAN se sentent soutenus tout au long de leur parcours! L\u2019un des moyens d\u2019y parvenir est de cr\u00e9er une communaut\u00e9 o\u00f9 chacun peut s\u2019entraider. Gr\u00e2ce \u00e0 notre communaut\u00e9 OCEAN \u2013 [&hellip;]\" \/>\n<meta property=\"og:url\" content=\"https:\/\/oceangrants.org.uk\/fr\/ressources\/\" \/>\n<meta property=\"og:site_name\" content=\"Ocean Grant Programme\" \/>\n<meta property=\"article:modified_time\" content=\"2024-07-08T14:23:49+00:00\" \/>\n<meta property=\"og:image\" content=\"https:\/\/oceangrants.org.uk\/app\/uploads\/2023\/12\/iStock-475636322-Solomon-Islands-2.jpg\" \/>\n\t<meta property=\"og:image:width\" content=\"2400\" \/>\n\t<meta property=\"og:image:height\" content=\"1600\" \/>\n\t<meta property=\"og:image:type\" content=\"image\/jpeg\" \/>\n<meta name=\"twitter:card\" content=\"summary_large_image\" \/>\n<meta name=\"twitter:label1\" content=\"Est. reading time\" \/>\n\t<meta name=\"twitter:data1\" content=\"1 minute\" \/>\n<script type=\"application\/ld+json\" class=\"yoast-schema-graph\">{\"@context\":\"https:\/\/schema.org\",\"@graph\":[{\"@type\":\"WebPage\",\"@id\":\"https:\/\/oceangrants.org.uk\/fr\/ressources\/\",\"url\":\"https:\/\/oceangrants.org.uk\/fr\/ressources\/\",\"name\":\"Ressources - Ocean Grant Programme\",\"isPartOf\":{\"@id\":\"https:\/\/oceangrants.org.uk\/fr\/#website\"},\"primaryImageOfPage\":{\"@id\":\"https:\/\/oceangrants.org.uk\/fr\/ressources\/#primaryimage\"},\"image\":{\"@id\":\"https:\/\/oceangrants.org.uk\/fr\/ressources\/#primaryimage\"},\"thumbnailUrl\":\"https:\/\/oceangrants.org.uk\/app\/uploads\/2023\/12\/iStock-475636322-Solomon-Islands-2.jpg\",\"datePublished\":\"2024-04-24T14:19:08+00:00\",\"dateModified\":\"2024-07-08T14:23:49+00:00\",\"breadcrumb\":{\"@id\":\"https:\/\/oceangrants.org.uk\/fr\/ressources\/#breadcrumb\"},\"inLanguage\":\"fr-FR\",\"potentialAction\":[{\"@type\":\"ReadAction\",\"target\":[\"https:\/\/oceangrants.org.uk\/fr\/ressources\/\"]}]},{\"@type\":\"ImageObject\",\"inLanguage\":\"fr-FR\",\"@id\":\"https:\/\/oceangrants.org.uk\/fr\/ressources\/#primaryimage\",\"url\":\"https:\/\/oceangrants.org.uk\/app\/uploads\/2023\/12\/iStock-475636322-Solomon-Islands-2.jpg\",\"contentUrl\":\"https:\/\/oceangrants.org.uk\/app\/uploads\/2023\/12\/iStock-475636322-Solomon-Islands-2.jpg\",\"width\":2400,\"height\":1600},{\"@type\":\"BreadcrumbList\",\"@id\":\"https:\/\/oceangrants.org.uk\/fr\/ressources\/#breadcrumb\",\"itemListElement\":[{\"@type\":\"ListItem\",\"position\":1,\"name\":\"Home\",\"item\":\"https:\/\/oceangrants.org.uk\/fr\/\"},{\"@type\":\"ListItem\",\"position\":2,\"name\":\"Ressources\"}]},{\"@type\":\"WebSite\",\"@id\":\"https:\/\/oceangrants.org.uk\/fr\/#website\",\"url\":\"https:\/\/oceangrants.org.uk\/fr\/\",\"name\":\"Ocean Grant Programme\",\"description\":\"\",\"potentialAction\":[{\"@type\":\"SearchAction\",\"target\":{\"@type\":\"EntryPoint\",\"urlTemplate\":\"https:\/\/oceangrants.org.uk\/fr\/?s={search_term_string}\"},\"query-input\":{\"@type\":\"PropertyValueSpecification\",\"valueRequired\":true,\"valueName\":\"search_term_string\"}}],\"inLanguage\":\"fr-FR\"}]}<\/script>\n<!-- \/ Yoast SEO plugin. -->","yoast_head_json":{"title":"Ressources - Ocean Grant Programme","robots":{"index":"index","follow":"follow","max-snippet":"max-snippet:-1","max-image-preview":"max-image-preview:large","max-video-preview":"max-video-preview:-1"},"canonical":"https:\/\/oceangrants.org.uk\/fr\/ressources\/","og_locale":"fr_FR","og_type":"article","og_title":"Ressources - Ocean Grant Programme","og_description":"Ressources Orientations et autres informations utiles pour les b\u00e9n\u00e9ficiaires et les candidats. Rejoindre notre communaut\u00e9 Nous voulons que tous ceux qui soumettent leur candidature \u00e0 OCEAN se sentent soutenus tout au long de leur parcours! L\u2019un des moyens d\u2019y parvenir est de cr\u00e9er une communaut\u00e9 o\u00f9 chacun peut s\u2019entraider. Gr\u00e2ce \u00e0 notre communaut\u00e9 OCEAN \u2013 [&hellip;]","og_url":"https:\/\/oceangrants.org.uk\/fr\/ressources\/","og_site_name":"Ocean Grant Programme","article_modified_time":"2024-07-08T14:23:49+00:00","og_image":[{"width":2400,"height":1600,"url":"https:\/\/oceangrants.org.uk\/app\/uploads\/2023\/12\/iStock-475636322-Solomon-Islands-2.jpg","type":"image\/jpeg"}],"twitter_card":"summary_large_image","twitter_misc":{"Est. reading time":"1 minute"},"schema":{"@context":"https:\/\/schema.org","@graph":[{"@type":"WebPage","@id":"https:\/\/oceangrants.org.uk\/fr\/ressources\/","url":"https:\/\/oceangrants.org.uk\/fr\/ressources\/","name":"Ressources - Ocean Grant Programme","isPartOf":{"@id":"https:\/\/oceangrants.org.uk\/fr\/#website"},"primaryImageOfPage":{"@id":"https:\/\/oceangrants.org.uk\/fr\/ressources\/#primaryimage"},"image":{"@id":"https:\/\/oceangrants.org.uk\/fr\/ressources\/#primaryimage"},"thumbnailUrl":"https:\/\/oceangrants.org.uk\/app\/uploads\/2023\/12\/iStock-475636322-Solomon-Islands-2.jpg","datePublished":"2024-04-24T14:19:08+00:00","dateModified":"2024-07-08T14:23:49+00:00","breadcrumb":{"@id":"https:\/\/oceangrants.org.uk\/fr\/ressources\/#breadcrumb"},"inLanguage":"fr-FR","potentialAction":[{"@type":"ReadAction","target":["https:\/\/oceangrants.org.uk\/fr\/ressources\/"]}]},{"@type":"ImageObject","inLanguage":"fr-FR","@id":"https:\/\/oceangrants.org.uk\/fr\/ressources\/#primaryimage","url":"https:\/\/oceangrants.org.uk\/app\/uploads\/2023\/12\/iStock-475636322-Solomon-Islands-2.jpg","contentUrl":"https:\/\/oceangrants.org.uk\/app\/uploads\/2023\/12\/iStock-475636322-Solomon-Islands-2.jpg","width":2400,"height":1600},{"@type":"BreadcrumbList","@id":"https:\/\/oceangrants.org.uk\/fr\/ressources\/#breadcrumb","itemListElement":[{"@type":"ListItem","position":1,"name":"Home","item":"https:\/\/oceangrants.org.uk\/fr\/"},{"@type":"ListItem","position":2,"name":"Ressources"}]},{"@type":"WebSite","@id":"https:\/\/oceangrants.org.uk\/fr\/#website","url":"https:\/\/oceangrants.org.uk\/fr\/","name":"Ocean Grant Programme","description":"","potentialAction":[{"@type":"SearchAction","target":{"@type":"EntryPoint","urlTemplate":"https:\/\/oceangrants.org.uk\/fr\/?s={search_term_string}"},"query-input":{"@type":"PropertyValueSpecification","valueRequired":true,"valueName":"search_term_string"}}],"inLanguage":"fr-FR"}]}},"_links":{"self":[{"href":"https:\/\/oceangrants.org.uk\/fr\/wp-json\/wp\/v2\/pages\/3041","targetHints":{"allow":["GET"]}}],"collection":[{"href":"https:\/\/oceangrants.org.uk\/fr\/wp-json\/wp\/v2\/pages"}],"about":[{"href":"https:\/\/oceangrants.org.uk\/fr\/wp-json\/wp\/v2\/types\/page"}],"author":[{"embeddable":true,"href":"https:\/\/oceangrants.org.uk\/fr\/wp-json\/wp\/v2\/users\/1"}],"replies":[{"embeddable":true,"href":"https:\/\/oceangrants.org.uk\/fr\/wp-json\/wp\/v2\/comments?post=3041"}],"version-history":[{"count":7,"href":"https:\/\/oceangrants.org.uk\/fr\/wp-json\/wp\/v2\/pages\/3041\/revisions"}],"predecessor-version":[{"id":3716,"href":"https:\/\/oceangrants.org.uk\/fr\/wp-json\/wp\/v2\/pages\/3041\/revisions\/3716"}],"wp:featuredmedia":[{"embeddable":true,"href":"https:\/\/oceangrants.org.uk\/fr\/wp-json\/wp\/v2\/media\/2433"}],"wp:attachment":[{"href":"https:\/\/oceangrants.org.uk\/fr\/wp-json\/wp\/v2\/media?parent=3041"}],"curies":[{"name":"wp","href":"https:\/\/api.w.org\/{rel}","templated":true}]}}