{"id":4304,"date":"2024-03-13T14:46:55","date_gmt":"2024-03-13T14:46:55","guid":{"rendered":"https:\/\/oceangrants.org.uk\/?page_id=4304"},"modified":"2026-02-16T11:31:36","modified_gmt":"2026-02-16T11:31:36","slug":"politique-de-denonciation","status":"publish","type":"page","link":"https:\/\/oceangrants.org.uk\/fr\/politique-de-denonciation\/","title":{"rendered":"Politique de d\u00e9nonciation"},"content":{"rendered":"\n<h2 class=\"wp-block-heading\">1. Introduction<\/h2>\n\n\n\n<p>Le programme de subventions OCEAN s\u2019engage \u00e0 respecter les normes les plus \u00e9lev\u00e9es en mati\u00e8re de comportement \u00e9thique, de transparence, de responsabilit\u00e9 et de bonne conduite dans la prestation de ses services et \u00e0 respecter toutes les politiques, lois, r\u00e8gles et r\u00e9glementations nationales et internationales en vigueur.<\/p>\n\n\n\n<p>Dans le cadre de cet engagement, le programme de subventions OCEAN encourage tous les candidats, partenaires d\u2019ex\u00e9cution et autres parties prenantes \u00e0 faire part de leurs pr\u00e9occupations, de leurs plaintes ou de leurs soup\u00e7ons d\u2019actes r\u00e9pr\u00e9hensibles li\u00e9s au Fonds par l\u2019interm\u00e9diaire des moyens de signalement identifi\u00e9s. Cette politique de d\u00e9nonciation a \u00e9t\u00e9 con\u00e7ue pour fournir un m\u00e9canisme permettant aux individus de signaler ces questions en toute confidentialit\u00e9, sans crainte de repr\u00e9sailles.<\/p>\n\n\n\n<h2 class=\"wp-block-heading\">2. Champ d\u2019application<\/h2>\n\n\n\n<p>Cette politique s\u2019applique \u00e0 tous les candidats, partenaires d\u2019ex\u00e9cution, consultants, sous-traitants, fournisseurs, parties prenantes et toute autre personne associ\u00e9s au programme de subventions OCEAN.<\/p>\n\n\n\n<p>En particulier, le dispositif de d\u00e9nonciation doit \u00eatre utilis\u00e9 pour signaler la corruption, la fraude, le blanchiment d\u2019argent, le d\u00e9tournement de l\u2019aide, la traite des \u00eatres humains, l\u2019esclavage, l\u2019exploitation, les abus et le harc\u00e8lement sexuels (EAHS), toute pr\u00e9occupation concernant les enfants et les adultes vuln\u00e9rables, le financement de groupes ou d\u2019organisations illicites et toute autre violation pr\u00e9occupante li\u00e9e au programme de subventions OCEAN, aux personnes qui y sont associ\u00e9es et \u00e0 ses projets.<\/p>\n\n\n\n<h2 class=\"wp-block-heading\">3. Moyen de signalement confidentiel<\/h2>\n\n\n\n<p>Afin de garantir que le programme de subventions OCEAN puisse \u00eatre tenu de rendre des comptes, des moyens confidentiels de d\u00e9nonciation ont \u00e9t\u00e9 mis en place. Le programme de subventions OCEAN encourage tous les candidats, partenaires d\u2019ex\u00e9cution et autres parties prenantes \u00e0 faire part de toute pr\u00e9occupation, plainte ou suspicion d\u2019actes r\u00e9pr\u00e9hensibles li\u00e9s au Fonds par l\u2019interm\u00e9diaire des moyens d\u00e9taill\u00e9s ci-dessous.<\/p>\n\n\n\n<p>Les administrateurs de la subvention OCEAN (NIRAS) sont le premier point de contact pour toute pr\u00e9occupation mineure que vous pourriez avoir. Si vous vous sentez \u00e0 l\u2019aise pour faire directement part de votre pr\u00e9occupation au NIRAS et si vous estimez qu\u2019il ne s\u2019agit pas d\u2019un acte r\u00e9pr\u00e9hensible grave qui doit \u00eatre transmis \u00e0 Defra, veuillez soumettre votre rapport par courrier \u00e9lectronique \u00e0 l\u2019adresse suivante :<\/p>\n\n\n\n<ul class=\"wp-block-list\">\n<li>Rapports et pr\u00e9occupations d\u2019ordre g\u00e9n\u00e9ral : <a href=\"mailto:helpdesk@oceangrants.org.uk\">helpdesk@oceangrants.org.uk<\/a><\/li>\n<\/ul>\n\n\n\n<p>Si votre rapport concerne une pr\u00e9occupation, un incident ou une plainte grave, ou si vous ne vous sentez pas \u00e0 l\u2019aise \u00e0 l\u2019id\u00e9e de soumettre votre rapport \u00e0 NIRAS, vous devez transmettre votre rapport par courriel directement \u00e0 Defra en utilisant les adresses \u00e9lectroniques indiqu\u00e9es ci-dessous. Veuillez noter que si votre rapport concerne une fraude ou un probl\u00e8me de s\u00e9curit\u00e9, il doit toujours \u00eatre soumis directement \u00e0 Defra.<\/p>\n\n\n\n<ul class=\"wp-block-list\">\n<li>Probl\u00e8mes de fraude et d\u2019erreur : <a href=\"mailto:fraudanderror@defra.gov.uk\">fraudanderror@defra.gov.uk<\/a><\/li>\n\n\n\n<li>Questions li\u00e9es \u00e0 la protection (y compris EAHS) : <a href=\"mailto:ODA.Safeguarding@defra.gov.uk\">ODA.Safeguarding@defra.gov.uk<\/a><\/li>\n\n\n\n<li>Pr\u00e9occupations d\u2019un autre ordre : Secr\u00e9tariat OCEAN : <a href=\"mailto:OCEAN@defra.gov.uk\">OCEAN@defra.gov.uk<\/a><\/li>\n<\/ul>\n\n\n\n<p>Les partenaires, consultants, sous-traitants, fournisseurs, b\u00e9n\u00e9voles, parties prenantes et personnes associ\u00e9es impliqu\u00e9s dans les activit\u00e9s financ\u00e9es par le Defra doivent toujours signaler imm\u00e9diatement tout soup\u00e7on, all\u00e9gation ou incident r\u00e9el gr\u00e2ce au moyen de signalement correspondant. Il sera donn\u00e9 suite aux signalements et aux pr\u00e9occupations conform\u00e9ment \u00e0 la politique et aux proc\u00e9dures en vigueur, ainsi qu\u2019aux obligations l\u00e9gales et statutaires, en veillant \u00e0 ce que la victime, le cas \u00e9ch\u00e9ant, soit pleinement prot\u00e9g\u00e9e et son anonymat respect\u00e9 (si telle est sa demande).<\/p>\n\n\n\n<h2 class=\"wp-block-heading\">4. Protection contre les violations de la confidentialit\u00e9 et\/ou les repr\u00e9sailles<\/h2>\n\n\n\n<p>Le programme de subventions OCEAN interdit strictement toute violation de la confidentialit\u00e9 et\/ou les repr\u00e9sailles \u00e0 l\u2019encontre de personnes qui signalent de bonne foi des probl\u00e8mes ou des suspicions d\u2019actes r\u00e9pr\u00e9hensibles. Toute forme de violation de la confidentialit\u00e9 ou de repr\u00e9sailles constitue une infraction \u00e0 cette politique et entra\u00eenera des mesures disciplinaires pouvant aller jusqu\u2019\u00e0 la cessation du financement du projet.<\/p>\n\n\n\n<h2 class=\"wp-block-heading\">5. Processus d\u2019enqu\u00eate<\/h2>\n\n\n\n<p>D\u00e8s r\u00e9ception d\u2019un rapport de d\u00e9nonciation, Defra demandera aux partenaires d\u2019ex\u00e9cution concern\u00e9s de fournir une r\u00e9ponse au rapport. Sur la base d\u2019une \u00e9valuation initiale de la valeur de la fraude et du niveau de risque pour la r\u00e9putation, le partenaire concern\u00e9 (avec la supervision et le soutien du NIRAS) devra alors mener des enqu\u00eates initiales dans le pays (ou, au cas par cas, le Defra pourra choisir d\u2019entreprendre sa propre enqu\u00eate). Le NIRAS travaillera en \u00e9troite collaboration avec le partenaire concern\u00e9 pour s\u2019assurer qu\u2019il d\u00e9signe une personne ou une \u00e9quipe responsable pour enqu\u00eater sur le signalement d\u2019une pr\u00e9occupation ou d\u2019une suspicion d\u2019actes r\u00e9pr\u00e9hensibles.<\/p>\n\n\n\n<p>Le programme de subventions OCEAN s\u2019engage \u00e0 mener des enqu\u00eates approfondies et rapides. Des points sur l\u2019avancement de l\u2019enqu\u00eate seront fournis au d\u00e9nonciateur, dans la mesure du possible sans compromettre l\u2019enqu\u00eate, en conformit\u00e9 avec toute demande d\u2019anonymat et dans le respect des lois en vigueur. Une fois l\u2019enqu\u00eate achev\u00e9e, Defra d\u00e9terminera si la pr\u00e9occupation signal\u00e9e est fond\u00e9e ou non.<\/p>\n\n\n\n<p>Si un acte r\u00e9pr\u00e9hensible est av\u00e9r\u00e9, Defra travaillera avec les personnes concern\u00e9es pour prendre les mesures correctives qui s\u2019imposent. Il sera donn\u00e9 suite aux signalements et aux pr\u00e9occupations conform\u00e9ment \u00e0 la politique de d\u00e9nonciation et \u00e0 la proc\u00e9dure applicable, ainsi qu\u2019aux obligations l\u00e9gales et statutaires, en veillant \u00e0 ce que la victime, le cas \u00e9ch\u00e9ant, soit pleinement prot\u00e9g\u00e9e et son anonymat respect\u00e9 (si telle est sa demande). Defra communiquera les r\u00e9sultats de l\u2019enqu\u00eate au d\u00e9nonciateur dans la mesure du possible, en conformit\u00e9 avec toute demande d\u2019anonymat et dans le respect des lois applicables.<\/p>\n\n\n\n<h2 class=\"wp-block-heading\">6. R\u00e9vision et modification<\/h2>\n\n\n\n<p>La pr\u00e9sente politique de d\u00e9nonciation sera p\u00e9riodiquement r\u00e9examin\u00e9e et mise \u00e0 jour en fonction des besoins afin de garantir son efficacit\u00e9 et sa conformit\u00e9 avec les lois et r\u00e8glements en vigueur.<\/p>\n\n\n\n<p>Le programme de subventions OCEAN s\u2019engage \u00e0 favoriser un environnement dans lequel les personnes se sentent en s\u00e9curit\u00e9 pour signaler leurs pr\u00e9occupations sans crainte de repr\u00e9sailles.<\/p>\n","protected":false},"excerpt":{"rendered":"<p>1. Introduction Le programme de subventions OCEAN s\u2019engage \u00e0 respecter les normes les plus \u00e9lev\u00e9es en mati\u00e8re de comportement \u00e9thique, de transparence, de responsabilit\u00e9 et de bonne conduite dans la prestation de ses services et \u00e0 respecter toutes les politiques, lois, r\u00e8gles et r\u00e9glementations nationales et internationales en vigueur. Dans le cadre de cet engagement, [&hellip;]<\/p>\n","protected":false},"author":1,"featured_media":0,"parent":0,"menu_order":0,"comment_status":"closed","ping_status":"closed","template":"","meta":{"_acf_changed":false,"footnotes":""},"class_list":["post-4304","page","type-page","status-publish","hentry"],"acf":[],"yoast_head":"<!-- This site is optimized with the Yoast SEO plugin v25.7 - https:\/\/yoast.com\/wordpress\/plugins\/seo\/ -->\n<title>Politique de d\u00e9nonciation - Ocean Grant Programme<\/title>\n<meta name=\"description\" content=\"Comment signaler vos pr\u00e9occupations en toute s\u00e9curit\u00e9 gr\u00e2ce \u00e0 la politique de d\u00e9nonciation du programme de subventions OCEAN.\" \/>\n<meta name=\"robots\" content=\"index, follow, max-snippet:-1, max-image-preview:large, max-video-preview:-1\" \/>\n<link rel=\"canonical\" href=\"https:\/\/oceangrants.org.uk\/fr\/politique-de-denonciation\/\" \/>\n<meta property=\"og:locale\" content=\"fr_FR\" \/>\n<meta property=\"og:type\" content=\"article\" \/>\n<meta property=\"og:title\" content=\"Politique de d\u00e9nonciation - Ocean Grant Programme\" \/>\n<meta property=\"og:description\" content=\"Comment signaler vos pr\u00e9occupations en toute s\u00e9curit\u00e9 gr\u00e2ce \u00e0 la politique de d\u00e9nonciation du programme de subventions OCEAN.\" \/>\n<meta property=\"og:url\" content=\"https:\/\/oceangrants.org.uk\/fr\/politique-de-denonciation\/\" \/>\n<meta property=\"og:site_name\" content=\"Ocean Grant Programme\" \/>\n<meta property=\"article:modified_time\" content=\"2026-02-16T11:31:36+00:00\" \/>\n<meta name=\"twitter:card\" content=\"summary_large_image\" \/>\n<meta name=\"twitter:label1\" content=\"Est. reading time\" \/>\n\t<meta name=\"twitter:data1\" content=\"5 minutes\" \/>\n<script type=\"application\/ld+json\" class=\"yoast-schema-graph\">{\"@context\":\"https:\/\/schema.org\",\"@graph\":[{\"@type\":\"WebPage\",\"@id\":\"https:\/\/oceangrants.org.uk\/fr\/politique-de-denonciation\/\",\"url\":\"https:\/\/oceangrants.org.uk\/fr\/politique-de-denonciation\/\",\"name\":\"Politique de d\u00e9nonciation - Ocean Grant Programme\",\"isPartOf\":{\"@id\":\"https:\/\/oceangrants.org.uk\/fr\/#website\"},\"datePublished\":\"2024-03-13T14:46:55+00:00\",\"dateModified\":\"2026-02-16T11:31:36+00:00\",\"description\":\"Comment signaler vos pr\u00e9occupations en toute s\u00e9curit\u00e9 gr\u00e2ce \u00e0 la politique de d\u00e9nonciation du programme de subventions OCEAN.\",\"breadcrumb\":{\"@id\":\"https:\/\/oceangrants.org.uk\/fr\/politique-de-denonciation\/#breadcrumb\"},\"inLanguage\":\"fr-FR\",\"potentialAction\":[{\"@type\":\"ReadAction\",\"target\":[\"https:\/\/oceangrants.org.uk\/fr\/politique-de-denonciation\/\"]}]},{\"@type\":\"BreadcrumbList\",\"@id\":\"https:\/\/oceangrants.org.uk\/fr\/politique-de-denonciation\/#breadcrumb\",\"itemListElement\":[{\"@type\":\"ListItem\",\"position\":1,\"name\":\"Home\",\"item\":\"https:\/\/oceangrants.org.uk\/fr\/\"},{\"@type\":\"ListItem\",\"position\":2,\"name\":\"Politique de d\u00e9nonciation\"}]},{\"@type\":\"WebSite\",\"@id\":\"https:\/\/oceangrants.org.uk\/fr\/#website\",\"url\":\"https:\/\/oceangrants.org.uk\/fr\/\",\"name\":\"Ocean Grant Programme\",\"description\":\"\",\"potentialAction\":[{\"@type\":\"SearchAction\",\"target\":{\"@type\":\"EntryPoint\",\"urlTemplate\":\"https:\/\/oceangrants.org.uk\/fr\/?s={search_term_string}\"},\"query-input\":{\"@type\":\"PropertyValueSpecification\",\"valueRequired\":true,\"valueName\":\"search_term_string\"}}],\"inLanguage\":\"fr-FR\"}]}<\/script>\n<!-- \/ Yoast SEO plugin. -->","yoast_head_json":{"title":"Politique de d\u00e9nonciation - Ocean Grant Programme","description":"Comment signaler vos pr\u00e9occupations en toute s\u00e9curit\u00e9 gr\u00e2ce \u00e0 la politique de d\u00e9nonciation du programme de subventions OCEAN.","robots":{"index":"index","follow":"follow","max-snippet":"max-snippet:-1","max-image-preview":"max-image-preview:large","max-video-preview":"max-video-preview:-1"},"canonical":"https:\/\/oceangrants.org.uk\/fr\/politique-de-denonciation\/","og_locale":"fr_FR","og_type":"article","og_title":"Politique de d\u00e9nonciation - Ocean Grant Programme","og_description":"Comment signaler vos pr\u00e9occupations en toute s\u00e9curit\u00e9 gr\u00e2ce \u00e0 la politique de d\u00e9nonciation du programme de subventions OCEAN.","og_url":"https:\/\/oceangrants.org.uk\/fr\/politique-de-denonciation\/","og_site_name":"Ocean Grant Programme","article_modified_time":"2026-02-16T11:31:36+00:00","twitter_card":"summary_large_image","twitter_misc":{"Est. reading time":"5 minutes"},"schema":{"@context":"https:\/\/schema.org","@graph":[{"@type":"WebPage","@id":"https:\/\/oceangrants.org.uk\/fr\/politique-de-denonciation\/","url":"https:\/\/oceangrants.org.uk\/fr\/politique-de-denonciation\/","name":"Politique de d\u00e9nonciation - Ocean Grant Programme","isPartOf":{"@id":"https:\/\/oceangrants.org.uk\/fr\/#website"},"datePublished":"2024-03-13T14:46:55+00:00","dateModified":"2026-02-16T11:31:36+00:00","description":"Comment signaler vos pr\u00e9occupations en toute s\u00e9curit\u00e9 gr\u00e2ce \u00e0 la politique de d\u00e9nonciation du programme de subventions OCEAN.","breadcrumb":{"@id":"https:\/\/oceangrants.org.uk\/fr\/politique-de-denonciation\/#breadcrumb"},"inLanguage":"fr-FR","potentialAction":[{"@type":"ReadAction","target":["https:\/\/oceangrants.org.uk\/fr\/politique-de-denonciation\/"]}]},{"@type":"BreadcrumbList","@id":"https:\/\/oceangrants.org.uk\/fr\/politique-de-denonciation\/#breadcrumb","itemListElement":[{"@type":"ListItem","position":1,"name":"Home","item":"https:\/\/oceangrants.org.uk\/fr\/"},{"@type":"ListItem","position":2,"name":"Politique de d\u00e9nonciation"}]},{"@type":"WebSite","@id":"https:\/\/oceangrants.org.uk\/fr\/#website","url":"https:\/\/oceangrants.org.uk\/fr\/","name":"Ocean Grant Programme","description":"","potentialAction":[{"@type":"SearchAction","target":{"@type":"EntryPoint","urlTemplate":"https:\/\/oceangrants.org.uk\/fr\/?s={search_term_string}"},"query-input":{"@type":"PropertyValueSpecification","valueRequired":true,"valueName":"search_term_string"}}],"inLanguage":"fr-FR"}]}},"_links":{"self":[{"href":"https:\/\/oceangrants.org.uk\/fr\/wp-json\/wp\/v2\/pages\/4304","targetHints":{"allow":["GET"]}}],"collection":[{"href":"https:\/\/oceangrants.org.uk\/fr\/wp-json\/wp\/v2\/pages"}],"about":[{"href":"https:\/\/oceangrants.org.uk\/fr\/wp-json\/wp\/v2\/types\/page"}],"author":[{"embeddable":true,"href":"https:\/\/oceangrants.org.uk\/fr\/wp-json\/wp\/v2\/users\/1"}],"replies":[{"embeddable":true,"href":"https:\/\/oceangrants.org.uk\/fr\/wp-json\/wp\/v2\/comments?post=4304"}],"version-history":[{"count":1,"href":"https:\/\/oceangrants.org.uk\/fr\/wp-json\/wp\/v2\/pages\/4304\/revisions"}],"predecessor-version":[{"id":4305,"href":"https:\/\/oceangrants.org.uk\/fr\/wp-json\/wp\/v2\/pages\/4304\/revisions\/4305"}],"wp:attachment":[{"href":"https:\/\/oceangrants.org.uk\/fr\/wp-json\/wp\/v2\/media?parent=4304"}],"curies":[{"name":"wp","href":"https:\/\/api.w.org\/{rel}","templated":true}]}}