{"id":6676,"date":"2024-01-29T12:37:40","date_gmt":"2024-01-29T12:37:40","guid":{"rendered":"https:\/\/oceangrants.org.uk\/connaissances-et-evenements\/news\/"},"modified":"2026-02-16T11:30:41","modified_gmt":"2026-02-16T11:30:41","slug":"news","status":"publish","type":"page","link":"https:\/\/oceangrants.org.uk\/fr\/connaissances-et-evenements\/news\/","title":{"rendered":"Actualit\u00e9s"},"content":{"rendered":"\t\t<div data-elementor-type=\"wp-page\" data-elementor-id=\"6676\" class=\"elementor elementor-6676 elementor-1753\" data-elementor-post-type=\"page\">\n\t\t\t\t<div data-particle_enable=\"false\" data-particle-mobile-disabled=\"false\" class=\"elementor-element elementor-element-76c9c5db e-flex e-con-boxed e-con e-parent\" data-id=\"76c9c5db\" data-element_type=\"container\" data-settings=\"{&quot;background_background&quot;:&quot;classic&quot;,&quot;shape_divider_bottom&quot;:&quot;curve&quot;}\">\n\t\t\t\t\t<div class=\"e-con-inner\">\n\t\t\t\t<div class=\"elementor-shape elementor-shape-bottom\" aria-hidden=\"true\" data-negative=\"false\">\n\t\t\t<svg xmlns=\"http:\/\/www.w3.org\/2000\/svg\" viewBox=\"0 0 1000 100\" preserveAspectRatio=\"none\">\n    <path class=\"elementor-shape-fill\" d=\"M1000,4.3V0H0v4.3C0.9,23.1,126.7,99.2,500,100S1000,22.7,1000,4.3z\"\/>\n<\/svg>\t\t<\/div>\n\t\t\t\t<div class=\"elementor-element elementor-element-701dfad2 elementor-widget__width-initial elementor-widget elementor-widget-heading\" data-id=\"701dfad2\" data-element_type=\"widget\" data-widget_type=\"heading.default\">\n\t\t\t\t<div class=\"elementor-widget-container\">\n\t\t\t\t\t<h1 class=\"elementor-heading-title elementor-size-default\">Actualit\u00e9s<\/h1>\t\t\t\t<\/div>\n\t\t\t\t<\/div>\n\t\t\t\t<div class=\"elementor-element elementor-element-66c43ec6 elementor-widget__width-initial elementor-widget-widescreen__width-auto elementor-widget elementor-widget-text-editor\" data-id=\"66c43ec6\" data-element_type=\"widget\" data-widget_type=\"text-editor.default\">\n\t\t\t\t<div class=\"elementor-widget-container\">\n\t\t\t\t\t\t\t\t\t<p>Actualit\u00e9s, \u00e9v\u00e9nements, perspectives et enseignements tir\u00e9s du programme de subventions OCEAN et des projets que nous soutenons.<\/p>\t\t\t\t\t\t\t\t<\/div>\n\t\t\t\t<\/div>\n\t\t<div data-particle_enable=\"false\" data-particle-mobile-disabled=\"false\" class=\"elementor-element elementor-element-cafd9ac e-con-full e-flex e-con e-child\" data-id=\"cafd9ac\" data-element_type=\"container\">\n\t\t\t\t<div class=\"elementor-element elementor-element-117dd53 elementor-widget elementor-widget-text-editor\" data-id=\"117dd53\" data-element_type=\"widget\" data-widget_type=\"text-editor.default\">\n\t\t\t\t<div class=\"elementor-widget-container\">\n\t\t\t\t\t\t\t\t\t<p class=\"p1\"><i>Cr\u00e9dit image : vlad61 \/ iStock<\/i><\/p>\t\t\t\t\t\t\t\t<\/div>\n\t\t\t\t<\/div>\n\t\t\t\t<\/div>\n\t\t\t\t\t<\/div>\n\t\t\t\t<\/div>\n\t\t<div data-particle_enable=\"false\" data-particle-mobile-disabled=\"false\" class=\"elementor-element elementor-element-8c4b557 e-flex e-con-boxed e-con e-parent\" data-id=\"8c4b557\" data-element_type=\"container\">\n\t\t\t\t\t<div class=\"e-con-inner\">\n\t\t\t\t<div class=\"elementor-element elementor-element-f796290 elementor-hidden-mobile elementor-nav-menu__align-start elementor-nav-menu--dropdown-none elementor-widget elementor-widget-nav-menu\" data-id=\"f796290\" data-element_type=\"widget\" data-settings=\"{&quot;layout&quot;:&quot;horizontal&quot;,&quot;submenu_icon&quot;:{&quot;value&quot;:&quot;&lt;svg class=\\&quot;e-font-icon-svg e-fas-caret-down\\&quot; viewBox=\\&quot;0 0 320 512\\&quot; xmlns=\\&quot;http:\\\/\\\/www.w3.org\\\/2000\\\/svg\\&quot;&gt;&lt;path d=\\&quot;M31.3 192h257.3c17.8 0 26.7 21.5 14.1 34.1L174.1 354.8c-7.8 7.8-20.5 7.8-28.3 0L17.2 226.1C4.6 213.5 13.5 192 31.3 192z\\&quot;&gt;&lt;\\\/path&gt;&lt;\\\/svg&gt;&quot;,&quot;library&quot;:&quot;fa-solid&quot;}}\" data-widget_type=\"nav-menu.default\">\n\t\t\t\t<div class=\"elementor-widget-container\">\n\t\t\t\t\t\t\t\t<nav aria-label=\"Menu\" class=\"elementor-nav-menu--main elementor-nav-menu__container elementor-nav-menu--layout-horizontal e--pointer-text e--animation-float\">\n\t\t\t\t<ul id=\"menu-1-f796290\" class=\"elementor-nav-menu\"><li class=\"menu-item menu-item-type-post_type menu-item-object-page menu-item-6811\"><a href=\"https:\/\/oceangrants.org.uk\/fr\/connaissances-et-evenements\/la-connaissance-et-lapprentissage\/\" class=\"elementor-item\">La connaissance et l\u2019apprentissage<\/a><\/li>\n<li class=\"menu-item menu-item-type-post_type menu-item-object-page menu-item-7189\"><a href=\"https:\/\/oceangrants.org.uk\/fr\/connaissances-et-evenements\/evenements\/\" class=\"elementor-item\">\u00c9v\u00e9nements<\/a><\/li>\n<\/ul>\t\t\t<\/nav>\n\t\t\t\t\t\t<nav class=\"elementor-nav-menu--dropdown elementor-nav-menu__container\" aria-hidden=\"true\">\n\t\t\t\t<ul id=\"menu-2-f796290\" class=\"elementor-nav-menu\"><li class=\"menu-item menu-item-type-post_type menu-item-object-page menu-item-6811\"><a href=\"https:\/\/oceangrants.org.uk\/fr\/connaissances-et-evenements\/la-connaissance-et-lapprentissage\/\" class=\"elementor-item\" tabindex=\"-1\">La connaissance et l\u2019apprentissage<\/a><\/li>\n<li class=\"menu-item menu-item-type-post_type menu-item-object-page menu-item-7189\"><a href=\"https:\/\/oceangrants.org.uk\/fr\/connaissances-et-evenements\/evenements\/\" class=\"elementor-item\" tabindex=\"-1\">\u00c9v\u00e9nements<\/a><\/li>\n<\/ul>\t\t\t<\/nav>\n\t\t\t\t\t\t<\/div>\n\t\t\t\t<\/div>\n\t\t\t\t<div class=\"elementor-element elementor-element-e1b9b1c elementor-nav-menu__align-start elementor-nav-menu--dropdown-none elementor-hidden-widescreen elementor-hidden-desktop elementor-hidden-tablet elementor-widget elementor-widget-nav-menu\" data-id=\"e1b9b1c\" data-element_type=\"widget\" data-settings=\"{&quot;layout&quot;:&quot;vertical&quot;,&quot;submenu_icon&quot;:{&quot;value&quot;:&quot;&lt;i class=\\&quot;\\&quot;&gt;&lt;\\\/i&gt;&quot;,&quot;library&quot;:&quot;&quot;}}\" data-widget_type=\"nav-menu.default\">\n\t\t\t\t<div class=\"elementor-widget-container\">\n\t\t\t\t\t\t\t\t<nav aria-label=\"Menu\" class=\"elementor-nav-menu--main elementor-nav-menu__container elementor-nav-menu--layout-vertical e--pointer-text e--animation-float\">\n\t\t\t\t<ul id=\"menu-1-e1b9b1c\" class=\"elementor-nav-menu sm-vertical\"><li class=\"menu-item menu-item-type-post_type menu-item-object-page menu-item-6811\"><a href=\"https:\/\/oceangrants.org.uk\/fr\/connaissances-et-evenements\/la-connaissance-et-lapprentissage\/\" class=\"elementor-item\">La connaissance et l\u2019apprentissage<\/a><\/li>\n<li class=\"menu-item menu-item-type-post_type menu-item-object-page menu-item-7189\"><a href=\"https:\/\/oceangrants.org.uk\/fr\/connaissances-et-evenements\/evenements\/\" class=\"elementor-item\">\u00c9v\u00e9nements<\/a><\/li>\n<\/ul>\t\t\t<\/nav>\n\t\t\t\t\t\t<nav class=\"elementor-nav-menu--dropdown elementor-nav-menu__container\" aria-hidden=\"true\">\n\t\t\t\t<ul id=\"menu-2-e1b9b1c\" class=\"elementor-nav-menu sm-vertical\"><li class=\"menu-item menu-item-type-post_type menu-item-object-page menu-item-6811\"><a href=\"https:\/\/oceangrants.org.uk\/fr\/connaissances-et-evenements\/la-connaissance-et-lapprentissage\/\" class=\"elementor-item\" tabindex=\"-1\">La connaissance et l\u2019apprentissage<\/a><\/li>\n<li class=\"menu-item menu-item-type-post_type menu-item-object-page menu-item-7189\"><a href=\"https:\/\/oceangrants.org.uk\/fr\/connaissances-et-evenements\/evenements\/\" class=\"elementor-item\" tabindex=\"-1\">\u00c9v\u00e9nements<\/a><\/li>\n<\/ul>\t\t\t<\/nav>\n\t\t\t\t\t\t<\/div>\n\t\t\t\t<\/div>\n\t\t\t\t<div class=\"elementor-element elementor-element-061e78a elementor-widget elementor-widget-insights_feed\" data-id=\"061e78a\" data-element_type=\"widget\" data-widget_type=\"insights_feed.default\">\n\t\t\t\t<div class=\"elementor-widget-container\">\n\t\t\t\t\t    <section id=\"feed\" class=\"feed\">\n      <feed-component\n        :feed-layout='{\"layout\":\"manual_select_post_type\",\"postTypes\":[\"post\"]}'\n        :translations='{\"Load Previous Insights\":\"Load Previous Insights\",\"Load More Insights\":\"Load More Insights\",\"No results to show\":\"Pas de r\\u00e9sultats \\u00e0 montrer\",\"Find out more\":\"Savoir plus\",\"Filter\":\"Filter\",\"Clear all filters\":\"Clear all filters\",\"All\":\"All\",\"Location\":\"Location\",\"Register\":\"Register\",\"Share\":\"Share\",\"Event\":\"Event\"}'\n        language-code='fr'\n        title='' \/>\n    <\/section>\n\t\t\t\t<\/div>\n\t\t\t\t<\/div>\n\t\t\t\t\t<\/div>\n\t\t\t\t<\/div>\n\t\t\t\t<\/div>\n\t\t","protected":false},"excerpt":{"rendered":"<p>Actualit\u00e9s Actualit\u00e9s, \u00e9v\u00e9nements, perspectives et enseignements tir\u00e9s du programme de subventions OCEAN et des projets que nous soutenons. Cr\u00e9dit image : vlad61 \/ iStock<\/p>\n","protected":false},"author":1,"featured_media":0,"parent":2822,"menu_order":0,"comment_status":"closed","ping_status":"closed","template":"","meta":{"_acf_changed":false,"footnotes":""},"class_list":["post-6676","page","type-page","status-publish","hentry"],"acf":[],"yoast_head":"<!-- This site is optimized with the Yoast SEO plugin v25.7 - https:\/\/yoast.com\/wordpress\/plugins\/seo\/ -->\n<title>Actualit\u00e9s - Ocean Grant Programme<\/title>\n<meta name=\"description\" content=\"D\u00e9couvrez les derni\u00e8res annonces, les possibilit\u00e9s de financement et les actualit\u00e9s communautaires de la communaut\u00e9 OCEAN Grants.\" \/>\n<meta name=\"robots\" content=\"index, follow, max-snippet:-1, max-image-preview:large, max-video-preview:-1\" \/>\n<link rel=\"canonical\" href=\"https:\/\/oceangrants.org.uk\/fr\/connaissances-et-evenements\/news\/\" \/>\n<meta property=\"og:locale\" content=\"fr_FR\" \/>\n<meta property=\"og:type\" content=\"article\" \/>\n<meta property=\"og:title\" content=\"Actualit\u00e9s - Ocean Grant Programme\" \/>\n<meta property=\"og:description\" content=\"D\u00e9couvrez les derni\u00e8res annonces, les possibilit\u00e9s de financement et les actualit\u00e9s communautaires de la communaut\u00e9 OCEAN Grants.\" \/>\n<meta property=\"og:url\" content=\"https:\/\/oceangrants.org.uk\/fr\/connaissances-et-evenements\/news\/\" \/>\n<meta property=\"og:site_name\" content=\"Ocean Grant Programme\" \/>\n<meta property=\"article:modified_time\" content=\"2026-02-16T11:30:41+00:00\" \/>\n<meta name=\"twitter:card\" content=\"summary_large_image\" \/>\n<meta name=\"twitter:label1\" content=\"Est. reading time\" \/>\n\t<meta name=\"twitter:data1\" content=\"1 minute\" \/>\n<script type=\"application\/ld+json\" class=\"yoast-schema-graph\">{\"@context\":\"https:\/\/schema.org\",\"@graph\":[{\"@type\":\"WebPage\",\"@id\":\"https:\/\/oceangrants.org.uk\/fr\/connaissances-et-evenements\/news\/\",\"url\":\"https:\/\/oceangrants.org.uk\/fr\/connaissances-et-evenements\/news\/\",\"name\":\"Actualit\u00e9s - Ocean Grant Programme\",\"isPartOf\":{\"@id\":\"https:\/\/oceangrants.org.uk\/fr\/#website\"},\"datePublished\":\"2024-01-29T12:37:40+00:00\",\"dateModified\":\"2026-02-16T11:30:41+00:00\",\"description\":\"D\u00e9couvrez les derni\u00e8res annonces, les possibilit\u00e9s de financement et les actualit\u00e9s communautaires de la communaut\u00e9 OCEAN Grants.\",\"breadcrumb\":{\"@id\":\"https:\/\/oceangrants.org.uk\/fr\/connaissances-et-evenements\/news\/#breadcrumb\"},\"inLanguage\":\"fr-FR\",\"potentialAction\":[{\"@type\":\"ReadAction\",\"target\":[\"https:\/\/oceangrants.org.uk\/fr\/connaissances-et-evenements\/news\/\"]}]},{\"@type\":\"BreadcrumbList\",\"@id\":\"https:\/\/oceangrants.org.uk\/fr\/connaissances-et-evenements\/news\/#breadcrumb\",\"itemListElement\":[{\"@type\":\"ListItem\",\"position\":1,\"name\":\"Home\",\"item\":\"https:\/\/oceangrants.org.uk\/fr\/\"},{\"@type\":\"ListItem\",\"position\":2,\"name\":\"Connaissances et \u00e9v\u00e9nements\",\"item\":\"https:\/\/oceangrants.org.uk\/fr\/knowledge-events\/\"},{\"@type\":\"ListItem\",\"position\":3,\"name\":\"Actualit\u00e9s\"}]},{\"@type\":\"WebSite\",\"@id\":\"https:\/\/oceangrants.org.uk\/fr\/#website\",\"url\":\"https:\/\/oceangrants.org.uk\/fr\/\",\"name\":\"Ocean Grant Programme\",\"description\":\"\",\"potentialAction\":[{\"@type\":\"SearchAction\",\"target\":{\"@type\":\"EntryPoint\",\"urlTemplate\":\"https:\/\/oceangrants.org.uk\/fr\/?s={search_term_string}\"},\"query-input\":{\"@type\":\"PropertyValueSpecification\",\"valueRequired\":true,\"valueName\":\"search_term_string\"}}],\"inLanguage\":\"fr-FR\"}]}<\/script>\n<!-- \/ Yoast SEO plugin. -->","yoast_head_json":{"title":"Actualit\u00e9s - Ocean Grant Programme","description":"D\u00e9couvrez les derni\u00e8res annonces, les possibilit\u00e9s de financement et les actualit\u00e9s communautaires de la communaut\u00e9 OCEAN Grants.","robots":{"index":"index","follow":"follow","max-snippet":"max-snippet:-1","max-image-preview":"max-image-preview:large","max-video-preview":"max-video-preview:-1"},"canonical":"https:\/\/oceangrants.org.uk\/fr\/connaissances-et-evenements\/news\/","og_locale":"fr_FR","og_type":"article","og_title":"Actualit\u00e9s - Ocean Grant Programme","og_description":"D\u00e9couvrez les derni\u00e8res annonces, les possibilit\u00e9s de financement et les actualit\u00e9s communautaires de la communaut\u00e9 OCEAN Grants.","og_url":"https:\/\/oceangrants.org.uk\/fr\/connaissances-et-evenements\/news\/","og_site_name":"Ocean Grant Programme","article_modified_time":"2026-02-16T11:30:41+00:00","twitter_card":"summary_large_image","twitter_misc":{"Est. reading time":"1 minute"},"schema":{"@context":"https:\/\/schema.org","@graph":[{"@type":"WebPage","@id":"https:\/\/oceangrants.org.uk\/fr\/connaissances-et-evenements\/news\/","url":"https:\/\/oceangrants.org.uk\/fr\/connaissances-et-evenements\/news\/","name":"Actualit\u00e9s - Ocean Grant Programme","isPartOf":{"@id":"https:\/\/oceangrants.org.uk\/fr\/#website"},"datePublished":"2024-01-29T12:37:40+00:00","dateModified":"2026-02-16T11:30:41+00:00","description":"D\u00e9couvrez les derni\u00e8res annonces, les possibilit\u00e9s de financement et les actualit\u00e9s communautaires de la communaut\u00e9 OCEAN Grants.","breadcrumb":{"@id":"https:\/\/oceangrants.org.uk\/fr\/connaissances-et-evenements\/news\/#breadcrumb"},"inLanguage":"fr-FR","potentialAction":[{"@type":"ReadAction","target":["https:\/\/oceangrants.org.uk\/fr\/connaissances-et-evenements\/news\/"]}]},{"@type":"BreadcrumbList","@id":"https:\/\/oceangrants.org.uk\/fr\/connaissances-et-evenements\/news\/#breadcrumb","itemListElement":[{"@type":"ListItem","position":1,"name":"Home","item":"https:\/\/oceangrants.org.uk\/fr\/"},{"@type":"ListItem","position":2,"name":"Connaissances et \u00e9v\u00e9nements","item":"https:\/\/oceangrants.org.uk\/fr\/knowledge-events\/"},{"@type":"ListItem","position":3,"name":"Actualit\u00e9s"}]},{"@type":"WebSite","@id":"https:\/\/oceangrants.org.uk\/fr\/#website","url":"https:\/\/oceangrants.org.uk\/fr\/","name":"Ocean Grant Programme","description":"","potentialAction":[{"@type":"SearchAction","target":{"@type":"EntryPoint","urlTemplate":"https:\/\/oceangrants.org.uk\/fr\/?s={search_term_string}"},"query-input":{"@type":"PropertyValueSpecification","valueRequired":true,"valueName":"search_term_string"}}],"inLanguage":"fr-FR"}]}},"_links":{"self":[{"href":"https:\/\/oceangrants.org.uk\/fr\/wp-json\/wp\/v2\/pages\/6676","targetHints":{"allow":["GET"]}}],"collection":[{"href":"https:\/\/oceangrants.org.uk\/fr\/wp-json\/wp\/v2\/pages"}],"about":[{"href":"https:\/\/oceangrants.org.uk\/fr\/wp-json\/wp\/v2\/types\/page"}],"author":[{"embeddable":true,"href":"https:\/\/oceangrants.org.uk\/fr\/wp-json\/wp\/v2\/users\/1"}],"replies":[{"embeddable":true,"href":"https:\/\/oceangrants.org.uk\/fr\/wp-json\/wp\/v2\/comments?post=6676"}],"version-history":[{"count":19,"href":"https:\/\/oceangrants.org.uk\/fr\/wp-json\/wp\/v2\/pages\/6676\/revisions"}],"predecessor-version":[{"id":11247,"href":"https:\/\/oceangrants.org.uk\/fr\/wp-json\/wp\/v2\/pages\/6676\/revisions\/11247"}],"up":[{"embeddable":true,"href":"https:\/\/oceangrants.org.uk\/fr\/wp-json\/wp\/v2\/pages\/2822"}],"wp:attachment":[{"href":"https:\/\/oceangrants.org.uk\/fr\/wp-json\/wp\/v2\/media?parent=6676"}],"curies":[{"name":"wp","href":"https:\/\/api.w.org\/{rel}","templated":true}]}}