{"id":2925,"date":"2023-11-06T13:11:12","date_gmt":"2023-11-06T13:11:12","guid":{"rendered":"https:\/\/oceangrants.org.uk\/?page_id=2925"},"modified":"2026-02-16T11:44:14","modified_gmt":"2026-02-16T11:44:14","slug":"home","status":"publish","type":"page","link":"https:\/\/oceangrants.org.uk\/pt-pt\/","title":{"rendered":"In\u00edcio"},"content":{"rendered":"\t\t<div data-elementor-type=\"wp-page\" data-elementor-id=\"2925\" class=\"elementor elementor-2925 elementor-6\" data-elementor-post-type=\"page\">\n\t\t\t\t<div data-particle_enable=\"false\" data-particle-mobile-disabled=\"false\" class=\"elementor-element elementor-element-693549be e-flex e-con-boxed e-con e-parent\" data-id=\"693549be\" data-element_type=\"container\" data-settings=\"{&quot;background_background&quot;:&quot;classic&quot;,&quot;shape_divider_bottom&quot;:&quot;curve&quot;}\">\n\t\t\t\t\t<div class=\"e-con-inner\">\n\t\t\t\t<div class=\"elementor-shape elementor-shape-bottom\" aria-hidden=\"true\" data-negative=\"false\">\n\t\t\t<svg xmlns=\"http:\/\/www.w3.org\/2000\/svg\" viewBox=\"0 0 1000 100\" preserveAspectRatio=\"none\">\n    <path class=\"elementor-shape-fill\" d=\"M1000,4.3V0H0v4.3C0.9,23.1,126.7,99.2,500,100S1000,22.7,1000,4.3z\"\/>\n<\/svg>\t\t<\/div>\n\t\t\t\t<div class=\"elementor-element elementor-element-6f0ab5a8 elementor-widget__width-initial elementor-widget elementor-widget-heading\" data-id=\"6f0ab5a8\" data-element_type=\"widget\" data-widget_type=\"heading.default\">\n\t\t\t\t<div class=\"elementor-widget-container\">\n\t\t\t\t\t<h1 class=\"elementor-heading-title elementor-size-default\">Fortalecendo comunidades, <span>transformando o oceano<\/span><\/h1>\t\t\t\t<\/div>\n\t\t\t\t<\/div>\n\t\t\t\t<div class=\"elementor-element elementor-element-369af7ec elementor-widget elementor-widget-button\" data-id=\"369af7ec\" data-element_type=\"widget\" data-widget_type=\"button.default\">\n\t\t\t\t<div class=\"elementor-widget-container\">\n\t\t\t\t\t\t\t\t\t<div class=\"elementor-button-wrapper\">\n\t\t\t\t\t<a class=\"elementor-button elementor-button-link elementor-size-sm\" href=\"https:\/\/oceangrants.org.uk\/pt-pt\/sobre\/\">\n\t\t\t\t\t\t<span class=\"elementor-button-content-wrapper\">\n\t\t\t\t\t\t\t\t\t<span class=\"elementor-button-text\">Saiba mais<\/span>\n\t\t\t\t\t<\/span>\n\t\t\t\t\t<\/a>\n\t\t\t\t<\/div>\n\t\t\t\t\t\t\t\t<\/div>\n\t\t\t\t<\/div>\n\t\t\t\t\t<\/div>\n\t\t\t\t<\/div>\n\t\t<div data-particle_enable=\"false\" data-particle-mobile-disabled=\"false\" class=\"elementor-element elementor-element-51b32532 e-flex e-con-boxed e-con e-parent\" data-id=\"51b32532\" data-element_type=\"container\">\n\t\t\t\t\t<div class=\"e-con-inner\">\n\t\t\t\t<div class=\"elementor-element elementor-element-5399fa42 elementor-widget__width-initial custom-play-icon elementor-widget elementor-widget-video\" data-id=\"5399fa42\" data-element_type=\"widget\" data-settings=\"{&quot;youtube_url&quot;:&quot;https:\\\/\\\/youtu.be\\\/82vi9QuwQj0?feature=shared&quot;,&quot;show_image_overlay&quot;:&quot;yes&quot;,&quot;image_overlay&quot;:{&quot;url&quot;:&quot;https:\\\/\\\/oceangrants.org.uk\\\/app\\\/uploads\\\/2023\\\/11\\\/Group-4456-e1701249834760.jpg&quot;,&quot;id&quot;:2350,&quot;size&quot;:&quot;&quot;,&quot;alt&quot;:&quot;&quot;,&quot;source&quot;:&quot;library&quot;},&quot;video_type&quot;:&quot;youtube&quot;,&quot;controls&quot;:&quot;yes&quot;}\" data-widget_type=\"video.default\">\n\t\t\t\t<div class=\"elementor-widget-container\">\n\t\t\t\t\t\t\t<div class=\"elementor-wrapper elementor-open-inline\">\n\t\t\t<div class=\"elementor-video\"><\/div>\t\t\t\t<div class=\"elementor-custom-embed-image-overlay lazyload\" style=\"background-image:inherit;\" data-bg-image=\"url(https:\/\/oceangrants.org.uk\/app\/uploads\/2023\/11\/Group-4456-e1701249834760.jpg)\">\n\t\t\t\t\t\t\t\t\t\t\t\t\t\t\t\t<div class=\"elementor-custom-embed-play\" role=\"button\" aria-label=\"Play Video\" tabindex=\"0\">\n\t\t\t\t\t\t\t<svg xmlns=\"http:\/\/www.w3.org\/2000\/svg\" width=\"49\" height=\"49\" viewBox=\"0 0 49 49\"><g id=\"Group_4434\" data-name=\"Group 4434\" transform=\"translate(-341 -923)\"><circle id=\"Ellipse_23\" data-name=\"Ellipse 23\" cx=\"24.5\" cy=\"24.5\" r=\"24.5\" transform=\"translate(341 923)\" fill=\"#17a3a6\"><\/circle><path id=\"Polygon_2\" data-name=\"Polygon 2\" d=\"M7,0l7,12H0Z\" transform=\"translate(372.5 940.5) rotate(90)\" fill=\"#fff\"><\/path><\/g><\/svg>\t\t\t\t\t\t<\/div>\n\t\t\t\t\t\t\t\t\t<\/div>\n\t\t\t\t\t<\/div>\n\t\t\t\t\t\t<\/div>\n\t\t\t\t<\/div>\n\t\t<div data-particle_enable=\"false\" data-particle-mobile-disabled=\"false\" class=\"elementor-element elementor-element-6d80484 e-con-full e-flex e-con e-child\" data-id=\"6d80484\" data-element_type=\"container\">\n\t\t\t\t<div class=\"elementor-element elementor-element-275c6850 elementor-widget__width-initial elementor-widget-widescreen__width-auto elementor-widget elementor-widget-text-editor\" data-id=\"275c6850\" data-element_type=\"widget\" data-widget_type=\"text-editor.default\">\n\t\t\t\t<div class=\"elementor-widget-container\">\n\t\t\t\t\t\t\t\t\t<p>O Programa de Subs\u00eddios para o Fortalecimento de Comunidades e Natureza do Oceano (OCEAN) apoia projetos de lideran\u00e7a local para proporcionar mudan\u00e7as duradouras no ambiente marinho e nas comunidades costeiras.<\/p>\t\t\t\t\t\t\t\t<\/div>\n\t\t\t\t<\/div>\n\t\t\t\t<\/div>\n\t\t\t\t\t<\/div>\n\t\t\t\t<\/div>\n\t\t<div data-particle_enable=\"false\" data-particle-mobile-disabled=\"false\" class=\"elementor-element elementor-element-7384db78 e-flex e-con-boxed e-con e-parent\" data-id=\"7384db78\" data-element_type=\"container\" data-settings=\"{&quot;background_background&quot;:&quot;gradient&quot;,&quot;shape_divider_top&quot;:&quot;curve&quot;,&quot;shape_divider_bottom&quot;:&quot;curve&quot;,&quot;shape_divider_bottom_negative&quot;:&quot;yes&quot;}\">\n\t\t\t\t\t<div class=\"e-con-inner\">\n\t\t\t\t<div class=\"elementor-shape elementor-shape-top\" aria-hidden=\"true\" data-negative=\"false\">\n\t\t\t<svg xmlns=\"http:\/\/www.w3.org\/2000\/svg\" viewBox=\"0 0 1000 100\" preserveAspectRatio=\"none\">\n    <path class=\"elementor-shape-fill\" d=\"M1000,4.3V0H0v4.3C0.9,23.1,126.7,99.2,500,100S1000,22.7,1000,4.3z\"\/>\n<\/svg>\t\t<\/div>\n\t\t\t\t<div class=\"elementor-shape elementor-shape-bottom\" aria-hidden=\"true\" data-negative=\"true\">\n\t\t\t<svg xmlns=\"http:\/\/www.w3.org\/2000\/svg\" viewBox=\"0 0 1000 100\" preserveAspectRatio=\"none\">\n\t<path class=\"elementor-shape-fill\" d=\"M500,97C126.7,96.3,0.8,19.8,0,0v100l1000,0V1C1000,19.4,873.3,97.8,500,97z\"\/>\n<\/svg>\t\t<\/div>\n\t\t<div data-particle_enable=\"false\" data-particle-mobile-disabled=\"false\" class=\"elementor-element elementor-element-c3b9e5a e-con-full e-flex e-con e-child\" data-id=\"c3b9e5a\" data-element_type=\"container\">\n\t\t<div data-particle_enable=\"false\" data-particle-mobile-disabled=\"false\" class=\"elementor-element elementor-element-2030b17 e-con-full e-flex e-con e-child\" data-id=\"2030b17\" data-element_type=\"container\" data-settings=\"{&quot;background_background&quot;:&quot;classic&quot;}\">\n\t\t\t\t<div class=\"elementor-element elementor-element-86c86ed elementor-widget elementor-widget-heading\" data-id=\"86c86ed\" data-element_type=\"widget\" data-widget_type=\"heading.default\">\n\t\t\t\t<div class=\"elementor-widget-container\">\n\t\t\t\t\t<h6 class=\"elementor-heading-title elementor-size-default\">O que oferecemos\n<\/h6>\t\t\t\t<\/div>\n\t\t\t\t<\/div>\n\t\t\t\t<div class=\"elementor-element elementor-element-e278f28 elementor-widget elementor-widget-heading\" data-id=\"e278f28\" data-element_type=\"widget\" data-widget_type=\"heading.default\">\n\t\t\t\t<div class=\"elementor-widget-container\">\n\t\t\t\t\t<h2 class=\"elementor-heading-title elementor-size-default\">Subs\u00eddios<\/h2>\t\t\t\t<\/div>\n\t\t\t\t<\/div>\n\t\t\t\t<div class=\"elementor-element elementor-element-eb22371 elementor-widget__width-initial elementor-widget-widescreen__width-auto elementor-widget-tablet__width-inherit elementor-widget elementor-widget-text-editor\" data-id=\"eb22371\" data-element_type=\"widget\" data-widget_type=\"text-editor.default\">\n\t\t\t\t<div class=\"elementor-widget-container\">\n\t\t\t\t\t\t\t\t\t<div class=\"ewa-rteLine\"><div class=\"ewa-rteLine\">Sabemos que as iniciativas lideradas pelas comunidades t\u00eam enorme potencial para causar um impacto positivo. Todavia, at\u00e9 hoje houve escassez de financiamento competitivo para programas que lidem com quest\u00f5es marinhas com foco espec\u00edfico em alcan\u00e7ar as comunidades e organiza\u00e7\u00f5es locais.<br \/>\u00a0<br \/>Dez por cento (10%) da popula\u00e7\u00e3o mundial t\u00eam alta depend\u00eancia dos benef\u00edcios nutricionais, econ\u00f4micos e de prote\u00e7\u00e3o costeira proporcionados pelo oceano, e a contribui\u00e7\u00e3o oce\u00e2nica \u00e0 economia global \u00e9 de US$ 1,5 trilh\u00f5es. Apesar disso, menos de 1% (US$\u00a013\u00a0bilh\u00f5es) deste valor total foi investido na economia oce\u00e2nica atrav\u00e9s de projetos sustent\u00e1veis na \u00faltima d\u00e9cada.<br \/>\u00a0<br \/>O Programa de Subs\u00eddios OCEAN busca corrigir tais desequil\u00edbrios por meio do apoio \u00e0s pessoas e comunidades mais afetadas pelas mudan\u00e7as clim\u00e1ticas.<\/div><\/div>\t\t\t\t\t\t\t\t<\/div>\n\t\t\t\t<\/div>\n\t\t<div data-particle_enable=\"false\" data-particle-mobile-disabled=\"false\" class=\"elementor-element elementor-element-657be0d e-con-full e-flex e-con e-child\" data-id=\"657be0d\" data-element_type=\"container\">\n\t\t<div data-particle_enable=\"false\" data-particle-mobile-disabled=\"false\" class=\"elementor-element elementor-element-d9a5a8a e-con-full e-flex e-con e-child\" data-id=\"d9a5a8a\" data-element_type=\"container\">\n\t\t\t\t<div class=\"elementor-element elementor-element-3827710 elementor-widget elementor-widget-image\" data-id=\"3827710\" data-element_type=\"widget\" data-widget_type=\"image.default\">\n\t\t\t\t<div class=\"elementor-widget-container\">\n\t\t\t\t\t\t\t\t\t\t\t\t\t\t\t<img fetchpriority=\"high\" decoding=\"async\" width=\"1024\" height=\"530\" src=\"https:\/\/oceangrants.org.uk\/app\/uploads\/2023\/12\/pexels-serafina-jacobsonwalsh-4630730-scaled-e1705505860409-1024x530.jpg\" class=\"attachment-large size-large wp-image-2425\" alt=\"\" srcset=\"https:\/\/oceangrants.org.uk\/app\/uploads\/2023\/12\/pexels-serafina-jacobsonwalsh-4630730-scaled-e1705505860409-1024x530.jpg 1024w, https:\/\/oceangrants.org.uk\/app\/uploads\/2023\/12\/pexels-serafina-jacobsonwalsh-4630730-scaled-e1705505860409-300x155.jpg 300w, https:\/\/oceangrants.org.uk\/app\/uploads\/2023\/12\/pexels-serafina-jacobsonwalsh-4630730-scaled-e1705505860409-768x398.jpg 768w, https:\/\/oceangrants.org.uk\/app\/uploads\/2023\/12\/pexels-serafina-jacobsonwalsh-4630730-scaled-e1705505860409-1536x796.jpg 1536w, https:\/\/oceangrants.org.uk\/app\/uploads\/2023\/12\/pexels-serafina-jacobsonwalsh-4630730-scaled-e1705505860409-2048x1061.jpg 2048w\" sizes=\"(max-width: 1024px) 100vw, 1024px\" \/>\t\t\t\t\t\t\t\t\t\t\t\t\t\t\t<\/div>\n\t\t\t\t<\/div>\n\t\t\t\t<div class=\"elementor-element elementor-element-d25d026 elementor-widget elementor-widget-heading\" data-id=\"d25d026\" data-element_type=\"widget\" data-widget_type=\"heading.default\">\n\t\t\t\t<div class=\"elementor-widget-container\">\n\t\t\t\t\t<h2 class=\"elementor-heading-title elementor-size-default\">Subs\u00eddios Comunit\u00e1rios<\/h2>\t\t\t\t<\/div>\n\t\t\t\t<\/div>\n\t\t\t\t<div class=\"elementor-element elementor-element-103173f elementor-widget-widescreen__width-auto elementor-widget elementor-widget-text-editor\" data-id=\"103173f\" data-element_type=\"widget\" data-widget_type=\"text-editor.default\">\n\t\t\t\t<div class=\"elementor-widget-container\">\n\t\t\t\t\t\t\t\t\t<p>Subs\u00eddios comunit\u00e1rios de at\u00e9 \u00a3\u00a0250.000 estar\u00e3o dispon\u00edveis para organiza\u00e7\u00f5es de pequena escala, locais, estabelecidas no pa\u00eds<\/p>\t\t\t\t\t\t\t\t<\/div>\n\t\t\t\t<\/div>\n\t\t\t\t<div class=\"elementor-element elementor-element-c6d6480 elementor-widget elementor-widget-button\" data-id=\"c6d6480\" data-element_type=\"widget\" data-widget_type=\"button.default\">\n\t\t\t\t<div class=\"elementor-widget-container\">\n\t\t\t\t\t\t\t\t\t<div class=\"elementor-button-wrapper\">\n\t\t\t\t\t<a class=\"elementor-button elementor-button-link elementor-size-sm\" href=\"https:\/\/oceangrants.org.uk\/pt-pt\/candidaturas\/subsidios-comunitarios\/\">\n\t\t\t\t\t\t<span class=\"elementor-button-content-wrapper\">\n\t\t\t\t\t\t\t\t\t<span class=\"elementor-button-text\">Saiba mais<\/span>\n\t\t\t\t\t<\/span>\n\t\t\t\t\t<\/a>\n\t\t\t\t<\/div>\n\t\t\t\t\t\t\t\t<\/div>\n\t\t\t\t<\/div>\n\t\t\t\t<\/div>\n\t\t<div data-particle_enable=\"false\" data-particle-mobile-disabled=\"false\" class=\"elementor-element elementor-element-6bf61b7 e-con-full e-flex e-con e-child\" data-id=\"6bf61b7\" data-element_type=\"container\">\n\t\t\t\t<div class=\"elementor-element elementor-element-65bf2b9 elementor-widget elementor-widget-image\" data-id=\"65bf2b9\" data-element_type=\"widget\" data-widget_type=\"image.default\">\n\t\t\t\t<div class=\"elementor-widget-container\">\n\t\t\t\t\t\t\t\t\t\t\t\t\t\t\t<img decoding=\"async\" width=\"1024\" height=\"576\" data-src=\"https:\/\/oceangrants.org.uk\/app\/uploads\/2025\/09\/Haiti_Local_Man-in-boat-1024x576.jpg\" class=\"attachment-large size-large wp-image-9871 lazyload\" alt=\"\" data-srcset=\"https:\/\/oceangrants.org.uk\/app\/uploads\/2025\/09\/Haiti_Local_Man-in-boat-1024x576.jpg 1024w, https:\/\/oceangrants.org.uk\/app\/uploads\/2025\/09\/Haiti_Local_Man-in-boat-300x169.jpg 300w, https:\/\/oceangrants.org.uk\/app\/uploads\/2025\/09\/Haiti_Local_Man-in-boat-768x432.jpg 768w, https:\/\/oceangrants.org.uk\/app\/uploads\/2025\/09\/Haiti_Local_Man-in-boat-1536x864.jpg 1536w, https:\/\/oceangrants.org.uk\/app\/uploads\/2025\/09\/Haiti_Local_Man-in-boat-2048x1152.jpg 2048w\" data-sizes=\"(max-width: 1024px) 100vw, 1024px\" src=\"data:image\/svg+xml;base64,PHN2ZyB3aWR0aD0iMSIgaGVpZ2h0PSIxIiB4bWxucz0iaHR0cDovL3d3dy53My5vcmcvMjAwMC9zdmciPjwvc3ZnPg==\" style=\"--smush-placeholder-width: 1024px; --smush-placeholder-aspect-ratio: 1024\/576;\" \/>\t\t\t\t\t\t\t\t\t\t\t\t\t\t\t<\/div>\n\t\t\t\t<\/div>\n\t\t\t\t<div class=\"elementor-element elementor-element-5796c2b elementor-widget elementor-widget-heading\" data-id=\"5796c2b\" data-element_type=\"widget\" data-widget_type=\"heading.default\">\n\t\t\t\t<div class=\"elementor-widget-container\">\n\t\t\t\t\t<h2 class=\"elementor-heading-title elementor-size-default\">Subs\u00eddios de Parceria<\/h2>\t\t\t\t<\/div>\n\t\t\t\t<\/div>\n\t\t\t\t<div class=\"elementor-element elementor-element-fdbefb9 elementor-widget-widescreen__width-auto elementor-widget elementor-widget-text-editor\" data-id=\"fdbefb9\" data-element_type=\"widget\" data-widget_type=\"text-editor.default\">\n\t\t\t\t<div class=\"elementor-widget-container\">\n\t\t\t\t\t\t\t\t\t<p>Subs\u00eddios de parceria com valor entre \u00a3 500,000 a \u00a33 milh\u00f5es ser\u00e3o concedidos a organiza\u00e7\u00f5es que firmem parcerias com organiza\u00e7\u00f5es de lideran\u00e7a local para executar projetos em grande escala.<\/p>\t\t\t\t\t\t\t\t<\/div>\n\t\t\t\t<\/div>\n\t\t\t\t<div class=\"elementor-element elementor-element-85c40c5 elementor-widget elementor-widget-button\" data-id=\"85c40c5\" data-element_type=\"widget\" data-widget_type=\"button.default\">\n\t\t\t\t<div class=\"elementor-widget-container\">\n\t\t\t\t\t\t\t\t\t<div class=\"elementor-button-wrapper\">\n\t\t\t\t\t<a class=\"elementor-button elementor-button-link elementor-size-sm\" href=\"https:\/\/oceangrants.org.uk\/pt-pt\/candidaturas\/subsidios-de-parceria\/\">\n\t\t\t\t\t\t<span class=\"elementor-button-content-wrapper\">\n\t\t\t\t\t\t\t\t\t<span class=\"elementor-button-text\">Saiba mais<\/span>\n\t\t\t\t\t<\/span>\n\t\t\t\t\t<\/a>\n\t\t\t\t<\/div>\n\t\t\t\t\t\t\t\t<\/div>\n\t\t\t\t<\/div>\n\t\t\t\t<\/div>\n\t\t\t\t<\/div>\n\t\t\t\t<\/div>\n\t\t\t\t<\/div>\n\t\t\t\t\t<\/div>\n\t\t\t\t<\/div>\n\t\t\t\t<\/div>\n\t\t","protected":false},"excerpt":{"rendered":"<p>Fortalecendo comunidades, transformando o oceano Saiba mais https:\/\/youtu.be\/82vi9QuwQj0?feature=shared O Programa de Subs\u00eddios para o Fortalecimento de Comunidades e Natureza do Oceano (OCEAN) apoia projetos de lideran\u00e7a local para proporcionar mudan\u00e7as duradouras no ambiente marinho e nas comunidades costeiras. O que oferecemos Subs\u00eddios Sabemos que as iniciativas lideradas pelas comunidades t\u00eam enorme potencial para causar um [&hellip;]<\/p>\n","protected":false},"author":1,"featured_media":0,"parent":0,"menu_order":0,"comment_status":"closed","ping_status":"closed","template":"elementor_header_footer","meta":{"_acf_changed":false,"footnotes":""},"class_list":["post-2925","page","type-page","status-publish","hentry"],"acf":[],"yoast_head":"<!-- This site is optimized with the Yoast SEO plugin v25.7 - https:\/\/yoast.com\/wordpress\/plugins\/seo\/ -->\n<title>In\u00edcio - Ocean Grant Programme<\/title>\n<meta name=\"description\" content=\"O Programa de Subs\u00eddios para o Empoderamento da Comunidade Oce\u00e2nica e a Natureza (OCEAN) apoia mudan\u00e7as duradouras no ambiente marinho e nas comunidades costeiras.\" \/>\n<meta name=\"robots\" content=\"index, follow, max-snippet:-1, max-image-preview:large, max-video-preview:-1\" \/>\n<link rel=\"canonical\" href=\"https:\/\/oceangrants.org.uk\/pt-pt\/\" \/>\n<meta property=\"og:locale\" content=\"pt_PT\" \/>\n<meta property=\"og:type\" content=\"article\" \/>\n<meta property=\"og:title\" content=\"In\u00edcio - Ocean Grant Programme\" \/>\n<meta property=\"og:description\" content=\"O Programa de Subs\u00eddios para o Empoderamento da Comunidade Oce\u00e2nica e a Natureza (OCEAN) apoia mudan\u00e7as duradouras no ambiente marinho e nas comunidades costeiras.\" \/>\n<meta property=\"og:url\" content=\"https:\/\/oceangrants.org.uk\/pt-pt\/\" \/>\n<meta property=\"og:site_name\" content=\"Ocean Grant Programme\" \/>\n<meta property=\"article:modified_time\" content=\"2026-02-16T11:44:14+00:00\" \/>\n<meta property=\"og:image\" content=\"https:\/\/oceangrants.org.uk\/app\/uploads\/2023\/12\/pexels-serafina-jacobsonwalsh-4630730-scaled-e1705505860409-1024x530.jpg\" \/>\n<meta name=\"twitter:card\" content=\"summary_large_image\" \/>\n<meta name=\"twitter:label1\" content=\"Est. reading time\" \/>\n\t<meta name=\"twitter:data1\" content=\"2 minutes\" \/>\n<script type=\"application\/ld+json\" class=\"yoast-schema-graph\">{\"@context\":\"https:\/\/schema.org\",\"@graph\":[{\"@type\":\"WebPage\",\"@id\":\"https:\/\/oceangrants.org.uk\/pt-pt\/\",\"url\":\"https:\/\/oceangrants.org.uk\/pt-pt\/\",\"name\":\"In\u00edcio - Ocean Grant Programme\",\"isPartOf\":{\"@id\":\"https:\/\/oceangrants.org.uk\/pt-pt\/#website\"},\"primaryImageOfPage\":{\"@id\":\"https:\/\/oceangrants.org.uk\/pt-pt\/#primaryimage\"},\"image\":{\"@id\":\"https:\/\/oceangrants.org.uk\/pt-pt\/#primaryimage\"},\"thumbnailUrl\":\"https:\/\/oceangrants.org.uk\/app\/uploads\/2023\/12\/pexels-serafina-jacobsonwalsh-4630730-scaled-e1705505860409-1024x530.jpg\",\"datePublished\":\"2023-11-06T13:11:12+00:00\",\"dateModified\":\"2026-02-16T11:44:14+00:00\",\"description\":\"O Programa de Subs\u00eddios para o Empoderamento da Comunidade Oce\u00e2nica e a Natureza (OCEAN) apoia mudan\u00e7as duradouras no ambiente marinho e nas comunidades costeiras.\",\"breadcrumb\":{\"@id\":\"https:\/\/oceangrants.org.uk\/pt-pt\/#breadcrumb\"},\"inLanguage\":\"pt-PT\",\"potentialAction\":[{\"@type\":\"ReadAction\",\"target\":[\"https:\/\/oceangrants.org.uk\/pt-pt\/\"]}]},{\"@type\":\"ImageObject\",\"inLanguage\":\"pt-PT\",\"@id\":\"https:\/\/oceangrants.org.uk\/pt-pt\/#primaryimage\",\"url\":\"https:\/\/oceangrants.org.uk\/app\/uploads\/2023\/12\/pexels-serafina-jacobsonwalsh-4630730-scaled-e1705505860409-1024x530.jpg\",\"contentUrl\":\"https:\/\/oceangrants.org.uk\/app\/uploads\/2023\/12\/pexels-serafina-jacobsonwalsh-4630730-scaled-e1705505860409-1024x530.jpg\"},{\"@type\":\"BreadcrumbList\",\"@id\":\"https:\/\/oceangrants.org.uk\/pt-pt\/#breadcrumb\",\"itemListElement\":[{\"@type\":\"ListItem\",\"position\":1,\"name\":\"Home\",\"item\":\"https:\/\/oceangrants.org.uk\/pt-pt\/\"},{\"@type\":\"ListItem\",\"position\":2,\"name\":\"In\u00edcio\"}]},{\"@type\":\"WebSite\",\"@id\":\"https:\/\/oceangrants.org.uk\/pt-pt\/#website\",\"url\":\"https:\/\/oceangrants.org.uk\/pt-pt\/\",\"name\":\"Ocean Grant Programme\",\"description\":\"\",\"potentialAction\":[{\"@type\":\"SearchAction\",\"target\":{\"@type\":\"EntryPoint\",\"urlTemplate\":\"https:\/\/oceangrants.org.uk\/pt-pt\/?s={search_term_string}\"},\"query-input\":{\"@type\":\"PropertyValueSpecification\",\"valueRequired\":true,\"valueName\":\"search_term_string\"}}],\"inLanguage\":\"pt-PT\"}]}<\/script>\n<!-- \/ Yoast SEO plugin. -->","yoast_head_json":{"title":"In\u00edcio - Ocean Grant Programme","description":"O Programa de Subs\u00eddios para o Empoderamento da Comunidade Oce\u00e2nica e a Natureza (OCEAN) apoia mudan\u00e7as duradouras no ambiente marinho e nas comunidades costeiras.","robots":{"index":"index","follow":"follow","max-snippet":"max-snippet:-1","max-image-preview":"max-image-preview:large","max-video-preview":"max-video-preview:-1"},"canonical":"https:\/\/oceangrants.org.uk\/pt-pt\/","og_locale":"pt_PT","og_type":"article","og_title":"In\u00edcio - Ocean Grant Programme","og_description":"O Programa de Subs\u00eddios para o Empoderamento da Comunidade Oce\u00e2nica e a Natureza (OCEAN) apoia mudan\u00e7as duradouras no ambiente marinho e nas comunidades costeiras.","og_url":"https:\/\/oceangrants.org.uk\/pt-pt\/","og_site_name":"Ocean Grant Programme","article_modified_time":"2026-02-16T11:44:14+00:00","og_image":[{"url":"https:\/\/oceangrants.org.uk\/app\/uploads\/2023\/12\/pexels-serafina-jacobsonwalsh-4630730-scaled-e1705505860409-1024x530.jpg","type":"","width":"","height":""}],"twitter_card":"summary_large_image","twitter_misc":{"Est. reading time":"2 minutes"},"schema":{"@context":"https:\/\/schema.org","@graph":[{"@type":"WebPage","@id":"https:\/\/oceangrants.org.uk\/pt-pt\/","url":"https:\/\/oceangrants.org.uk\/pt-pt\/","name":"In\u00edcio - Ocean Grant Programme","isPartOf":{"@id":"https:\/\/oceangrants.org.uk\/pt-pt\/#website"},"primaryImageOfPage":{"@id":"https:\/\/oceangrants.org.uk\/pt-pt\/#primaryimage"},"image":{"@id":"https:\/\/oceangrants.org.uk\/pt-pt\/#primaryimage"},"thumbnailUrl":"https:\/\/oceangrants.org.uk\/app\/uploads\/2023\/12\/pexels-serafina-jacobsonwalsh-4630730-scaled-e1705505860409-1024x530.jpg","datePublished":"2023-11-06T13:11:12+00:00","dateModified":"2026-02-16T11:44:14+00:00","description":"O Programa de Subs\u00eddios para o Empoderamento da Comunidade Oce\u00e2nica e a Natureza (OCEAN) apoia mudan\u00e7as duradouras no ambiente marinho e nas comunidades costeiras.","breadcrumb":{"@id":"https:\/\/oceangrants.org.uk\/pt-pt\/#breadcrumb"},"inLanguage":"pt-PT","potentialAction":[{"@type":"ReadAction","target":["https:\/\/oceangrants.org.uk\/pt-pt\/"]}]},{"@type":"ImageObject","inLanguage":"pt-PT","@id":"https:\/\/oceangrants.org.uk\/pt-pt\/#primaryimage","url":"https:\/\/oceangrants.org.uk\/app\/uploads\/2023\/12\/pexels-serafina-jacobsonwalsh-4630730-scaled-e1705505860409-1024x530.jpg","contentUrl":"https:\/\/oceangrants.org.uk\/app\/uploads\/2023\/12\/pexels-serafina-jacobsonwalsh-4630730-scaled-e1705505860409-1024x530.jpg"},{"@type":"BreadcrumbList","@id":"https:\/\/oceangrants.org.uk\/pt-pt\/#breadcrumb","itemListElement":[{"@type":"ListItem","position":1,"name":"Home","item":"https:\/\/oceangrants.org.uk\/pt-pt\/"},{"@type":"ListItem","position":2,"name":"In\u00edcio"}]},{"@type":"WebSite","@id":"https:\/\/oceangrants.org.uk\/pt-pt\/#website","url":"https:\/\/oceangrants.org.uk\/pt-pt\/","name":"Ocean Grant Programme","description":"","potentialAction":[{"@type":"SearchAction","target":{"@type":"EntryPoint","urlTemplate":"https:\/\/oceangrants.org.uk\/pt-pt\/?s={search_term_string}"},"query-input":{"@type":"PropertyValueSpecification","valueRequired":true,"valueName":"search_term_string"}}],"inLanguage":"pt-PT"}]}},"_links":{"self":[{"href":"https:\/\/oceangrants.org.uk\/pt-pt\/wp-json\/wp\/v2\/pages\/2925","targetHints":{"allow":["GET"]}}],"collection":[{"href":"https:\/\/oceangrants.org.uk\/pt-pt\/wp-json\/wp\/v2\/pages"}],"about":[{"href":"https:\/\/oceangrants.org.uk\/pt-pt\/wp-json\/wp\/v2\/types\/page"}],"author":[{"embeddable":true,"href":"https:\/\/oceangrants.org.uk\/pt-pt\/wp-json\/wp\/v2\/users\/1"}],"replies":[{"embeddable":true,"href":"https:\/\/oceangrants.org.uk\/pt-pt\/wp-json\/wp\/v2\/comments?post=2925"}],"version-history":[{"count":32,"href":"https:\/\/oceangrants.org.uk\/pt-pt\/wp-json\/wp\/v2\/pages\/2925\/revisions"}],"predecessor-version":[{"id":10043,"href":"https:\/\/oceangrants.org.uk\/pt-pt\/wp-json\/wp\/v2\/pages\/2925\/revisions\/10043"}],"wp:attachment":[{"href":"https:\/\/oceangrants.org.uk\/pt-pt\/wp-json\/wp\/v2\/media?parent=2925"}],"curies":[{"name":"wp","href":"https:\/\/api.w.org\/{rel}","templated":true}]}}