{"id":3410,"date":"2024-02-14T16:28:05","date_gmt":"2024-02-14T16:28:05","guid":{"rendered":"https:\/\/oceangrants.org.uk\/?page_id=3410"},"modified":"2026-02-16T11:52:11","modified_gmt":"2026-02-16T11:52:11","slug":"recursos-para-organizacoes-contempladas","status":"publish","type":"page","link":"https:\/\/oceangrants.org.uk\/pt-pt\/recursos\/recursos-para-organizacoes-contempladas\/","title":{"rendered":"Recursos para organiza\u00e7\u00f5es contempladas"},"content":{"rendered":"\t\t<div data-elementor-type=\"wp-page\" data-elementor-id=\"3410\" class=\"elementor elementor-3410 elementor-2296\" data-elementor-post-type=\"page\">\n\t\t\t\t<div data-particle_enable=\"false\" data-particle-mobile-disabled=\"false\" class=\"elementor-element elementor-element-76c9c5db e-flex e-con-boxed e-con e-parent\" data-id=\"76c9c5db\" data-element_type=\"container\" data-settings=\"{&quot;background_background&quot;:&quot;classic&quot;,&quot;shape_divider_bottom&quot;:&quot;curve&quot;}\">\n\t\t\t\t\t<div class=\"e-con-inner\">\n\t\t\t\t<div class=\"elementor-shape elementor-shape-bottom\" aria-hidden=\"true\" data-negative=\"false\">\n\t\t\t<svg xmlns=\"http:\/\/www.w3.org\/2000\/svg\" viewBox=\"0 0 1000 100\" preserveAspectRatio=\"none\">\n    <path class=\"elementor-shape-fill\" d=\"M1000,4.3V0H0v4.3C0.9,23.1,126.7,99.2,500,100S1000,22.7,1000,4.3z\"\/>\n<\/svg>\t\t<\/div>\n\t\t\t\t<div class=\"elementor-element elementor-element-701dfad2 elementor-widget__width-initial elementor-widget elementor-widget-heading\" data-id=\"701dfad2\" data-element_type=\"widget\" data-widget_type=\"heading.default\">\n\t\t\t\t<div class=\"elementor-widget-container\">\n\t\t\t\t\t<h1 class=\"elementor-heading-title elementor-size-default\">Recursos para organiza\u00e7\u00f5es contempladas<\/h1>\t\t\t\t<\/div>\n\t\t\t\t<\/div>\n\t\t\t\t<div class=\"elementor-element elementor-element-66c43ec6 elementor-widget__width-initial elementor-widget-widescreen__width-auto elementor-widget elementor-widget-text-editor\" data-id=\"66c43ec6\" data-element_type=\"widget\" data-widget_type=\"text-editor.default\">\n\t\t\t\t<div class=\"elementor-widget-container\">\n\t\t\t\t\t\t\t\t\t<p>Orienta\u00e7\u00f5es e outras informa\u00e7\u00f5es \u00fateis para os bolseiros e candidatos.<\/p>\t\t\t\t\t\t\t\t<\/div>\n\t\t\t\t<\/div>\n\t\t<div data-particle_enable=\"false\" data-particle-mobile-disabled=\"false\" class=\"elementor-element elementor-element-5ca1277 e-con-full e-flex e-con e-child\" data-id=\"5ca1277\" data-element_type=\"container\">\n\t\t\t\t<div class=\"elementor-element elementor-element-11733fb elementor-widget elementor-widget-text-editor\" data-id=\"11733fb\" data-element_type=\"widget\" data-widget_type=\"text-editor.default\">\n\t\t\t\t<div class=\"elementor-widget-container\">\n\t\t\t\t\t\t\t\t\t<p class=\"p1\"><em>Cr\u00e9dito da imagem: Salvador Aznar<\/em><\/p>\t\t\t\t\t\t\t\t<\/div>\n\t\t\t\t<\/div>\n\t\t\t\t<\/div>\n\t\t\t\t\t<\/div>\n\t\t\t\t<\/div>\n\t\t<div data-particle_enable=\"false\" data-particle-mobile-disabled=\"false\" class=\"elementor-element elementor-element-8c4b557 e-flex e-con-boxed e-con e-parent\" data-id=\"8c4b557\" data-element_type=\"container\">\n\t\t\t\t\t<div class=\"e-con-inner\">\n\t\t\t\t<div class=\"elementor-element elementor-element-f796290 elementor-hidden-mobile elementor-nav-menu__align-start elementor-nav-menu--dropdown-none elementor-widget elementor-widget-nav-menu\" data-id=\"f796290\" data-element_type=\"widget\" data-settings=\"{&quot;layout&quot;:&quot;horizontal&quot;,&quot;submenu_icon&quot;:{&quot;value&quot;:&quot;&lt;svg class=\\&quot;e-font-icon-svg e-fas-caret-down\\&quot; viewBox=\\&quot;0 0 320 512\\&quot; xmlns=\\&quot;http:\\\/\\\/www.w3.org\\\/2000\\\/svg\\&quot;&gt;&lt;path d=\\&quot;M31.3 192h257.3c17.8 0 26.7 21.5 14.1 34.1L174.1 354.8c-7.8 7.8-20.5 7.8-28.3 0L17.2 226.1C4.6 213.5 13.5 192 31.3 192z\\&quot;&gt;&lt;\\\/path&gt;&lt;\\\/svg&gt;&quot;,&quot;library&quot;:&quot;fa-solid&quot;}}\" data-widget_type=\"nav-menu.default\">\n\t\t\t\t<div class=\"elementor-widget-container\">\n\t\t\t\t\t\t\t\t<nav aria-label=\"Menu\" class=\"elementor-nav-menu--main elementor-nav-menu__container elementor-nav-menu--layout-horizontal e--pointer-text e--animation-float\">\n\t\t\t\t<ul id=\"menu-1-f796290\" class=\"elementor-nav-menu\"><li class=\"menu-item menu-item-type-post_type menu-item-object-page menu-item-3516\"><a href=\"https:\/\/oceangrants.org.uk\/pt-pt\/recursos\/recursos-para-candidatos\/\" class=\"elementor-item\">Recursos para candidatos<\/a><\/li>\n<li class=\"menu-item menu-item-type-post_type menu-item-object-page menu-item-6462\"><a href=\"https:\/\/oceangrants.org.uk\/pt-pt\/recursos\/recursos-para-organizacoes-contempladas\/\" class=\"elementor-item\">Recursos para organiza\u00e7\u00f5es contempladas<\/a><\/li>\n<\/ul>\t\t\t<\/nav>\n\t\t\t\t\t\t<nav class=\"elementor-nav-menu--dropdown elementor-nav-menu__container\" aria-hidden=\"true\">\n\t\t\t\t<ul id=\"menu-2-f796290\" class=\"elementor-nav-menu\"><li class=\"menu-item menu-item-type-post_type menu-item-object-page menu-item-3516\"><a href=\"https:\/\/oceangrants.org.uk\/pt-pt\/recursos\/recursos-para-candidatos\/\" class=\"elementor-item\" tabindex=\"-1\">Recursos para candidatos<\/a><\/li>\n<li class=\"menu-item menu-item-type-post_type menu-item-object-page menu-item-6462\"><a href=\"https:\/\/oceangrants.org.uk\/pt-pt\/recursos\/recursos-para-organizacoes-contempladas\/\" class=\"elementor-item\" tabindex=\"-1\">Recursos para organiza\u00e7\u00f5es contempladas<\/a><\/li>\n<\/ul>\t\t\t<\/nav>\n\t\t\t\t\t\t<\/div>\n\t\t\t\t<\/div>\n\t\t\t\t<div class=\"elementor-element elementor-element-e1b9b1c elementor-nav-menu__align-start elementor-nav-menu--dropdown-none elementor-hidden-widescreen elementor-hidden-desktop elementor-hidden-tablet elementor-widget elementor-widget-nav-menu\" data-id=\"e1b9b1c\" data-element_type=\"widget\" data-settings=\"{&quot;layout&quot;:&quot;vertical&quot;,&quot;submenu_icon&quot;:{&quot;value&quot;:&quot;&lt;i class=\\&quot;\\&quot;&gt;&lt;\\\/i&gt;&quot;,&quot;library&quot;:&quot;&quot;}}\" data-widget_type=\"nav-menu.default\">\n\t\t\t\t<div class=\"elementor-widget-container\">\n\t\t\t\t\t\t\t\t<nav aria-label=\"Menu\" class=\"elementor-nav-menu--main elementor-nav-menu__container elementor-nav-menu--layout-vertical e--pointer-text e--animation-float\">\n\t\t\t\t<ul id=\"menu-1-e1b9b1c\" class=\"elementor-nav-menu sm-vertical\"><li class=\"menu-item menu-item-type-post_type menu-item-object-page menu-item-3516\"><a href=\"https:\/\/oceangrants.org.uk\/pt-pt\/recursos\/recursos-para-candidatos\/\" class=\"elementor-item\">Recursos para candidatos<\/a><\/li>\n<li class=\"menu-item menu-item-type-post_type menu-item-object-page menu-item-6462\"><a href=\"https:\/\/oceangrants.org.uk\/pt-pt\/recursos\/recursos-para-organizacoes-contempladas\/\" class=\"elementor-item\">Recursos para organiza\u00e7\u00f5es contempladas<\/a><\/li>\n<\/ul>\t\t\t<\/nav>\n\t\t\t\t\t\t<nav class=\"elementor-nav-menu--dropdown elementor-nav-menu__container\" aria-hidden=\"true\">\n\t\t\t\t<ul id=\"menu-2-e1b9b1c\" class=\"elementor-nav-menu sm-vertical\"><li class=\"menu-item menu-item-type-post_type menu-item-object-page menu-item-3516\"><a href=\"https:\/\/oceangrants.org.uk\/pt-pt\/recursos\/recursos-para-candidatos\/\" class=\"elementor-item\" tabindex=\"-1\">Recursos para candidatos<\/a><\/li>\n<li class=\"menu-item menu-item-type-post_type menu-item-object-page menu-item-6462\"><a href=\"https:\/\/oceangrants.org.uk\/pt-pt\/recursos\/recursos-para-organizacoes-contempladas\/\" class=\"elementor-item\" tabindex=\"-1\">Recursos para organiza\u00e7\u00f5es contempladas<\/a><\/li>\n<\/ul>\t\t\t<\/nav>\n\t\t\t\t\t\t<\/div>\n\t\t\t\t<\/div>\n\t\t\t\t<div class=\"elementor-element elementor-element-ecb1f89 elementor-nav-menu__align-start elementor-nav-menu--dropdown-none elementor-hidden-mobile elementor-widget elementor-widget-nav-menu\" data-id=\"ecb1f89\" data-element_type=\"widget\" data-settings=\"{&quot;layout&quot;:&quot;horizontal&quot;,&quot;submenu_icon&quot;:{&quot;value&quot;:&quot;&lt;svg class=\\&quot;e-font-icon-svg e-fas-caret-down\\&quot; viewBox=\\&quot;0 0 320 512\\&quot; xmlns=\\&quot;http:\\\/\\\/www.w3.org\\\/2000\\\/svg\\&quot;&gt;&lt;path d=\\&quot;M31.3 192h257.3c17.8 0 26.7 21.5 14.1 34.1L174.1 354.8c-7.8 7.8-20.5 7.8-28.3 0L17.2 226.1C4.6 213.5 13.5 192 31.3 192z\\&quot;&gt;&lt;\\\/path&gt;&lt;\\\/svg&gt;&quot;,&quot;library&quot;:&quot;fa-solid&quot;}}\" data-widget_type=\"nav-menu.default\">\n\t\t\t\t<div class=\"elementor-widget-container\">\n\t\t\t\t\t\t\t\t<nav aria-label=\"Menu\" class=\"elementor-nav-menu--main elementor-nav-menu__container elementor-nav-menu--layout-horizontal e--pointer-text e--animation-float\">\n\t\t\t\t<ul id=\"menu-1-ecb1f89\" class=\"elementor-nav-menu\"><li class=\"menu-item menu-item-type-custom menu-item-object-custom menu-item-6488\"><a href=\"https:\/\/oceangrants.org.uk\/resources\/grantee-resources\/?current_page=1\" class=\"elementor-item\">English<\/a><\/li>\n<li class=\"menu-item menu-item-type-custom menu-item-object-custom menu-item-5614\"><a href=\"https:\/\/oceangrants.org.uk\/fr\/ressources\/ressources-a-lintention-des-beneficiaires\/?current_page=1\" class=\"elementor-item\">Fran\u00e7ais<\/a><\/li>\n<li class=\"menu-item menu-item-type-custom menu-item-object-custom menu-item-5615\"><a href=\"https:\/\/oceangrants.org.uk\/es\/recursos\/recursos-para-beneficiarios\/?current_page=1\" class=\"elementor-item\">Espa\u00f1ol<\/a><\/li>\n<li class=\"menu-item menu-item-type-custom menu-item-object-custom menu-item-5616\"><a href=\"https:\/\/oceangrants.org.uk\/pt-pt\/recursos\/recursos-para-organizacoes-contempladas\/?current_page=1\" class=\"elementor-item\">Portgu\u00eas<\/a><\/li>\n<li class=\"menu-item menu-item-type-custom menu-item-object-custom menu-item-5617\"><a href=\"https:\/\/oceangrants.org.uk\/id\/sumber-daya\/sumber-daya-penerima-hibah\/?current_page=1\" class=\"elementor-item\">Bahasa Indonesia<\/a><\/li>\n<\/ul>\t\t\t<\/nav>\n\t\t\t\t\t\t<nav class=\"elementor-nav-menu--dropdown elementor-nav-menu__container\" aria-hidden=\"true\">\n\t\t\t\t<ul id=\"menu-2-ecb1f89\" class=\"elementor-nav-menu\"><li class=\"menu-item menu-item-type-custom menu-item-object-custom menu-item-6488\"><a href=\"https:\/\/oceangrants.org.uk\/resources\/grantee-resources\/?current_page=1\" class=\"elementor-item\" tabindex=\"-1\">English<\/a><\/li>\n<li class=\"menu-item menu-item-type-custom menu-item-object-custom menu-item-5614\"><a href=\"https:\/\/oceangrants.org.uk\/fr\/ressources\/ressources-a-lintention-des-beneficiaires\/?current_page=1\" class=\"elementor-item\" tabindex=\"-1\">Fran\u00e7ais<\/a><\/li>\n<li class=\"menu-item menu-item-type-custom menu-item-object-custom menu-item-5615\"><a href=\"https:\/\/oceangrants.org.uk\/es\/recursos\/recursos-para-beneficiarios\/?current_page=1\" class=\"elementor-item\" tabindex=\"-1\">Espa\u00f1ol<\/a><\/li>\n<li class=\"menu-item menu-item-type-custom menu-item-object-custom menu-item-5616\"><a href=\"https:\/\/oceangrants.org.uk\/pt-pt\/recursos\/recursos-para-organizacoes-contempladas\/?current_page=1\" class=\"elementor-item\" tabindex=\"-1\">Portgu\u00eas<\/a><\/li>\n<li class=\"menu-item menu-item-type-custom menu-item-object-custom menu-item-5617\"><a href=\"https:\/\/oceangrants.org.uk\/id\/sumber-daya\/sumber-daya-penerima-hibah\/?current_page=1\" class=\"elementor-item\" tabindex=\"-1\">Bahasa Indonesia<\/a><\/li>\n<\/ul>\t\t\t<\/nav>\n\t\t\t\t\t\t<\/div>\n\t\t\t\t<\/div>\n\t\t\t\t<div class=\"elementor-element elementor-element-061e78a elementor-widget elementor-widget-insights_feed\" data-id=\"061e78a\" data-element_type=\"widget\" data-widget_type=\"insights_feed.default\">\n\t\t\t\t<div class=\"elementor-widget-container\">\n\t\t\t\t\t    <section id=\"feed\" class=\"feed\">\n      <feed-component\n        :feed-layout='{\"layout\":\"single_post_type\",\"postType\":\"grantee-resource\",\"enableFilters\":false}'\n        :translations='{\"Load Previous Insights\":\"Load Previous Insights\",\"Load More Insights\":\"Load More Insights\",\"No results to show\":\"N\\u00e3o h\\u00e1 resultados a apresentar\",\"Find out more\":\"Mais informa\\u00e7\\u00f5es\",\"Filter\":\"Filter\",\"Clear all filters\":\"Clear all filters\",\"All\":\"All\",\"Location\":\"Location\",\"Register\":\"Register\",\"Share\":\"Share\",\"Event\":\"Event\"}'\n        language-code='pt-pt'\n        title='' \/>\n    <\/section>\n\t\t\t\t<\/div>\n\t\t\t\t<\/div>\n\t\t\t\t\t<\/div>\n\t\t\t\t<\/div>\n\t\t\t\t<\/div>\n\t\t","protected":false},"excerpt":{"rendered":"<p>Recursos para organiza\u00e7\u00f5es contempladas Orienta\u00e7\u00f5es e outras informa\u00e7\u00f5es \u00fateis para os bolseiros e candidatos. Cr\u00e9dito da imagem: Salvador Aznar<\/p>\n","protected":false},"author":1,"featured_media":0,"parent":3428,"menu_order":0,"comment_status":"closed","ping_status":"closed","template":"","meta":{"_acf_changed":false,"footnotes":""},"class_list":["post-3410","page","type-page","status-publish","hentry"],"acf":[],"yoast_head":"<!-- This site is optimized with the Yoast SEO plugin v25.7 - https:\/\/yoast.com\/wordpress\/plugins\/seo\/ -->\n<title>Recursos para organiza\u00e7\u00f5es contempladas - Ocean Grant Programme<\/title>\n<meta name=\"description\" content=\"Orienta\u00e7\u00e3o, modelos e ferramentas para os benefici\u00e1rios do Programa de Subs\u00eddios OCEAN.\" \/>\n<meta name=\"robots\" content=\"index, follow, max-snippet:-1, max-image-preview:large, max-video-preview:-1\" \/>\n<link rel=\"canonical\" href=\"https:\/\/oceangrants.org.uk\/pt-pt\/recursos\/recursos-para-organizacoes-contempladas\/\" \/>\n<meta property=\"og:locale\" content=\"pt_PT\" \/>\n<meta property=\"og:type\" content=\"article\" \/>\n<meta property=\"og:title\" content=\"Recursos para organiza\u00e7\u00f5es contempladas - Ocean Grant Programme\" \/>\n<meta property=\"og:description\" content=\"Orienta\u00e7\u00e3o, modelos e ferramentas para os benefici\u00e1rios do Programa de Subs\u00eddios OCEAN.\" \/>\n<meta property=\"og:url\" content=\"https:\/\/oceangrants.org.uk\/pt-pt\/recursos\/recursos-para-organizacoes-contempladas\/\" \/>\n<meta property=\"og:site_name\" content=\"Ocean Grant Programme\" \/>\n<meta property=\"article:modified_time\" content=\"2026-02-16T11:52:11+00:00\" \/>\n<meta name=\"twitter:card\" content=\"summary_large_image\" \/>\n<script type=\"application\/ld+json\" class=\"yoast-schema-graph\">{\"@context\":\"https:\/\/schema.org\",\"@graph\":[{\"@type\":\"WebPage\",\"@id\":\"https:\/\/oceangrants.org.uk\/pt-pt\/recursos\/recursos-para-organizacoes-contempladas\/\",\"url\":\"https:\/\/oceangrants.org.uk\/pt-pt\/recursos\/recursos-para-organizacoes-contempladas\/\",\"name\":\"Recursos para organiza\u00e7\u00f5es contempladas - Ocean Grant Programme\",\"isPartOf\":{\"@id\":\"https:\/\/oceangrants.org.uk\/pt-pt\/#website\"},\"datePublished\":\"2024-02-14T16:28:05+00:00\",\"dateModified\":\"2026-02-16T11:52:11+00:00\",\"description\":\"Orienta\u00e7\u00e3o, modelos e ferramentas para os benefici\u00e1rios do Programa de Subs\u00eddios OCEAN.\",\"breadcrumb\":{\"@id\":\"https:\/\/oceangrants.org.uk\/pt-pt\/recursos\/recursos-para-organizacoes-contempladas\/#breadcrumb\"},\"inLanguage\":\"pt-PT\",\"potentialAction\":[{\"@type\":\"ReadAction\",\"target\":[\"https:\/\/oceangrants.org.uk\/pt-pt\/recursos\/recursos-para-organizacoes-contempladas\/\"]}]},{\"@type\":\"BreadcrumbList\",\"@id\":\"https:\/\/oceangrants.org.uk\/pt-pt\/recursos\/recursos-para-organizacoes-contempladas\/#breadcrumb\",\"itemListElement\":[{\"@type\":\"ListItem\",\"position\":1,\"name\":\"Home\",\"item\":\"https:\/\/oceangrants.org.uk\/pt-pt\/\"},{\"@type\":\"ListItem\",\"position\":2,\"name\":\"Recursos\",\"item\":\"https:\/\/oceangrants.org.uk\/pt-pt\/todas-las-perspectivas\/\"},{\"@type\":\"ListItem\",\"position\":3,\"name\":\"Recursos para organiza\u00e7\u00f5es contempladas\"}]},{\"@type\":\"WebSite\",\"@id\":\"https:\/\/oceangrants.org.uk\/pt-pt\/#website\",\"url\":\"https:\/\/oceangrants.org.uk\/pt-pt\/\",\"name\":\"Ocean Grant Programme\",\"description\":\"\",\"potentialAction\":[{\"@type\":\"SearchAction\",\"target\":{\"@type\":\"EntryPoint\",\"urlTemplate\":\"https:\/\/oceangrants.org.uk\/pt-pt\/?s={search_term_string}\"},\"query-input\":{\"@type\":\"PropertyValueSpecification\",\"valueRequired\":true,\"valueName\":\"search_term_string\"}}],\"inLanguage\":\"pt-PT\"}]}<\/script>\n<!-- \/ Yoast SEO plugin. -->","yoast_head_json":{"title":"Recursos para organiza\u00e7\u00f5es contempladas - Ocean Grant Programme","description":"Orienta\u00e7\u00e3o, modelos e ferramentas para os benefici\u00e1rios do Programa de Subs\u00eddios OCEAN.","robots":{"index":"index","follow":"follow","max-snippet":"max-snippet:-1","max-image-preview":"max-image-preview:large","max-video-preview":"max-video-preview:-1"},"canonical":"https:\/\/oceangrants.org.uk\/pt-pt\/recursos\/recursos-para-organizacoes-contempladas\/","og_locale":"pt_PT","og_type":"article","og_title":"Recursos para organiza\u00e7\u00f5es contempladas - Ocean Grant Programme","og_description":"Orienta\u00e7\u00e3o, modelos e ferramentas para os benefici\u00e1rios do Programa de Subs\u00eddios OCEAN.","og_url":"https:\/\/oceangrants.org.uk\/pt-pt\/recursos\/recursos-para-organizacoes-contempladas\/","og_site_name":"Ocean Grant Programme","article_modified_time":"2026-02-16T11:52:11+00:00","twitter_card":"summary_large_image","schema":{"@context":"https:\/\/schema.org","@graph":[{"@type":"WebPage","@id":"https:\/\/oceangrants.org.uk\/pt-pt\/recursos\/recursos-para-organizacoes-contempladas\/","url":"https:\/\/oceangrants.org.uk\/pt-pt\/recursos\/recursos-para-organizacoes-contempladas\/","name":"Recursos para organiza\u00e7\u00f5es contempladas - Ocean Grant Programme","isPartOf":{"@id":"https:\/\/oceangrants.org.uk\/pt-pt\/#website"},"datePublished":"2024-02-14T16:28:05+00:00","dateModified":"2026-02-16T11:52:11+00:00","description":"Orienta\u00e7\u00e3o, modelos e ferramentas para os benefici\u00e1rios do Programa de Subs\u00eddios OCEAN.","breadcrumb":{"@id":"https:\/\/oceangrants.org.uk\/pt-pt\/recursos\/recursos-para-organizacoes-contempladas\/#breadcrumb"},"inLanguage":"pt-PT","potentialAction":[{"@type":"ReadAction","target":["https:\/\/oceangrants.org.uk\/pt-pt\/recursos\/recursos-para-organizacoes-contempladas\/"]}]},{"@type":"BreadcrumbList","@id":"https:\/\/oceangrants.org.uk\/pt-pt\/recursos\/recursos-para-organizacoes-contempladas\/#breadcrumb","itemListElement":[{"@type":"ListItem","position":1,"name":"Home","item":"https:\/\/oceangrants.org.uk\/pt-pt\/"},{"@type":"ListItem","position":2,"name":"Recursos","item":"https:\/\/oceangrants.org.uk\/pt-pt\/todas-las-perspectivas\/"},{"@type":"ListItem","position":3,"name":"Recursos para organiza\u00e7\u00f5es contempladas"}]},{"@type":"WebSite","@id":"https:\/\/oceangrants.org.uk\/pt-pt\/#website","url":"https:\/\/oceangrants.org.uk\/pt-pt\/","name":"Ocean Grant Programme","description":"","potentialAction":[{"@type":"SearchAction","target":{"@type":"EntryPoint","urlTemplate":"https:\/\/oceangrants.org.uk\/pt-pt\/?s={search_term_string}"},"query-input":{"@type":"PropertyValueSpecification","valueRequired":true,"valueName":"search_term_string"}}],"inLanguage":"pt-PT"}]}},"_links":{"self":[{"href":"https:\/\/oceangrants.org.uk\/pt-pt\/wp-json\/wp\/v2\/pages\/3410","targetHints":{"allow":["GET"]}}],"collection":[{"href":"https:\/\/oceangrants.org.uk\/pt-pt\/wp-json\/wp\/v2\/pages"}],"about":[{"href":"https:\/\/oceangrants.org.uk\/pt-pt\/wp-json\/wp\/v2\/types\/page"}],"author":[{"embeddable":true,"href":"https:\/\/oceangrants.org.uk\/pt-pt\/wp-json\/wp\/v2\/users\/1"}],"replies":[{"embeddable":true,"href":"https:\/\/oceangrants.org.uk\/pt-pt\/wp-json\/wp\/v2\/comments?post=3410"}],"version-history":[{"count":22,"href":"https:\/\/oceangrants.org.uk\/pt-pt\/wp-json\/wp\/v2\/pages\/3410\/revisions"}],"predecessor-version":[{"id":10085,"href":"https:\/\/oceangrants.org.uk\/pt-pt\/wp-json\/wp\/v2\/pages\/3410\/revisions\/10085"}],"up":[{"embeddable":true,"href":"https:\/\/oceangrants.org.uk\/pt-pt\/wp-json\/wp\/v2\/pages\/3428"}],"wp:attachment":[{"href":"https:\/\/oceangrants.org.uk\/pt-pt\/wp-json\/wp\/v2\/media?parent=3410"}],"curies":[{"name":"wp","href":"https:\/\/api.w.org\/{rel}","templated":true}]}}