{"id":4308,"date":"2023-11-06T13:06:07","date_gmt":"2023-11-06T13:06:07","guid":{"rendered":"https:\/\/oceangrants.org.uk\/?page_id=4308"},"modified":"2026-02-16T11:47:41","modified_gmt":"2026-02-16T11:47:41","slug":"aviso-de-privacidade","status":"publish","type":"page","link":"https:\/\/oceangrants.org.uk\/pt-pt\/aviso-de-privacidade\/","title":{"rendered":"Aviso de privacidade"},"content":{"rendered":"\n<p>O objetivo deste Aviso de Privacidade \u00e9 dar informa\u00e7\u00f5es sobre o uso que ser\u00e1 feito de seus dados pessoais em conex\u00e3o com o Programa de Subs\u00eddios para o Fortalecimento de Comunidades e Natureza do Oceano.<\/p>\n\n\n\n<h2 class=\"wp-block-heading\">1. Quem est\u00e1 coletando meus dados pessoais?<\/h2>\n\n\n\n<p>O controlador de dados \u00e9 o Minist\u00e9rio do Meio Ambiente, da Alimenta\u00e7\u00e3o e dos Assuntos Rurais (Defra) do Reino Unido. Voc\u00ea pode entrar em contato com o Oficial de Prote\u00e7\u00e3o de Dados do Defra pelos seguintes meios:<\/p>\n\n\n\n<p><em>Endere\u00e7o:<\/em> Defra Group Data Protection Officer, Department for Environment, Food and Rural Affairs, SW Quarter, 2nd floor, Seacole Block, 2 Marsham Street, London SW1P 4DF.<br><em>E-mail:<\/em> <a href=\"mailto:DefraGroupDataProtectionOfficer@defra.gov.uk\">DefraGroupDataProtectionOfficer@defra.gov.uk<\/a><\/p>\n\n\n\n<p>Todas as d\u00favidas sobre o uso que fazemos dos seus dados pessoais e seus direitos associados devem ser enviadas para o contato acima.<\/p>\n\n\n\n<h2 class=\"wp-block-heading\">2. Quais tipos de dados pessoais est\u00e3o sendo coletados, e como eles s\u00e3o usados? Qual o fundamento jur\u00eddico para o processamento?<\/h2>\n\n\n\n<p>O termo \u201cdados pessoais\u201d descreve qualquer informa\u00e7\u00e3o sobre um indiv\u00edduo a partir da qual essa pessoa possa ser identificada.<\/p>\n\n\n\n<p>O Defra pode coletar seu nome, endere\u00e7o, e-mail, n\u00famero de telefone, dados do Skype, cargo e detalhes de sua experi\u00eancia profissional e organiza\u00e7\u00e3o. O Defra usar\u00e1 esses dados pessoais com a finalidade de processar a candidatura da sua organiza\u00e7\u00e3o ao Programa de Subs\u00eddios OCEAN e para a administra\u00e7\u00e3o, a avalia\u00e7\u00e3o, o monitoramento e a divulga\u00e7\u00e3o dos fundos. O processamento desses dados \u00e9 necess\u00e1rio para a execu\u00e7\u00e3o de uma tarefa realizada no interesse p\u00fablico ou no exerc\u00edcio da autoridade oficial conferida ao Defra sob a Se\u00e7\u00e3o 153 da Lei de Prote\u00e7\u00e3o Ambiental de 1990 e a Lei de Desenvolvimento Internacional de 2002 do Reino Unido.<\/p>\n\n\n\n<p>Se voc\u00ea for o l\u00edder do projeto em rela\u00e7\u00e3o a uma candidatura bem-sucedida, gostar\u00edamos de incluir seu nome em nosso site listado abaixo. Processaremos isso com base em uma tarefa p\u00fablica (Artigo 6(1)(e)).<\/p>\n\n\n\n<p><a href=\"http:\/\/www.ocean-grants.org.uk\">www.ocean-grants.org.uk<\/a><\/p>\n\n\n\n<p>Tamb\u00e9m gostar\u00edamos de incluir seu endere\u00e7o de e-mail na lista de e-mails relevantes para permitir que o Programa de Subs\u00eddios OCEAN lhe envie certos comunicados relacionados a detalhes sobre o fundo, boletins informativos, eventos e comunica\u00e7\u00f5es gerais sobre o fundo. Processaremos isso com base em uma tarefa p\u00fablica (Artigo 6(1)(e)).<\/p>\n\n\n\n<p>Podemos ser obrigados a divulgar dados em determinadas circunst\u00e2ncias para cumprir obriga\u00e7\u00f5es legais impostas a n\u00f3s, inclusive nos termos das Normas de Informa\u00e7\u00f5es Ambientais de 2004 e da Lei de Liberdade de Informa\u00e7\u00e3o de 2000.<\/p>\n\n\n\n<h2 class=\"wp-block-heading\">3. Com quem meus dados pessoais ser\u00e3o compartilhados?<\/h2>\n\n\n\n<p>Para fins de administra\u00e7\u00e3o, monitoramento e avalia\u00e7\u00e3o da sua candidatura e, se a candidatura for aprovada, do subs\u00eddio, seus dados pessoais poder\u00e3o ser compartilhados por n\u00f3s com:<\/p>\n\n\n\n<ul class=\"wp-block-list\">\n<li>nossa Administradora de Subs\u00eddios (atualmente NIRAS Group UK ou outra entidade similar, caso se estabele\u00e7a uma nova Gestora de Fundos);<\/li>\n\n\n\n<li>Programa de Subs\u00eddios OCEAN \u2013 Grupos de Especialistas (Comit\u00ea de Especialistas do OCEAN), conforme apropriado;<\/li>\n\n\n\n<li>outros \u00f3rg\u00e3os governamentais (incluindo Minist\u00e9rio das Rela\u00e7\u00f5es Exteriores, da Commonwealth e do Desenvolvimento, Gabinete, Guarda For\u00e7a de Controle de Fronteiras, Minist\u00e9rio do Interior, Minist\u00e9rio da Defesa);<\/li>\n\n\n\n<li>quando aplic\u00e1vel, Governos de Territ\u00f3rios Ultramarinos do Reino Unido;<\/li>\n\n\n\n<li>especialistas externos para avaliar a adequa\u00e7\u00e3o da candidatura ao financiamento, para analisar o andamento do seu projeto ou o andamento do programa; e<\/li>\n\n\n\n<li>prestadores de servi\u00e7os de TI para fins de gerenciamento do nosso site, se voc\u00ea der seu consentimento para incluirmos seus dados pessoais em nosso site.<\/li>\n<\/ul>\n\n\n\n<h2 class=\"wp-block-heading\">4. Por quanto tempo meus dados pessoais ser\u00e3o mantidos?<\/h2>\n\n\n\n<p>Seus dados financeiros pessoais ser\u00e3o mantidos por n\u00f3s por um per\u00edodo de at\u00e9 7 anos ap\u00f3s o t\u00e9rmino do projeto, de acordo com o per\u00edodo de reten\u00e7\u00e3o de informa\u00e7\u00f5es financeiras, pois isso pode ser necess\u00e1rio para fins de auditoria.<\/p>\n\n\n\n<p>Os dados pessoais fornecidos nos formul\u00e1rios de candidatura e nos formul\u00e1rios de relat\u00f3rio podem ser mantidos por um per\u00edodo de 15 anos ou mais para fins de avalia\u00e7\u00e3o independente e avalia\u00e7\u00e3o do programa.<\/p>\n\n\n\n<h2 class=\"wp-block-heading\">5. O que acontecer\u00e1 se eu n\u00e3o fornecer os dados pessoais?<\/h2>\n\n\n\n<p>O n\u00e3o fornecimento dos dados pessoais solicitados no formul\u00e1rio de candidatura para subs\u00eddios impediria a avalia\u00e7\u00e3o adequada da candidatura de sua organiza\u00e7\u00e3o e a administra\u00e7\u00e3o do subs\u00eddio e, portanto, o tornaria inv\u00e1lido.<\/p>\n\n\n\n<h2 class=\"wp-block-heading\">6. Meus dados pessoais ser\u00e3o usados para decis\u00f5es automatizadas ou perfilamento?<\/h2>\n\n\n\n<p>As informa\u00e7\u00f5es que voc\u00ea fornecer n\u00e3o estar\u00e3o sujeitas a decis\u00f5es automatizadas (decis\u00f5es tomadas exclusivamente por meios automatizados, sem qualquer envolvimento humano) ou a perfilamento (processamento automatizado de dados pessoais para avaliar determinados aspectos de um indiv\u00edduo).<\/p>\n\n\n\n<h2 class=\"wp-block-heading\">7. Meus dados pessoais ser\u00e3o transferidos para fora do EEE? Se isso acontecer, como ser\u00e3o protegidos?<\/h2>\n\n\n\n<p>Podemos enviar dados pessoais inclu\u00eddos nas propostas de projetos para as partes listadas na Se\u00e7\u00e3o 3 acima, incluindo aquelas fora do Espa\u00e7o Econ\u00f4mico Europeu para um pa\u00eds sem uma decis\u00e3o quanto a adequa\u00e7\u00e3o. O objetivo desse envio seria o apoio \u00e0 administra\u00e7\u00e3o, ao monitoramento e \u00e0 avalia\u00e7\u00e3o da sua candidatura e, se a candidatura for aprovada, do subs\u00eddio.<\/p>\n\n\n\n<p>Antes de transferir seus dados pessoais para um pa\u00eds para o qual n\u00e3o haja decis\u00e3o quanto a adequa\u00e7\u00e3o, garantiremos a exist\u00eancia de salvaguardas adequadas.<\/p>\n\n\n\n<p>Caso deseje mais informa\u00e7\u00f5es sobre essas salvaguardas, entre em contato com o Oficial de Prote\u00e7\u00e3o de Dados do Defra.<\/p>\n\n\n\n<h2 class=\"wp-block-heading\">8. Quais s\u00e3o meus direitos?<\/h2>\n\n\n\n<p>Uma lista de seus direitos de acordo com o Regulamento Geral de Prote\u00e7\u00e3o de Dados e a Lei de Prote\u00e7\u00e3o de Dados de 2018 (DPA 2018) pode ser acessada em: <a href=\"https:\/\/ico.org.uk\/for-organisations\/guide-to-the-general-data-protection-regulation-gdpr\/individual-rights\/\">https:\/\/ico.org.uk\/for-organisations\/guide-to-the-general-data-protection-regulation-gdpr\/individual-rights\/<\/a><\/p>\n\n\n\n<h2 class=\"wp-block-heading\">9. Como posso fazer uma queixa?<\/h2>\n\n\n\n<p>Em primeiro lugar, voc\u00ea deve mencionar quaisquer preocupa\u00e7\u00f5es com o Oficial de Prote\u00e7\u00e3o de Dados do Defra.<\/p>\n\n\n\n<p>Voc\u00ea tamb\u00e9m tem o direito de apresentar uma queixa ao ICO (Information Commissioners Office) (autoridade de supervis\u00e3o) a qualquer momento. Caso queira exercer esse direito, os detalhes completos est\u00e3o dispon\u00edveis em: <a href=\"https:\/\/ico.org.uk\/for-organisations\/guide-to-the-general-data-protection-regulation-gdpr\/individual-rights\/\">https:\/\/ico.org.uk\/for-organisations\/guide-to-the-general-data-protection-regulation-gdpr\/individual-rights\/<\/a><\/p>\n\n\n\n<h2 class=\"wp-block-heading\">10. Estatuto de Informa\u00e7\u00f5es Pessoais<\/h2>\n\n\n\n<p>Para obter mais informa\u00e7\u00f5es sobre como o Defra processa seus dados pessoais, consulte o Estatuto de Informa\u00e7\u00f5es Pessoais do Defra no seguinte endere\u00e7o: <a href=\"http:\/\/www.gov.uk\/government\/organisations\/department-for-environment-food-rural-affairs\/about\/personal-information-charter\">www.gov.uk\/government\/organisations\/department-for-environment-food-rural-affairs\/about\/personal-information-charter<\/a><\/p>\n\n\n\n<p>Se n\u00e3o tiver acesso \u00e0 Internet, ligue para a linha de ajuda do Defra +44 (0)8459 33 55 77 e pe\u00e7a para falar com o Oficial de Prote\u00e7\u00e3o de Dados (\u201cData Protection Officer\u201d) para obter uma c\u00f3pia do Estatuto de Informa\u00e7\u00f5es (\u201cInformation Charter\u201d).<\/p>\n","protected":false},"excerpt":{"rendered":"<p>O objetivo deste Aviso de Privacidade \u00e9 dar informa\u00e7\u00f5es sobre o uso que ser\u00e1 feito de seus dados pessoais em conex\u00e3o com o Programa de Subs\u00eddios para o Fortalecimento de Comunidades e Natureza do Oceano. 1. Quem est\u00e1 coletando meus dados pessoais? O controlador de dados \u00e9 o Minist\u00e9rio do Meio Ambiente, da Alimenta\u00e7\u00e3o e [&hellip;]<\/p>\n","protected":false},"author":1,"featured_media":0,"parent":0,"menu_order":0,"comment_status":"closed","ping_status":"open","template":"","meta":{"_acf_changed":false,"footnotes":""},"class_list":["post-4308","page","type-page","status-publish","hentry"],"acf":[],"yoast_head":"<!-- This site is optimized with the Yoast SEO plugin v25.7 - https:\/\/yoast.com\/wordpress\/plugins\/seo\/ -->\n<title>Aviso de privacidade - Ocean Grant Programme<\/title>\n<meta name=\"description\" content=\"Como os seus dados s\u00e3o utilizados, armazenados e partilhados em rela\u00e7\u00e3o ao Programa de Subs\u00eddios OCEAN.\" \/>\n<meta name=\"robots\" content=\"index, follow, max-snippet:-1, max-image-preview:large, max-video-preview:-1\" \/>\n<link rel=\"canonical\" href=\"https:\/\/oceangrants.org.uk\/pt-pt\/aviso-de-privacidade\/\" \/>\n<meta property=\"og:locale\" content=\"pt_PT\" \/>\n<meta property=\"og:type\" content=\"article\" \/>\n<meta property=\"og:title\" content=\"Aviso de privacidade - Ocean Grant Programme\" \/>\n<meta property=\"og:description\" content=\"Como os seus dados s\u00e3o utilizados, armazenados e partilhados em rela\u00e7\u00e3o ao Programa de Subs\u00eddios OCEAN.\" \/>\n<meta property=\"og:url\" content=\"https:\/\/oceangrants.org.uk\/pt-pt\/aviso-de-privacidade\/\" \/>\n<meta property=\"og:site_name\" content=\"Ocean Grant Programme\" \/>\n<meta property=\"article:modified_time\" content=\"2026-02-16T11:47:41+00:00\" \/>\n<meta name=\"twitter:card\" content=\"summary_large_image\" \/>\n<meta name=\"twitter:label1\" content=\"Est. reading time\" \/>\n\t<meta name=\"twitter:data1\" content=\"5 minutes\" \/>\n<script type=\"application\/ld+json\" class=\"yoast-schema-graph\">{\"@context\":\"https:\/\/schema.org\",\"@graph\":[{\"@type\":\"WebPage\",\"@id\":\"https:\/\/oceangrants.org.uk\/pt-pt\/aviso-de-privacidade\/\",\"url\":\"https:\/\/oceangrants.org.uk\/pt-pt\/aviso-de-privacidade\/\",\"name\":\"Aviso de privacidade - Ocean Grant Programme\",\"isPartOf\":{\"@id\":\"https:\/\/oceangrants.org.uk\/pt-pt\/#website\"},\"datePublished\":\"2023-11-06T13:06:07+00:00\",\"dateModified\":\"2026-02-16T11:47:41+00:00\",\"description\":\"Como os seus dados s\u00e3o utilizados, armazenados e partilhados em rela\u00e7\u00e3o ao Programa de Subs\u00eddios OCEAN.\",\"breadcrumb\":{\"@id\":\"https:\/\/oceangrants.org.uk\/pt-pt\/aviso-de-privacidade\/#breadcrumb\"},\"inLanguage\":\"pt-PT\",\"potentialAction\":[{\"@type\":\"ReadAction\",\"target\":[\"https:\/\/oceangrants.org.uk\/pt-pt\/aviso-de-privacidade\/\"]}]},{\"@type\":\"BreadcrumbList\",\"@id\":\"https:\/\/oceangrants.org.uk\/pt-pt\/aviso-de-privacidade\/#breadcrumb\",\"itemListElement\":[{\"@type\":\"ListItem\",\"position\":1,\"name\":\"Home\",\"item\":\"https:\/\/oceangrants.org.uk\/pt-pt\/\"},{\"@type\":\"ListItem\",\"position\":2,\"name\":\"Aviso de privacidade\"}]},{\"@type\":\"WebSite\",\"@id\":\"https:\/\/oceangrants.org.uk\/pt-pt\/#website\",\"url\":\"https:\/\/oceangrants.org.uk\/pt-pt\/\",\"name\":\"Ocean Grant Programme\",\"description\":\"\",\"potentialAction\":[{\"@type\":\"SearchAction\",\"target\":{\"@type\":\"EntryPoint\",\"urlTemplate\":\"https:\/\/oceangrants.org.uk\/pt-pt\/?s={search_term_string}\"},\"query-input\":{\"@type\":\"PropertyValueSpecification\",\"valueRequired\":true,\"valueName\":\"search_term_string\"}}],\"inLanguage\":\"pt-PT\"}]}<\/script>\n<!-- \/ Yoast SEO plugin. -->","yoast_head_json":{"title":"Aviso de privacidade - Ocean Grant Programme","description":"Como os seus dados s\u00e3o utilizados, armazenados e partilhados em rela\u00e7\u00e3o ao Programa de Subs\u00eddios OCEAN.","robots":{"index":"index","follow":"follow","max-snippet":"max-snippet:-1","max-image-preview":"max-image-preview:large","max-video-preview":"max-video-preview:-1"},"canonical":"https:\/\/oceangrants.org.uk\/pt-pt\/aviso-de-privacidade\/","og_locale":"pt_PT","og_type":"article","og_title":"Aviso de privacidade - Ocean Grant Programme","og_description":"Como os seus dados s\u00e3o utilizados, armazenados e partilhados em rela\u00e7\u00e3o ao Programa de Subs\u00eddios OCEAN.","og_url":"https:\/\/oceangrants.org.uk\/pt-pt\/aviso-de-privacidade\/","og_site_name":"Ocean Grant Programme","article_modified_time":"2026-02-16T11:47:41+00:00","twitter_card":"summary_large_image","twitter_misc":{"Est. reading time":"5 minutes"},"schema":{"@context":"https:\/\/schema.org","@graph":[{"@type":"WebPage","@id":"https:\/\/oceangrants.org.uk\/pt-pt\/aviso-de-privacidade\/","url":"https:\/\/oceangrants.org.uk\/pt-pt\/aviso-de-privacidade\/","name":"Aviso de privacidade - Ocean Grant Programme","isPartOf":{"@id":"https:\/\/oceangrants.org.uk\/pt-pt\/#website"},"datePublished":"2023-11-06T13:06:07+00:00","dateModified":"2026-02-16T11:47:41+00:00","description":"Como os seus dados s\u00e3o utilizados, armazenados e partilhados em rela\u00e7\u00e3o ao Programa de Subs\u00eddios OCEAN.","breadcrumb":{"@id":"https:\/\/oceangrants.org.uk\/pt-pt\/aviso-de-privacidade\/#breadcrumb"},"inLanguage":"pt-PT","potentialAction":[{"@type":"ReadAction","target":["https:\/\/oceangrants.org.uk\/pt-pt\/aviso-de-privacidade\/"]}]},{"@type":"BreadcrumbList","@id":"https:\/\/oceangrants.org.uk\/pt-pt\/aviso-de-privacidade\/#breadcrumb","itemListElement":[{"@type":"ListItem","position":1,"name":"Home","item":"https:\/\/oceangrants.org.uk\/pt-pt\/"},{"@type":"ListItem","position":2,"name":"Aviso de privacidade"}]},{"@type":"WebSite","@id":"https:\/\/oceangrants.org.uk\/pt-pt\/#website","url":"https:\/\/oceangrants.org.uk\/pt-pt\/","name":"Ocean Grant Programme","description":"","potentialAction":[{"@type":"SearchAction","target":{"@type":"EntryPoint","urlTemplate":"https:\/\/oceangrants.org.uk\/pt-pt\/?s={search_term_string}"},"query-input":{"@type":"PropertyValueSpecification","valueRequired":true,"valueName":"search_term_string"}}],"inLanguage":"pt-PT"}]}},"_links":{"self":[{"href":"https:\/\/oceangrants.org.uk\/pt-pt\/wp-json\/wp\/v2\/pages\/4308","targetHints":{"allow":["GET"]}}],"collection":[{"href":"https:\/\/oceangrants.org.uk\/pt-pt\/wp-json\/wp\/v2\/pages"}],"about":[{"href":"https:\/\/oceangrants.org.uk\/pt-pt\/wp-json\/wp\/v2\/types\/page"}],"author":[{"embeddable":true,"href":"https:\/\/oceangrants.org.uk\/pt-pt\/wp-json\/wp\/v2\/users\/1"}],"replies":[{"embeddable":true,"href":"https:\/\/oceangrants.org.uk\/pt-pt\/wp-json\/wp\/v2\/comments?post=4308"}],"version-history":[{"count":1,"href":"https:\/\/oceangrants.org.uk\/pt-pt\/wp-json\/wp\/v2\/pages\/4308\/revisions"}],"predecessor-version":[{"id":4309,"href":"https:\/\/oceangrants.org.uk\/pt-pt\/wp-json\/wp\/v2\/pages\/4308\/revisions\/4309"}],"wp:attachment":[{"href":"https:\/\/oceangrants.org.uk\/pt-pt\/wp-json\/wp\/v2\/media?parent=4308"}],"curies":[{"name":"wp","href":"https:\/\/api.w.org\/{rel}","templated":true}]}}